{"id":9394,"date":"2020-04-03T13:29:05","date_gmt":"2020-04-03T13:29:05","guid":{"rendered":"http:\/\/cotizator.com\/us\/?page_id=9394"},"modified":"2024-03-12T14:45:20","modified_gmt":"2024-03-12T14:45:20","slug":"seguros","status":"publish","type":"page","link":"https:\/\/cotizator.com\/us\/seguros\/","title":{"rendered":"Seguros"},"content":{"rendered":"<p>Si te has mudado recientemente a Estados Unidos o incluso, si est\u00e1s pensando hacerlo, es importante que conozcas algunos par\u00e1metros, caracter\u00edsticas especiales y m\u00e1s a cerca de como funcionan lo Seguros dentro de US. Un seguro es un <strong>medio o forma de cobertura ante un riesgo<\/strong>. Los riesgos son asumidos directamente por una aseguradora; estas entidades son las encargadas de garantizar la indemnizaci\u00f3n de los perjudicados ante un evento inesperado de la vida.\u00a0 Algunas de las acciones que se pueden llevar a cabo como forma de protecci\u00f3n por una aseguradora son:<\/p>\n<ul>\n<li><strong>Prevenir<\/strong> la aparici\u00f3n de situaciones que causen da\u00f1os f\u00edsicos y materiales.<\/li>\n<li><strong>Mantener<\/strong> los bienes personales en condiciones \u00f3ptimas.<\/li>\n<li><strong>Indemnizar<\/strong> a los afectados.<\/li>\n<\/ul>\n<p>Al vivir de forma permanente en US necesitas adquirir un seguro. Por lo general, la manera m\u00e1s sencilla de lograrlo es a trav\u00e9s de tu empleo. M\u00e1s del 55% de la poblaci\u00f3n en Estados Unidos cuenta con un seguro a trav\u00e9s de la empresa en la cual trabaja. Si tu trabajo ofrece seguro m\u00e9dico o de vida puedes inscribir a tus familiares directos. Esto \u00faltimo aplica para esposo\/a, e hijos (estos \u00faltimos hasta que cumplan 26 a\u00f1os).<\/p>\n<p>Si no puedes adquirir un seguro a trav\u00e9s de tu empleo, existen otros organismos que pueden ayudarte. Por ejemplo, Medicaid es una entidad financiada por los gobiernos estatales y federales para la gente de bajos recursos. Tambi\u00e9n, existe Medicare que es el sistema para las personas mayores de 65 a\u00f1os y\u00a0 personas discapacitadas.<\/p>\n<p>Por otro lado, si consideras que no cumples con ning\u00fan requisito para ingresar en un programa de asegurados, deber\u00e1s considerar adquirirlo de forma privada. En US <strong>es obligatorio contar con un seguro de Salud y Vida<\/strong>; de lo contrario, tendr\u00e1s una multa a la hora de presentar tu declaraci\u00f3n de impuestos federales cada a\u00f1o.<\/p>\n<p>En Cotizador, nos especializamos en brindar <strong>informaci\u00f3n \u00fatil<\/strong> para que puedas elegir el seguro que mejor se adapte a tu estilo de vida. Adem\u00e1s ofrecemos un <a href=\"https:\/\/cotizator.com\/us\/cotizador-seguros-gratis\/\" target=\"_blank\" rel=\"noopener noreferrer\">cotizador de seguros gratuito<\/a> que te ayudar\u00e1 a realizar una sabia elecci\u00f3n; con esta herramienta, podr\u00e1s comparar seguros de auto, calcular y rastrear <a href=\"https:\/\/cotizator.com\/us\/seguros-vida-usa\/\" target=\"_blank\" rel=\"noopener noreferrer\">seguros de vida<\/a>, <a href=\"https:\/\/cotizator.com\/us\/seguros-salud-usa\/\">p\u00f3lizas de salud<\/a>, <a href=\"https:\/\/cotizator.com\/us\/seguros-moto-usa\/\" target=\"_blank\" rel=\"noopener noreferrer\">motocicletas<\/a> y m\u00e1s categor\u00edas que ofrece US.<\/p>\n<h2>Mejores Compa\u00f1\u00edas de Seguros en Estados Unidos<\/h2>\n","protected":false},"excerpt":{"rendered":"<p>Seleccionar, compara y cotiza seguros en l\u00ednea de Estados Unidos. Te indicamos qu\u00e9 aseguradoras ofrecen atenci\u00f3n al cliente en espa\u00f1ol. Estos son los mejores seguros que hemos encontrado para residentes en USA.<\/p>\n","protected":false},"author":2,"featured_media":0,"parent":0,"menu_order":0,"comment_status":"closed","ping_status":"closed","template":"listado.php","meta":{"footnotes":""},"categories":[3],"tags":[],"yoast_head":"<!-- This site is optimized with the Yoast SEO plugin v22.3 - https:\/\/yoast.com\/wordpress\/plugins\/seo\/ -->\n<title>Seguros y Aseguradoras de Estados Unidos en Espa\u00f1ol [2026 ]<\/title>\n<meta name=\"description\" content=\"Compara y cotiza los mejores seguros de Estados Unidos. Toda la informaci\u00f3n en espa\u00f1ol de costos, caracter\u00edsticas y requisitos para obtenerlos\" \/>\n<meta name=\"robots\" content=\"index, follow, max-snippet:-1, max-image-preview:large, max-video-preview:-1\" \/>\n<link rel=\"canonical\" href=\"https:\/\/cotizator.com\/us\/seguros\/\" \/>\n<meta property=\"og:locale\" content=\"es_ES\" \/>\n<meta property=\"og:type\" content=\"article\" \/>\n<meta property=\"og:title\" content=\"Seguros y Aseguradoras de Estados Unidos en Espa\u00f1ol [2026 ]\" \/>\n<meta property=\"og:description\" content=\"Compara y cotiza los mejores seguros de Estados Unidos. Toda la informaci\u00f3n en espa\u00f1ol de costos, caracter\u00edsticas y requisitos para obtenerlos\" \/>\n<meta property=\"og:url\" content=\"https:\/\/cotizator.com\/us\/seguros\/\" \/>\n<meta property=\"og:site_name\" content=\"Cotizator USA\" \/>\n<meta property=\"article:publisher\" content=\"https:\/\/www.facebook.com\/cotizator\/\" \/>\n<meta property=\"article:modified_time\" content=\"2024-03-12T14:45:20+00:00\" \/>\n<meta name=\"twitter:card\" content=\"summary_large_image\" \/>\n<meta name=\"twitter:site\" content=\"@cotizator\" \/>\n<meta name=\"twitter:label1\" content=\"Tiempo de lectura\" \/>\n\t<meta name=\"twitter:data1\" content=\"2 minutos\" \/>\n<script type=\"application\/ld+json\" class=\"yoast-schema-graph\">{\"@context\":\"https:\/\/schema.org\",\"@graph\":[{\"@type\":\"WebPage\",\"@id\":\"https:\/\/cotizator.com\/us\/seguros\/\",\"url\":\"https:\/\/cotizator.com\/us\/seguros\/\",\"name\":\"Seguros y Aseguradoras de Estados Unidos en Espa\u00f1ol [2026 ]\",\"isPartOf\":{\"@id\":\"https:\/\/cotizator.com\/us\/#website\"},\"datePublished\":\"2020-04-03T13:29:05+00:00\",\"dateModified\":\"2024-03-12T14:45:20+00:00\",\"description\":\"Compara y cotiza los mejores seguros de Estados Unidos. Toda la informaci\u00f3n en espa\u00f1ol de costos, caracter\u00edsticas y requisitos para obtenerlos\",\"breadcrumb\":{\"@id\":\"https:\/\/cotizator.com\/us\/seguros\/#breadcrumb\"},\"inLanguage\":\"es\",\"potentialAction\":[{\"@type\":\"ReadAction\",\"target\":[\"https:\/\/cotizator.com\/us\/seguros\/\"]}]},{\"@type\":\"BreadcrumbList\",\"@id\":\"https:\/\/cotizator.com\/us\/seguros\/#breadcrumb\",\"itemListElement\":[{\"@type\":\"ListItem\",\"position\":1,\"name\":\"Home\",\"item\":\"https:\/\/cotizator.com\/us\/\"},{\"@type\":\"ListItem\",\"position\":2,\"name\":\"Seguros\"}]},{\"@type\":\"WebSite\",\"@id\":\"https:\/\/cotizator.com\/us\/#website\",\"url\":\"https:\/\/cotizator.com\/us\/\",\"name\":\"Cotizator USA\",\"description\":\"Cotizador de Seguros en Espa\u00f1ol\",\"potentialAction\":[{\"@type\":\"SearchAction\",\"target\":{\"@type\":\"EntryPoint\",\"urlTemplate\":\"https:\/\/cotizator.com\/us\/?s={search_term_string}\"},\"query-input\":\"required name=search_term_string\"}],\"inLanguage\":\"es\"}]}<\/script>\n<!-- \/ Yoast SEO plugin. -->","yoast_head_json":{"title":"Seguros y Aseguradoras de Estados Unidos en Espa\u00f1ol [2026 ]","description":"Compara y cotiza los mejores seguros de Estados Unidos. Toda la informaci\u00f3n en espa\u00f1ol de costos, caracter\u00edsticas y requisitos para obtenerlos","robots":{"index":"index","follow":"follow","max-snippet":"max-snippet:-1","max-image-preview":"max-image-preview:large","max-video-preview":"max-video-preview:-1"},"canonical":"https:\/\/cotizator.com\/us\/seguros\/","og_locale":"es_ES","og_type":"article","og_title":"Seguros y Aseguradoras de Estados Unidos en Espa\u00f1ol [2026 ]","og_description":"Compara y cotiza los mejores seguros de Estados Unidos. Toda la informaci\u00f3n en espa\u00f1ol de costos, caracter\u00edsticas y requisitos para obtenerlos","og_url":"https:\/\/cotizator.com\/us\/seguros\/","og_site_name":"Cotizator USA","article_publisher":"https:\/\/www.facebook.com\/cotizator\/","article_modified_time":"2024-03-12T14:45:20+00:00","twitter_card":"summary_large_image","twitter_site":"@cotizator","twitter_misc":{"Tiempo de lectura":"2 minutos"},"schema":{"@context":"https:\/\/schema.org","@graph":[{"@type":"WebPage","@id":"https:\/\/cotizator.com\/us\/seguros\/","url":"https:\/\/cotizator.com\/us\/seguros\/","name":"Seguros y Aseguradoras de Estados Unidos en Espa\u00f1ol [2026 ]","isPartOf":{"@id":"https:\/\/cotizator.com\/us\/#website"},"datePublished":"2020-04-03T13:29:05+00:00","dateModified":"2024-03-12T14:45:20+00:00","description":"Compara y cotiza los mejores seguros de Estados Unidos. Toda la informaci\u00f3n en espa\u00f1ol de costos, caracter\u00edsticas y requisitos para obtenerlos","breadcrumb":{"@id":"https:\/\/cotizator.com\/us\/seguros\/#breadcrumb"},"inLanguage":"es","potentialAction":[{"@type":"ReadAction","target":["https:\/\/cotizator.com\/us\/seguros\/"]}]},{"@type":"BreadcrumbList","@id":"https:\/\/cotizator.com\/us\/seguros\/#breadcrumb","itemListElement":[{"@type":"ListItem","position":1,"name":"Home","item":"https:\/\/cotizator.com\/us\/"},{"@type":"ListItem","position":2,"name":"Seguros"}]},{"@type":"WebSite","@id":"https:\/\/cotizator.com\/us\/#website","url":"https:\/\/cotizator.com\/us\/","name":"Cotizator USA","description":"Cotizador de Seguros en Espa\u00f1ol","potentialAction":[{"@type":"SearchAction","target":{"@type":"EntryPoint","urlTemplate":"https:\/\/cotizator.com\/us\/?s={search_term_string}"},"query-input":"required name=search_term_string"}],"inLanguage":"es"}]}},"_links":{"self":[{"href":"https:\/\/cotizator.com\/us\/wp-json\/wp\/v2\/pages\/9394"}],"collection":[{"href":"https:\/\/cotizator.com\/us\/wp-json\/wp\/v2\/pages"}],"about":[{"href":"https:\/\/cotizator.com\/us\/wp-json\/wp\/v2\/types\/page"}],"author":[{"embeddable":true,"href":"https:\/\/cotizator.com\/us\/wp-json\/wp\/v2\/users\/2"}],"replies":[{"embeddable":true,"href":"https:\/\/cotizator.com\/us\/wp-json\/wp\/v2\/comments?post=9394"}],"version-history":[{"count":14,"href":"https:\/\/cotizator.com\/us\/wp-json\/wp\/v2\/pages\/9394\/revisions"}],"predecessor-version":[{"id":17018,"href":"https:\/\/cotizator.com\/us\/wp-json\/wp\/v2\/pages\/9394\/revisions\/17018"}],"wp:attachment":[{"href":"https:\/\/cotizator.com\/us\/wp-json\/wp\/v2\/media?parent=9394"}],"wp:term":[{"taxonomy":"category","embeddable":true,"href":"https:\/\/cotizator.com\/us\/wp-json\/wp\/v2\/categories?post=9394"},{"taxonomy":"post_tag","embeddable":true,"href":"https:\/\/cotizator.com\/us\/wp-json\/wp\/v2\/tags?post=9394"}],"curies":[{"name":"wp","href":"https:\/\/api.w.org\/{rel}","templated":true}]}}