{"id":9388,"date":"2020-01-22T21:30:27","date_gmt":"2020-01-22T21:30:27","guid":{"rendered":"http:\/\/cotizator.com\/us\/?page_id=9388"},"modified":"2020-02-10T15:06:24","modified_gmt":"2020-02-10T15:06:24","slug":"gracias-cotizar-tarjeta","status":"publish","type":"page","link":"https:\/\/cotizator.com\/us\/cotizador-de-tarjetas-de-credito-y-debito\/gracias-cotizar-tarjeta\/","title":{"rendered":"Gracias por confiar en Cotizator"},"content":{"rendered":"<p>Muchas gracias por usar nuestro cotizador de Tarjetas de Cr\u00e9dito y D\u00e9bito. Uno de nuestros asociados deber\u00eda ponerse en contacto congtigo en las pr\u00f3ximas 24 horas. \u263a\ufe0f<\/p>\n<p>Mientras tanto si quieres puedes seguir navegando:<\/p>\n<p class=\"has-text-align-center\"><a href=\"https:\/\/cotizator.com\/us\/\">Volver al inicio<\/a><\/p>\n<p> &nbsp;<\/p>\n<p>&nbsp;<\/p>\n<p>&nbsp;<\/p>\n<p>&nbsp;<\/p>\n<p>&nbsp;<\/p>\n<p>&nbsp;<\/p>\n<p>&nbsp;<\/p>\n<p>&nbsp;<\/p>\n","protected":false},"excerpt":{"rendered":"<p>Muchas gracias por usar nuestro cotizador de Tarjetas de Cr\u00e9dito y D\u00e9bito. Uno de nuestros asociados deber\u00eda ponerse en contacto congtigo en las pr\u00f3ximas 24 horas. \u263a\ufe0f Mientras tanto si quieres puedes seguir navegando: Volver al inicio &nbsp; &nbsp; &nbsp; &nbsp; &nbsp; &nbsp; &nbsp; &nbsp;<\/p>\n","protected":false},"author":2,"featured_media":0,"parent":9386,"menu_order":0,"comment_status":"closed","ping_status":"closed","template":"","meta":{"footnotes":""},"categories":[],"tags":[],"yoast_head":"<!-- This site is optimized with the Yoast SEO plugin v22.3 - https:\/\/yoast.com\/wordpress\/plugins\/seo\/ -->\n<title>Gracias por confiar en Cotizator [ 2026 ] | Cotizator USA<\/title>\n<meta name=\"robots\" content=\"noindex, follow\" \/>\n<meta property=\"og:locale\" content=\"es_ES\" \/>\n<meta property=\"og:type\" content=\"article\" \/>\n<meta property=\"og:title\" content=\"Gracias por confiar en Cotizator [ 2026 ] | Cotizator USA\" \/>\n<meta property=\"og:description\" content=\"Muchas gracias por usar nuestro cotizador de Tarjetas de Cr\u00e9dito y D\u00e9bito. Uno de nuestros asociados deber\u00eda ponerse en contacto congtigo en las pr\u00f3ximas 24 horas. \u263a\ufe0f Mientras tanto si quieres puedes seguir navegando: Volver al inicio &nbsp; &nbsp; &nbsp; &nbsp; &nbsp; &nbsp; &nbsp; &nbsp;\" \/>\n<meta property=\"og:url\" content=\"https:\/\/cotizator.com\/us\/cotizador-de-tarjetas-de-credito-y-debito\/gracias-cotizar-tarjeta\/\" \/>\n<meta property=\"og:site_name\" content=\"Cotizator USA\" \/>\n<meta property=\"article:publisher\" content=\"https:\/\/www.facebook.com\/cotizator\/\" \/>\n<meta property=\"article:modified_time\" content=\"2020-02-10T15:06:24+00:00\" \/>\n<meta name=\"twitter:card\" content=\"summary_large_image\" \/>\n<meta name=\"twitter:site\" content=\"@cotizator\" \/>\n<script type=\"application\/ld+json\" class=\"yoast-schema-graph\">{\"@context\":\"https:\/\/schema.org\",\"@graph\":[{\"@type\":\"WebPage\",\"@id\":\"https:\/\/cotizator.com\/us\/cotizador-de-tarjetas-de-credito-y-debito\/gracias-cotizar-tarjeta\/\",\"url\":\"https:\/\/cotizator.com\/us\/cotizador-de-tarjetas-de-credito-y-debito\/gracias-cotizar-tarjeta\/\",\"name\":\"Gracias por confiar en Cotizator [ 2026 ] | Cotizator USA\",\"isPartOf\":{\"@id\":\"https:\/\/cotizator.com\/us\/#website\"},\"datePublished\":\"2020-01-22T21:30:27+00:00\",\"dateModified\":\"2020-02-10T15:06:24+00:00\",\"breadcrumb\":{\"@id\":\"https:\/\/cotizator.com\/us\/cotizador-de-tarjetas-de-credito-y-debito\/gracias-cotizar-tarjeta\/#breadcrumb\"},\"inLanguage\":\"es\",\"potentialAction\":[{\"@type\":\"ReadAction\",\"target\":[\"https:\/\/cotizator.com\/us\/cotizador-de-tarjetas-de-credito-y-debito\/gracias-cotizar-tarjeta\/\"]}]},{\"@type\":\"BreadcrumbList\",\"@id\":\"https:\/\/cotizator.com\/us\/cotizador-de-tarjetas-de-credito-y-debito\/gracias-cotizar-tarjeta\/#breadcrumb\",\"itemListElement\":[{\"@type\":\"ListItem\",\"position\":1,\"name\":\"Home\",\"item\":\"https:\/\/cotizator.com\/us\/\"},{\"@type\":\"ListItem\",\"position\":2,\"name\":\"Cotizador de Tarjetas de Cr\u00e9dito y D\u00e9bito\",\"item\":\"https:\/\/cotizator.com\/us\/cotizador-de-tarjetas-de-credito-y-debito\/\"},{\"@type\":\"ListItem\",\"position\":3,\"name\":\"Gracias por confiar en Cotizator\"}]},{\"@type\":\"WebSite\",\"@id\":\"https:\/\/cotizator.com\/us\/#website\",\"url\":\"https:\/\/cotizator.com\/us\/\",\"name\":\"Cotizator USA\",\"description\":\"Cotizador de Seguros en Espa\u00f1ol\",\"potentialAction\":[{\"@type\":\"SearchAction\",\"target\":{\"@type\":\"EntryPoint\",\"urlTemplate\":\"https:\/\/cotizator.com\/us\/?s={search_term_string}\"},\"query-input\":\"required name=search_term_string\"}],\"inLanguage\":\"es\"}]}<\/script>\n<!-- \/ Yoast SEO plugin. -->","yoast_head_json":{"title":"Gracias por confiar en Cotizator [ 2026 ] | Cotizator USA","robots":{"index":"noindex","follow":"follow"},"og_locale":"es_ES","og_type":"article","og_title":"Gracias por confiar en Cotizator [ 2026 ] | Cotizator USA","og_description":"Muchas gracias por usar nuestro cotizador de Tarjetas de Cr\u00e9dito y D\u00e9bito. Uno de nuestros asociados deber\u00eda ponerse en contacto congtigo en las pr\u00f3ximas 24 horas. \u263a\ufe0f Mientras tanto si quieres puedes seguir navegando: Volver al inicio &nbsp; &nbsp; &nbsp; &nbsp; &nbsp; &nbsp; &nbsp; &nbsp;","og_url":"https:\/\/cotizator.com\/us\/cotizador-de-tarjetas-de-credito-y-debito\/gracias-cotizar-tarjeta\/","og_site_name":"Cotizator USA","article_publisher":"https:\/\/www.facebook.com\/cotizator\/","article_modified_time":"2020-02-10T15:06:24+00:00","twitter_card":"summary_large_image","twitter_site":"@cotizator","schema":{"@context":"https:\/\/schema.org","@graph":[{"@type":"WebPage","@id":"https:\/\/cotizator.com\/us\/cotizador-de-tarjetas-de-credito-y-debito\/gracias-cotizar-tarjeta\/","url":"https:\/\/cotizator.com\/us\/cotizador-de-tarjetas-de-credito-y-debito\/gracias-cotizar-tarjeta\/","name":"Gracias por confiar en Cotizator [ 2026 ] | Cotizator USA","isPartOf":{"@id":"https:\/\/cotizator.com\/us\/#website"},"datePublished":"2020-01-22T21:30:27+00:00","dateModified":"2020-02-10T15:06:24+00:00","breadcrumb":{"@id":"https:\/\/cotizator.com\/us\/cotizador-de-tarjetas-de-credito-y-debito\/gracias-cotizar-tarjeta\/#breadcrumb"},"inLanguage":"es","potentialAction":[{"@type":"ReadAction","target":["https:\/\/cotizator.com\/us\/cotizador-de-tarjetas-de-credito-y-debito\/gracias-cotizar-tarjeta\/"]}]},{"@type":"BreadcrumbList","@id":"https:\/\/cotizator.com\/us\/cotizador-de-tarjetas-de-credito-y-debito\/gracias-cotizar-tarjeta\/#breadcrumb","itemListElement":[{"@type":"ListItem","position":1,"name":"Home","item":"https:\/\/cotizator.com\/us\/"},{"@type":"ListItem","position":2,"name":"Cotizador de Tarjetas de Cr\u00e9dito y D\u00e9bito","item":"https:\/\/cotizator.com\/us\/cotizador-de-tarjetas-de-credito-y-debito\/"},{"@type":"ListItem","position":3,"name":"Gracias por confiar en Cotizator"}]},{"@type":"WebSite","@id":"https:\/\/cotizator.com\/us\/#website","url":"https:\/\/cotizator.com\/us\/","name":"Cotizator USA","description":"Cotizador de Seguros en Espa\u00f1ol","potentialAction":[{"@type":"SearchAction","target":{"@type":"EntryPoint","urlTemplate":"https:\/\/cotizator.com\/us\/?s={search_term_string}"},"query-input":"required name=search_term_string"}],"inLanguage":"es"}]}},"_links":{"self":[{"href":"https:\/\/cotizator.com\/us\/wp-json\/wp\/v2\/pages\/9388"}],"collection":[{"href":"https:\/\/cotizator.com\/us\/wp-json\/wp\/v2\/pages"}],"about":[{"href":"https:\/\/cotizator.com\/us\/wp-json\/wp\/v2\/types\/page"}],"author":[{"embeddable":true,"href":"https:\/\/cotizator.com\/us\/wp-json\/wp\/v2\/users\/2"}],"replies":[{"embeddable":true,"href":"https:\/\/cotizator.com\/us\/wp-json\/wp\/v2\/comments?post=9388"}],"version-history":[{"count":4,"href":"https:\/\/cotizator.com\/us\/wp-json\/wp\/v2\/pages\/9388\/revisions"}],"predecessor-version":[{"id":9676,"href":"https:\/\/cotizator.com\/us\/wp-json\/wp\/v2\/pages\/9388\/revisions\/9676"}],"up":[{"embeddable":true,"href":"https:\/\/cotizator.com\/us\/wp-json\/wp\/v2\/pages\/9386"}],"wp:attachment":[{"href":"https:\/\/cotizator.com\/us\/wp-json\/wp\/v2\/media?parent=9388"}],"wp:term":[{"taxonomy":"category","embeddable":true,"href":"https:\/\/cotizator.com\/us\/wp-json\/wp\/v2\/categories?post=9388"},{"taxonomy":"post_tag","embeddable":true,"href":"https:\/\/cotizator.com\/us\/wp-json\/wp\/v2\/tags?post=9388"}],"curies":[{"name":"wp","href":"https:\/\/api.w.org\/{rel}","templated":true}]}}