{"id":8007,"date":"2019-09-17T14:27:55","date_gmt":"2019-09-17T14:27:55","guid":{"rendered":"http:\/\/cotizator.com\/us\/?page_id=8007"},"modified":"2024-03-12T14:49:58","modified_gmt":"2024-03-12T14:49:58","slug":"tarjetas-de-credito","status":"publish","type":"page","link":"https:\/\/cotizator.com\/us\/tarjetas-de-credito\/","title":{"rendered":"Tarjetas de Cr\u00e9dito"},"content":{"rendered":"<p>Las <strong>tarjetas de cr\u00e9dito en Estados Unidos<\/strong> se han vuelto una herramienta esencial para los consumidores. Tanto que para 2023, de acuerdo a un estudio de Upgraded Points, se estima que el 37% de los adultos en Estados Unidos usan tarjetas de cr\u00e9dito para pagar sus gastos b\u00e1sicos. En ciudades como Nueva York esta cifra aumenta al 41%.\u00a0<\/p>\r\n<p>Si t\u00fa tambi\u00e9n est\u00e1s planeando adquirir una tarjeta de cr\u00e9dito, ya sea por primera vez o porque deseas obtener nuevos beneficios, te mostraremos c\u00f3mo comparar y elegir la mejor tarjeta de cr\u00e9dito para t\u00ed.\u00a0<\/p>\r\n<h2>\u00bfQu\u00e9 son las tarjetas de cr\u00e9dito?<\/h2>\r\n<p>Una<strong> tarjeta de cr\u00e9dito<\/strong> es un medio en el que una entidad financiera (generalmente un banco) nos otorga una <strong>l\u00ednea de cr\u00e9dito.<\/strong> Es decir, el banco nos presta una cierta cantidad de dinero para que podamos hacer compras f\u00edsicas o digitales, que debemos devolver en un periodo de tiempo especificado.\u00a0<\/p>\r\n<p>Este tipo de pr\u00e9stamos o cr\u00e9ditos te pueden sacar de un apuro o ser de gran ayuda en casos como estos:<\/p>\r\n<ul>\r\n<li>Necesitas <strong>hacer una compra<\/strong> pronto pero te conviene o prefieres pagar despu\u00e9s.<\/li>\r\n<li>Quieres <strong>obtener beneficios<\/strong> por cada compra que realices.<\/li>\r\n<li>Buscas comenzar a <strong>generar historial crediticio<\/strong> para comprar un inmueble en el futuro.<\/li>\r\n<\/ul>\r\n<p>Ahora bien, es importante que conozcas las condiciones de cada tarjeta de cr\u00e9dito, pues si no comparas o no le das un buen uso podr\u00edas terminar con una deuda importante con el banco o la entidad que te di\u00f3 el cr\u00e9dito, lo cual afectar\u00e1 tu historial o tu imagen con otros bancos y entidades.<\/p>\r\n<h2>C\u00f3mo elegir la mejor tarjeta de cr\u00e9dito<\/h2>\r\n<p>A continuaci\u00f3n te explicaremos qu\u00e9 debes revisar antes de solicitar una tarjeta de cr\u00e9dito. Cada uno de estos puede variar respecto al banco e incluso entre las tarjetas de la misma instituci\u00f3n.\u00a0<\/p>\r\n<p><strong>Anualidad:<\/strong> La anualidad o cuota anual es el costo que cobra el banco por el uso de su tarjeta y se cobra una vez al a\u00f1o. Algunas tarjetas no cobran anualidad o te ofrecen beneficios que puedan igualar el valor como recompensas o devoluci\u00f3n de efectivo (Cashback)<\/p>\r\n<p><strong>APR:<\/strong> Significa Tasa de Porcentaje Anual, por sus siglas en ingl\u00e9s. B\u00e1sicamente, son los intereses que te cobra el banco por pedir dinero prestado, y se expresa en porcentaje. A mayor APR (%) pagar\u00e1s mayores intereses ($).\u00a0<\/p>\r\n<p><strong>Nivel Crediticio:<\/strong> Si ya has manejado tarjetas de cr\u00e9dito, has tenido alg\u00fan pr\u00e9stamo personal o alg\u00fan similar, ya tienes un nivel de cr\u00e9dito. Este sirve para determinar el nivel de riesgo que representa otorgarte un cr\u00e9dito o pr\u00e9stamo.\u00a0<\/p>\r\n<p>El puntaje m\u00e1s conocido y m\u00e1s utilizado es el <a href=\"https:\/\/cotizator.com\/us\/guias\/fico-score-sabes-que-es-y-como-funciona-el-puntaje-crediticio\/\">FICO Score<\/a> y analiza el nivel de endeudamiento actual, tu historial de pagos, entre otros. De acuerdo al puntaje tendr\u00e1s un nivel que puede ir desde Excelente a muy malo.\u00a0<\/p>\r\n<p>Si tienes un puntaje malo, afectar\u00e1 a que se te otorgue un cr\u00e9dito o que consigas uno pero con un APR alto. Existen <strong><a href=\"https:\/\/cotizator.com\/us\/guias\/tarjetas-de-credito-para-personas-con-mal-credito\/\">tarjetas para personas con mal cr\u00e9dito<\/a> <\/strong>que te ayudan a mejorar este puntaje.\u00a0<\/p>\r\n<p><strong>Penalizaciones:<\/strong> Estos var\u00edan en cada instituci\u00f3n y en cada tarjeta, por lo que debes tomarlo en cuenta al momento de comparar tarjetas de cr\u00e9dito y tratar de no caer en penalizaciones por pagos atrasados, sobregiros o transacciones en el extranjero.<\/p>\r\n<p>Ahora que ya conoces qu\u00e9 debes revisar en una tarjeta, te mostraremos algunas recomendaciones de acuerdo al tipo de necesidades que desees atender con tu pr\u00f3xima tarjeta de Cr\u00e9dito.<\/p>\r\n<h2>Mejores tarjetas de Cr\u00e9dito para Principiantes<\/h2>\r\n<p>Si buscas una tarjeta de cr\u00e9dito para comenzar a crear historial crediticio, es posible que no encuentres tantas opciones, sin embargo existen tarjetas creadas espec\u00edficamente para construir cr\u00e9dito.<\/p>\r\n<p>Entre las que te recomendamos est\u00e1n:<\/p>\r\n<ul>\r\n<li>Discover It Secured<\/li>\r\n<li>Chime Credit Builder<\/li>\r\n<li>First Progress Platinum Secured Mastercard<\/li>\r\n<li>Capital One Platinum Secured<\/li>\r\n<li>OpenSky Secured Visa<\/li>\r\n<\/ul>\r\n<p>La mayor\u00eda de estas opciones son <a href=\"https:\/\/cotizator.com\/us\/guias\/conoce-las-4-mejores-tarjetas-de-credito-aseguradas-2023\/\"><strong>tarjetas aseguradas<\/strong><\/a>, es decir que tienes que dejar un <strong>dep\u00f3sito de seguridad<\/strong> que ser\u00e1 tu <strong>l\u00ednea de cr\u00e9dito inicia<\/strong>l, entonces\u2026 \u00bfCu\u00e1l es la diferencia a pagar con una tarjeta de d\u00e9bito? Que con el tiempo <strong>estar\u00e1s generando historial crediticio, tendr\u00e1s un nivel de cr\u00e9dito<\/strong> que te permitir\u00e1 obtener una <strong>tarjeta de cr\u00e9dito sin dep\u00f3sito<\/strong> adem\u00e1s de que el banco te regresar\u00e1 tu dep\u00f3sito de seguridad.<\/p>\r\n<p>Como te comentamos al inicio, estas opciones son creadas espec\u00edficamente para<strong> personas que reci\u00e9n est\u00e1n comenzando a usar tarjetas de cr\u00e9dito<\/strong>, por lo que las opciones son pocas, enfocadas en que aprendas a darles buen uso y no que<strong> no caigas en deudas innecesarias<\/strong>. Una vez que tengas la experiencia necesaria podr\u00e1s entrar de lleno a m\u00e1s oportunidades como las que te mostraremos a continuaci\u00f3n.<\/p>\r\n<h2>Mejores Tarjetas de Cr\u00e9dito con recompensas y sin anualidad<\/h2>\r\n<p>Si tienes un <strong>nivel de cr\u00e9dito bueno o excelente<\/strong>, probablemente sean ahora ser\u00e1n los bancos quienes te busquen para ofrecerte sus tarjetas de cr\u00e9dito. Esta vez s\u00ed tienes muchas opciones a elegir y con mejores ofertas y recompensas por tu buen manejo.<\/p>\r\n<p>La m\u00e1s com\u00fan es el<strong> reembolso en efectivo m\u00e1s conocido como Cashback.<\/strong> Es decir, que cada vez que realices una compra con la tarjeta de cr\u00e9dito, se te devolver\u00e1 un porcentaje de esa compra que puede variar en porcentaje y por categor\u00eda de compra.<\/p>\r\n<p>Otras tarjetas pueden ofrecer un <strong>bono de bienvenida<\/strong>, pero para conseguirlo debes hacer primero un gasto. Por ejemplo, <a href=\"https:\/\/cotizator.com\/us\/tarjetas-de-credito\/bank-of-america\/\"><strong>Bank of America<\/strong><\/a> ofrece en algunas de sus tarjetas de cr\u00e9dito un bono de $200 si realizas compras por un total de $1,000 en tus primeros 90 d\u00edas.<\/p>\r\n<p>Algunas tarjetas tambi\u00e9n te ofrecen un APR muy bajo o del 0% durante tus primeros meses, no cobran ciertas comisiones o te ofrecen puntos o millas de viaje. Si tienes la oportunidad de elegir entre este tipo de tarjetas analiza muy bien <strong>cu\u00e1les recompensas puedes aprovechar mejor<\/strong> y a partir de ah\u00ed podr\u00e1s tomar una mejor decisi\u00f3n.<\/p>\r\n<p>Veamos lo que podemos encontrar en el mercado actual:<\/p>\r\n<ul>\r\n<li>Tarjetas de cr\u00e9dito No Fee (Sin tarifa anual de mantenimiento)<\/li>\r\n<li>Tarjetas Low Fee (Baja tarifa anual de mantenimiento)<\/li>\r\n<li>Tarjetas Credit Build (Para reconstrucci\u00f3n de historial de cr\u00e9dito)<\/li>\r\n<li>Tarjetas de 0% APR (o% de inter\u00e9s en compras y transferencias de saldo)<\/li>\r\n<li>Tarjetas con bajo APR (bajo porcentaje de inter\u00e9s en compras y transferencias de saldo)<\/li>\r\n<li>Business Credit Cards (Tarjetas de cr\u00e9dito destinadas a negocios)<\/li>\r\n<\/ul>\r\n<p>Entre las mejores tarjetas de recompensas te recomendamos:<\/p>\r\n<ul>\r\n<li><strong>Discover It Cash Back:<\/strong> Sin tarifa anual, Cashback de hasta el 5% y Cashback Match ilimitado el primer a\u00f1o.\u00a0<\/li>\r\n<li><strong>Bank of America Travel Rewards:<\/strong> Sin tarifa anual, 0% de APR introductorio, ideal si viajas constantemente.<\/li>\r\n<li><strong>Wells Fargo Active Cash:<\/strong> Sin anualidad, Cashback del 2%, 0% de APR los primeros 15 meses, bono de $200 al gastar $500 en compras los primeros 3 meses.\u00a0<\/li>\r\n<li><b>Capital One SavorOne Student:<\/b> Para estudiantes. Sin anualidad, 3% de cashback en algunas categor\u00edas y 1% en el resto de compras, bonificaci\u00f3n de $50 si gastas $100 en compras dentro de los primeros 3 meses.\u00a0<\/li>\r\n<li><strong>American Express Blue Business Cash:<\/strong> Ideal para negocios, ofrece 2% de cashback en compras comerciales, 1% en compras elegibles, no cobra anualidad, bono de bienvenida y APR de introducci\u00f3n del 0% los primeros 12 meses.<\/li>\r\n<\/ul>\r\n<h2>Mejores Tarjetas de Cr\u00e9dito<\/h2>\r\n<link rel=\"stylesheet\" href=\"https:\/\/cotizator.com\/us\/wp-content\/themes\/LCtheme2021\/css\/cotizaCTA.css\">\n\r\n<h2>\u00bfQu\u00e9 se necesita para tener una Tarjeta de Cr\u00e9dito?<\/h2>\r\n<p>Antes de dar el gran paso de aplicar a una tarjeta de cr\u00e9dito es importante que conozcas cu\u00e1l es el <strong>estilo de vida financiera<\/strong> <strong>que puedes permitirte<\/strong>. De esta forma, buscar\u00e1s un producto espec\u00edfico que se adapte a tu situaci\u00f3n monetaria y h\u00e1bitos de compra regulares. Son muchas las entidades bancarias que ofrecen tarjetas de cr\u00e9dito y los requisitos para obtenerlas var\u00edan en funci\u00f3n a cada uno de ellos.<\/p>\r\n<p>\ud83d\udc49 Los <strong>requisitos generales<\/strong> para solicitar una tarjeta de cr\u00e9dito son:<\/p>\r\n<ul>\r\n<li>Historial de cr\u00e9dito actualizado.<\/li>\r\n<li>N\u00famero de seguro social.<\/li>\r\n<li>Identificaci\u00f3n oficial con foto.<\/li>\r\n<li>Comprobante de ingresos mensuales.<\/li>\r\n<\/ul>\r\n<p><strong>Cada tarjeta de cr\u00e9dito posee requisitos distintos<\/strong> seg\u00fan las caracter\u00edsticas del producto o el tipo de tarjeta que sea. Por lo general, s\u00f3lo debes ingresar a la web oficial del banco en el cual deseas aplicar y llenar una serie de <strong>requisitos online<\/strong>. En algunos casos, el banco te solicita una visita a la <strong>oficina<\/strong> de atenci\u00f3n al cliente m\u00e1s cercana a tu domicilio.<\/p>\r\n<p>\ud83d\udcb3\u00a0 Si a\u00fan no has elegido el producto financiero ideal para ti; y deseas conocer mayor informaci\u00f3n sobre c\u00f3mo aplicar a una tarjeta de cr\u00e9dito te invitamos a comprobar todos los requisitos de tarjetas espec\u00edficas en <a href=\"https:\/\/cotizator.com\/us\/\" rel=\"noopener noreferrer\">Cotizator<\/a>. Aqu\u00ed encontrar\u00e1s informaci\u00f3n \u00fatil sobre cada entidad financiera y los tipos de tarjetas que ofrecen.<\/p>\r\n<h2>Cotiza o Compara Tarjetas de Cr\u00e9dito<\/h2>\r\n<p>Encontrar la tarjeta de cr\u00e9dito ideal para ti puede ser dif\u00edcil si no te tomas el tiempo de comparar opciones. Es importante saber leer la letra peque\u00f1a, as\u00ed como tambi\u00e9n, estar al tanto de todos los <strong>detalles del producto<\/strong> que estamos adquiriendo o que pensamos adquirir.<\/p>\r\n<p>\ud83d\udcb8 La<strong> elecci\u00f3n de la tarjeta de cr\u00e9dito ideal<\/strong> depender\u00e1 del uso que quieras darle. Por ejemplo: Si eres un viajero frecuente, quiz\u00e1 te encuentres en la b\u00fasqueda de un producto que genere recompensas canjeables en viajes o descuentos de estad\u00eda dentro de U.S.<\/p>\r\n<p>\ud83d\udc49 As\u00ed mismo, si frecuentas mucho ciertas cadenas departamentales, puedes elegir tarjetas de cr\u00e9dito que ofrezcan recompensas por comprar en esos lugares. Como ves, todo depender\u00e1 de tu nivel de gasto, tus gustos, tu estilo de vida y por supuesto, de tus ingresos mensuales.<\/p>\r\n<p>\ud83d\udcb3\u00a0 Te invitamos a utilizar de forma gratuita nuestro <a href=\"https:\/\/cotizator.com\/us\/cotizador-de-tarjetas-de-credito-y-debito\/\" target=\"_blank\" rel=\"noopener noreferrer\">cotizador de tarjetas de cr\u00e9dito<\/a>. Gracias a esta poderosa herramienta podr\u00e1s <strong>encontrar la tarjeta de cr\u00e9dito que mejor se adapte a tus necesidades<\/strong>, estilo de vida y nivel de cr\u00e9dito.<\/p>\r\n<h2>Preguntas Frecuentes<\/h2>\r\n<h3>\u00bfCu\u00e1l es la mejor manera de hacer cr\u00e9dito en Estados Unidos?<\/h3>\r\n<p>No existe una f\u00f3rmula correcta para crear un buen historial de cr\u00e9dito. Sin embargo, puedes seguir una serie de pasos sencillos con cada una de las tarjetas de cr\u00e9dito que tengas. Para mejorar tu cr\u00e9dito \u00fanicamente debes:<\/p>\r\n<ul>\r\n<li>Pagar tus cuentas a tiempo de forma puntual todos los meses<\/li>\r\n<li>Gasta lo necesario, no es bueno acercarse a los l\u00edmites de cr\u00e9ditos (al menos no con regularidad)<\/li>\r\n<li>Un largo historial de cr\u00e9dito positivo te ayudar\u00e1 a sumar puntos r\u00e1pidamente<\/li>\r\n<li>Solicita \u00fanicamente los cr\u00e9ditos que necesites y que puedas pagar.<\/li>\r\n<li>Revisa tu informe de cr\u00e9dito regularmente.<\/li>\r\n<\/ul>\r\n<h3>\u00bfCu\u00e1l es la diferencia entre una tarjeta de cr\u00e9dito y d\u00e9bito?<\/h3>\r\n<p>\u00bfCu\u00e1l es la diferencia entre estos dos productos? Simple. Cuando usas una tarjeta de d\u00e9bito, los fondos por el monto de tu compra se toman de tu cuenta corriente casi al instante. Mientras que, si pagas con una tarjeta de cr\u00e9dito, el monto se cargar\u00e1 a tu l\u00ednea de cr\u00e9dito, lo que significa que pagar\u00e1s la factura en una fecha posterior, lo que tambi\u00e9n te otorga m\u00e1s tiempo para pagar, pero, genera mucho m\u00e1s intereses y comisiones.<\/p>\r\n<h3>\u00bfCu\u00e1l es el l\u00edmite de una tarjeta de cr\u00e9dito?<\/h3>\r\n<p>El l\u00edmite de una tarjeta de cr\u00e9dito depender\u00e1 exclusivamente de tu solvencia crediticia. Es decir, ser\u00e1 el banco emisor quien se encargue de proporcionarte dicho l\u00edmite de acuerdo a una\u00a0evaluaci\u00f3n que realiza de tus ingresos y tu historial crediticio.<\/p>\r\n<h3>\u00bfQu\u00e9 ventajas tiene la tarjeta de cr\u00e9dito?<\/h3>\r\n<p>Entre sus principales ventajas podemos mencionar:<\/p>\r\n<ul>\r\n<li>Vas a mejorar o a comenzar tu historial de cr\u00e9dito.<\/li>\r\n<li>Puedes pagar productos en cuotas.<\/li>\r\n<li>Te ayuda con gastos que surjan de imprevistos o de emergencia.<\/li>\r\n<li>Ofrece recompensas, descuentos y beneficios exclusivos seg\u00fan el banco emisor.<\/li>\r\n<li>Te abre las puertas a otros productos financieros como cr\u00e9ditos hipotecarios, pr\u00e9stamos para autos y m\u00e1s.<\/li>\r\n<\/ul>\r\n<h3>\u00bfCu\u00e1les son las desventajas de la tarjeta de cr\u00e9dito?<\/h3>\r\n<p>Algunas de las principales desventajas de las tarjetas de cr\u00e9dito son:<\/p>\r\n<ul>\r\n<li>Altos cargos por intereses.<\/li>\r\n<li>Excesos en el l\u00edmite de cr\u00e9dito.<\/li>\r\n<li>Riesgos de fraude y plagio.<\/li>\r\n<li>Pago de tarifas adicionales.<\/li>\r\n<li>Gastos por retiro de efectivo y m\u00e1s.<\/li>\r\n<\/ul>\r\n<h3>\u00bfQu\u00e9 pasa si no se usa una tarjeta de cr\u00e9dito?<\/h3>\r\n<p>Las tarjetas de cr\u00e9dito que no se usan no generan dinero, y una cuenta de tarjeta de cr\u00e9dito abierta tiene cuotas de mantenimiento y administraci\u00f3n de cuenta. Por lo general, el banco emisor cancelar\u00e1 una tarjeta de cr\u00e9dito si no la has usado en m\u00e1s de un a\u00f1o, con el tiempo, tambi\u00e9n cerrar\u00e1n la cuenta.\u00a0<\/p>\r\n","protected":false},"excerpt":{"rendered":"<p>Encuentra, compara y cotiza las mejores tarjetas de cr\u00e9dito en Estados Unidos.<\/p>\n","protected":false},"author":9,"featured_media":0,"parent":0,"menu_order":0,"comment_status":"closed","ping_status":"closed","template":"listado.php","meta":{"footnotes":""},"categories":[186],"tags":[],"yoast_head":"<!-- This site is optimized with the Yoast SEO plugin v22.3 - https:\/\/yoast.com\/wordpress\/plugins\/seo\/ -->\n<title>Mejores Tarjetas de Cr\u00e9dito en USA [abril 2026 ] | Compara<\/title>\n<meta name=\"description\" content=\"\u00bfQu\u00e9 son? Y \u00bfPara qu\u00e9 sirven las tarjetas de cr\u00e9dito? | Tipos | Requisitos para solicitar tarjetas de cr\u00e9dito en USA | Consulta con expertos\" \/>\n<meta name=\"robots\" content=\"index, follow, max-snippet:-1, max-image-preview:large, max-video-preview:-1\" \/>\n<link rel=\"canonical\" href=\"https:\/\/cotizator.com\/us\/tarjetas-de-credito\/\" \/>\n<meta property=\"og:locale\" content=\"es_ES\" \/>\n<meta property=\"og:type\" content=\"article\" \/>\n<meta property=\"og:title\" content=\"Mejores Tarjetas de Cr\u00e9dito en USA [abril 2026 ] | Compara\" \/>\n<meta property=\"og:description\" content=\"\u00bfQu\u00e9 son? Y \u00bfPara qu\u00e9 sirven las tarjetas de cr\u00e9dito? | Tipos | Requisitos para solicitar tarjetas de cr\u00e9dito en USA | Consulta con expertos\" \/>\n<meta property=\"og:url\" content=\"https:\/\/cotizator.com\/us\/tarjetas-de-credito\/\" \/>\n<meta property=\"og:site_name\" content=\"Cotizator USA\" \/>\n<meta property=\"article:publisher\" content=\"https:\/\/www.facebook.com\/cotizator\/\" \/>\n<meta property=\"article:modified_time\" content=\"2024-03-12T14:49:58+00:00\" \/>\n<meta name=\"twitter:card\" content=\"summary_large_image\" \/>\n<meta name=\"twitter:site\" content=\"@cotizator\" \/>\n<meta name=\"twitter:label1\" content=\"Tiempo de lectura\" \/>\n\t<meta name=\"twitter:data1\" content=\"10 minutos\" \/>\n<script type=\"application\/ld+json\" class=\"yoast-schema-graph\">{\"@context\":\"https:\/\/schema.org\",\"@graph\":[{\"@type\":\"WebPage\",\"@id\":\"https:\/\/cotizator.com\/us\/tarjetas-de-credito\/\",\"url\":\"https:\/\/cotizator.com\/us\/tarjetas-de-credito\/\",\"name\":\"Mejores Tarjetas de Cr\u00e9dito en USA [abril 2026 ] | Compara\",\"isPartOf\":{\"@id\":\"https:\/\/cotizator.com\/us\/#website\"},\"datePublished\":\"2019-09-17T14:27:55+00:00\",\"dateModified\":\"2024-03-12T14:49:58+00:00\",\"description\":\"\u00bfQu\u00e9 son? Y \u00bfPara qu\u00e9 sirven las tarjetas de cr\u00e9dito? | Tipos | Requisitos para solicitar tarjetas de cr\u00e9dito en USA | Consulta con expertos\",\"breadcrumb\":{\"@id\":\"https:\/\/cotizator.com\/us\/tarjetas-de-credito\/#breadcrumb\"},\"inLanguage\":\"es\",\"potentialAction\":[{\"@type\":\"ReadAction\",\"target\":[\"https:\/\/cotizator.com\/us\/tarjetas-de-credito\/\"]}]},{\"@type\":\"BreadcrumbList\",\"@id\":\"https:\/\/cotizator.com\/us\/tarjetas-de-credito\/#breadcrumb\",\"itemListElement\":[{\"@type\":\"ListItem\",\"position\":1,\"name\":\"Home\",\"item\":\"https:\/\/cotizator.com\/us\/\"},{\"@type\":\"ListItem\",\"position\":2,\"name\":\"Tarjetas de Cr\u00e9dito\"}]},{\"@type\":\"WebSite\",\"@id\":\"https:\/\/cotizator.com\/us\/#website\",\"url\":\"https:\/\/cotizator.com\/us\/\",\"name\":\"Cotizator USA\",\"description\":\"Cotizador de Seguros en Espa\u00f1ol\",\"potentialAction\":[{\"@type\":\"SearchAction\",\"target\":{\"@type\":\"EntryPoint\",\"urlTemplate\":\"https:\/\/cotizator.com\/us\/?s={search_term_string}\"},\"query-input\":\"required name=search_term_string\"}],\"inLanguage\":\"es\"}]}<\/script>\n<!-- \/ Yoast SEO plugin. -->","yoast_head_json":{"title":"Mejores Tarjetas de Cr\u00e9dito en USA [abril 2026 ] | Compara","description":"\u00bfQu\u00e9 son? Y \u00bfPara qu\u00e9 sirven las tarjetas de cr\u00e9dito? | Tipos | Requisitos para solicitar tarjetas de cr\u00e9dito en USA | Consulta con expertos","robots":{"index":"index","follow":"follow","max-snippet":"max-snippet:-1","max-image-preview":"max-image-preview:large","max-video-preview":"max-video-preview:-1"},"canonical":"https:\/\/cotizator.com\/us\/tarjetas-de-credito\/","og_locale":"es_ES","og_type":"article","og_title":"Mejores Tarjetas de Cr\u00e9dito en USA [abril 2026 ] | Compara","og_description":"\u00bfQu\u00e9 son? Y \u00bfPara qu\u00e9 sirven las tarjetas de cr\u00e9dito? | Tipos | Requisitos para solicitar tarjetas de cr\u00e9dito en USA | Consulta con expertos","og_url":"https:\/\/cotizator.com\/us\/tarjetas-de-credito\/","og_site_name":"Cotizator USA","article_publisher":"https:\/\/www.facebook.com\/cotizator\/","article_modified_time":"2024-03-12T14:49:58+00:00","twitter_card":"summary_large_image","twitter_site":"@cotizator","twitter_misc":{"Tiempo de lectura":"10 minutos"},"schema":{"@context":"https:\/\/schema.org","@graph":[{"@type":"WebPage","@id":"https:\/\/cotizator.com\/us\/tarjetas-de-credito\/","url":"https:\/\/cotizator.com\/us\/tarjetas-de-credito\/","name":"Mejores Tarjetas de Cr\u00e9dito en USA [abril 2026 ] | Compara","isPartOf":{"@id":"https:\/\/cotizator.com\/us\/#website"},"datePublished":"2019-09-17T14:27:55+00:00","dateModified":"2024-03-12T14:49:58+00:00","description":"\u00bfQu\u00e9 son? Y \u00bfPara qu\u00e9 sirven las tarjetas de cr\u00e9dito? | Tipos | Requisitos para solicitar tarjetas de cr\u00e9dito en USA | Consulta con expertos","breadcrumb":{"@id":"https:\/\/cotizator.com\/us\/tarjetas-de-credito\/#breadcrumb"},"inLanguage":"es","potentialAction":[{"@type":"ReadAction","target":["https:\/\/cotizator.com\/us\/tarjetas-de-credito\/"]}]},{"@type":"BreadcrumbList","@id":"https:\/\/cotizator.com\/us\/tarjetas-de-credito\/#breadcrumb","itemListElement":[{"@type":"ListItem","position":1,"name":"Home","item":"https:\/\/cotizator.com\/us\/"},{"@type":"ListItem","position":2,"name":"Tarjetas de Cr\u00e9dito"}]},{"@type":"WebSite","@id":"https:\/\/cotizator.com\/us\/#website","url":"https:\/\/cotizator.com\/us\/","name":"Cotizator USA","description":"Cotizador de Seguros en Espa\u00f1ol","potentialAction":[{"@type":"SearchAction","target":{"@type":"EntryPoint","urlTemplate":"https:\/\/cotizator.com\/us\/?s={search_term_string}"},"query-input":"required name=search_term_string"}],"inLanguage":"es"}]}},"_links":{"self":[{"href":"https:\/\/cotizator.com\/us\/wp-json\/wp\/v2\/pages\/8007"}],"collection":[{"href":"https:\/\/cotizator.com\/us\/wp-json\/wp\/v2\/pages"}],"about":[{"href":"https:\/\/cotizator.com\/us\/wp-json\/wp\/v2\/types\/page"}],"author":[{"embeddable":true,"href":"https:\/\/cotizator.com\/us\/wp-json\/wp\/v2\/users\/9"}],"replies":[{"embeddable":true,"href":"https:\/\/cotizator.com\/us\/wp-json\/wp\/v2\/comments?post=8007"}],"version-history":[{"count":51,"href":"https:\/\/cotizator.com\/us\/wp-json\/wp\/v2\/pages\/8007\/revisions"}],"predecessor-version":[{"id":18415,"href":"https:\/\/cotizator.com\/us\/wp-json\/wp\/v2\/pages\/8007\/revisions\/18415"}],"wp:attachment":[{"href":"https:\/\/cotizator.com\/us\/wp-json\/wp\/v2\/media?parent=8007"}],"wp:term":[{"taxonomy":"category","embeddable":true,"href":"https:\/\/cotizator.com\/us\/wp-json\/wp\/v2\/categories?post=8007"},{"taxonomy":"post_tag","embeddable":true,"href":"https:\/\/cotizator.com\/us\/wp-json\/wp\/v2\/tags?post=8007"}],"curies":[{"name":"wp","href":"https:\/\/api.w.org\/{rel}","templated":true}]}}