{"id":764,"date":"2017-10-17T14:32:31","date_gmt":"2017-10-17T14:32:31","guid":{"rendered":"http:\/\/cotizator.com\/us\/?page_id=764"},"modified":"2024-08-26T18:32:08","modified_gmt":"2024-08-26T18:32:08","slug":"listado-de-guias","status":"publish","type":"page","link":"https:\/\/cotizator.com\/us\/listado-de-guias\/","title":{"rendered":"Gu\u00edas sobre seguros y finanzas en USA"},"content":{"rendered":"","protected":false},"excerpt":{"rendered":"","protected":false},"author":2,"featured_media":0,"parent":0,"menu_order":0,"comment_status":"closed","ping_status":"closed","template":"listado.php","meta":{"footnotes":""},"categories":[282],"tags":[99],"yoast_head":"<!-- This site is optimized with the Yoast SEO plugin v22.3 - https:\/\/yoast.com\/wordpress\/plugins\/seo\/ -->\n<title>Gu\u00edas sobre seguros y finanzas en USA [ 2026 ] | Cotizator USA<\/title>\n<meta name=\"description\" content=\"Gu\u00edas de ayuda sobre seguros, tarjetas de cr\u00e9dito, pr\u00e9stamos y mucho m\u00e1s productos financieros de Estados Unidos. Todo sencillamente explicado en espa\u00f1ol.\" \/>\n<meta name=\"robots\" content=\"index, follow, max-snippet:-1, max-image-preview:large, max-video-preview:-1\" \/>\n<link rel=\"canonical\" href=\"https:\/\/cotizator.com\/us\/listado-de-guias\/\" \/>\n<meta property=\"og:locale\" content=\"es_ES\" \/>\n<meta property=\"og:type\" content=\"article\" \/>\n<meta property=\"og:title\" content=\"Gu\u00edas sobre seguros y finanzas en USA [ 2026 ] | Cotizator USA\" \/>\n<meta property=\"og:description\" content=\"Gu\u00edas de ayuda sobre seguros, tarjetas de cr\u00e9dito, pr\u00e9stamos y mucho m\u00e1s productos financieros de Estados Unidos. Todo sencillamente explicado en espa\u00f1ol.\" \/>\n<meta property=\"og:url\" content=\"https:\/\/cotizator.com\/us\/listado-de-guias\/\" \/>\n<meta property=\"og:site_name\" content=\"Cotizator USA\" \/>\n<meta property=\"article:publisher\" content=\"https:\/\/www.facebook.com\/cotizator\/\" \/>\n<meta property=\"article:modified_time\" content=\"2024-08-26T18:32:08+00:00\" \/>\n<meta name=\"twitter:card\" content=\"summary_large_image\" \/>\n<meta name=\"twitter:site\" content=\"@cotizator\" \/>\n<script type=\"application\/ld+json\" class=\"yoast-schema-graph\">{\"@context\":\"https:\/\/schema.org\",\"@graph\":[{\"@type\":\"WebPage\",\"@id\":\"https:\/\/cotizator.com\/us\/listado-de-guias\/\",\"url\":\"https:\/\/cotizator.com\/us\/listado-de-guias\/\",\"name\":\"Gu\u00edas sobre seguros y finanzas en USA [ 2026 ] | Cotizator USA\",\"isPartOf\":{\"@id\":\"https:\/\/cotizator.com\/us\/#website\"},\"datePublished\":\"2017-10-17T14:32:31+00:00\",\"dateModified\":\"2024-08-26T18:32:08+00:00\",\"description\":\"Gu\u00edas de ayuda sobre seguros, tarjetas de cr\u00e9dito, pr\u00e9stamos y mucho m\u00e1s productos financieros de Estados Unidos. Todo sencillamente explicado en espa\u00f1ol.\",\"breadcrumb\":{\"@id\":\"https:\/\/cotizator.com\/us\/listado-de-guias\/#breadcrumb\"},\"inLanguage\":\"es\",\"potentialAction\":[{\"@type\":\"ReadAction\",\"target\":[\"https:\/\/cotizator.com\/us\/listado-de-guias\/\"]}]},{\"@type\":\"BreadcrumbList\",\"@id\":\"https:\/\/cotizator.com\/us\/listado-de-guias\/#breadcrumb\",\"itemListElement\":[{\"@type\":\"ListItem\",\"position\":1,\"name\":\"Home\",\"item\":\"https:\/\/cotizator.com\/us\/\"},{\"@type\":\"ListItem\",\"position\":2,\"name\":\"Gu\u00edas sobre seguros y finanzas en USA\"}]},{\"@type\":\"WebSite\",\"@id\":\"https:\/\/cotizator.com\/us\/#website\",\"url\":\"https:\/\/cotizator.com\/us\/\",\"name\":\"Cotizator USA\",\"description\":\"Cotizador de Seguros en Espa\u00f1ol\",\"potentialAction\":[{\"@type\":\"SearchAction\",\"target\":{\"@type\":\"EntryPoint\",\"urlTemplate\":\"https:\/\/cotizator.com\/us\/?s={search_term_string}\"},\"query-input\":\"required name=search_term_string\"}],\"inLanguage\":\"es\"}]}<\/script>\n<!-- \/ Yoast SEO plugin. -->","yoast_head_json":{"title":"Gu\u00edas sobre seguros y finanzas en USA [ 2026 ] | Cotizator USA","description":"Gu\u00edas de ayuda sobre seguros, tarjetas de cr\u00e9dito, pr\u00e9stamos y mucho m\u00e1s productos financieros de Estados Unidos. Todo sencillamente explicado en espa\u00f1ol.","robots":{"index":"index","follow":"follow","max-snippet":"max-snippet:-1","max-image-preview":"max-image-preview:large","max-video-preview":"max-video-preview:-1"},"canonical":"https:\/\/cotizator.com\/us\/listado-de-guias\/","og_locale":"es_ES","og_type":"article","og_title":"Gu\u00edas sobre seguros y finanzas en USA [ 2026 ] | Cotizator USA","og_description":"Gu\u00edas de ayuda sobre seguros, tarjetas de cr\u00e9dito, pr\u00e9stamos y mucho m\u00e1s productos financieros de Estados Unidos. Todo sencillamente explicado en espa\u00f1ol.","og_url":"https:\/\/cotizator.com\/us\/listado-de-guias\/","og_site_name":"Cotizator USA","article_publisher":"https:\/\/www.facebook.com\/cotizator\/","article_modified_time":"2024-08-26T18:32:08+00:00","twitter_card":"summary_large_image","twitter_site":"@cotizator","schema":{"@context":"https:\/\/schema.org","@graph":[{"@type":"WebPage","@id":"https:\/\/cotizator.com\/us\/listado-de-guias\/","url":"https:\/\/cotizator.com\/us\/listado-de-guias\/","name":"Gu\u00edas sobre seguros y finanzas en USA [ 2026 ] | Cotizator USA","isPartOf":{"@id":"https:\/\/cotizator.com\/us\/#website"},"datePublished":"2017-10-17T14:32:31+00:00","dateModified":"2024-08-26T18:32:08+00:00","description":"Gu\u00edas de ayuda sobre seguros, tarjetas de cr\u00e9dito, pr\u00e9stamos y mucho m\u00e1s productos financieros de Estados Unidos. Todo sencillamente explicado en espa\u00f1ol.","breadcrumb":{"@id":"https:\/\/cotizator.com\/us\/listado-de-guias\/#breadcrumb"},"inLanguage":"es","potentialAction":[{"@type":"ReadAction","target":["https:\/\/cotizator.com\/us\/listado-de-guias\/"]}]},{"@type":"BreadcrumbList","@id":"https:\/\/cotizator.com\/us\/listado-de-guias\/#breadcrumb","itemListElement":[{"@type":"ListItem","position":1,"name":"Home","item":"https:\/\/cotizator.com\/us\/"},{"@type":"ListItem","position":2,"name":"Gu\u00edas sobre seguros y finanzas en USA"}]},{"@type":"WebSite","@id":"https:\/\/cotizator.com\/us\/#website","url":"https:\/\/cotizator.com\/us\/","name":"Cotizator USA","description":"Cotizador de Seguros en Espa\u00f1ol","potentialAction":[{"@type":"SearchAction","target":{"@type":"EntryPoint","urlTemplate":"https:\/\/cotizator.com\/us\/?s={search_term_string}"},"query-input":"required name=search_term_string"}],"inLanguage":"es"}]}},"_links":{"self":[{"href":"https:\/\/cotizator.com\/us\/wp-json\/wp\/v2\/pages\/764"}],"collection":[{"href":"https:\/\/cotizator.com\/us\/wp-json\/wp\/v2\/pages"}],"about":[{"href":"https:\/\/cotizator.com\/us\/wp-json\/wp\/v2\/types\/page"}],"author":[{"embeddable":true,"href":"https:\/\/cotizator.com\/us\/wp-json\/wp\/v2\/users\/2"}],"replies":[{"embeddable":true,"href":"https:\/\/cotizator.com\/us\/wp-json\/wp\/v2\/comments?post=764"}],"version-history":[{"count":1,"href":"https:\/\/cotizator.com\/us\/wp-json\/wp\/v2\/pages\/764\/revisions"}],"predecessor-version":[{"id":765,"href":"https:\/\/cotizator.com\/us\/wp-json\/wp\/v2\/pages\/764\/revisions\/765"}],"wp:attachment":[{"href":"https:\/\/cotizator.com\/us\/wp-json\/wp\/v2\/media?parent=764"}],"wp:term":[{"taxonomy":"category","embeddable":true,"href":"https:\/\/cotizator.com\/us\/wp-json\/wp\/v2\/categories?post=764"},{"taxonomy":"post_tag","embeddable":true,"href":"https:\/\/cotizator.com\/us\/wp-json\/wp\/v2\/tags?post=764"}],"curies":[{"name":"wp","href":"https:\/\/api.w.org\/{rel}","templated":true}]}}