{"id":35,"date":"2017-04-14T13:15:05","date_gmt":"2017-04-14T13:15:05","guid":{"rendered":"http:\/\/cotizator.com\/us\/?page_id=35"},"modified":"2024-03-12T14:48:26","modified_gmt":"2024-03-12T14:48:26","slug":"seguros-negocios-usa","status":"publish","type":"page","link":"https:\/\/cotizator.com\/us\/seguros-negocios-usa\/","title":{"rendered":"Ranking de Seguros de Negocios en USA"},"content":{"rendered":"<p>Los\u00a0<strong>seguros de negocios en USA<\/strong>\u00a0son indispensables para que puedan subsistir las empresas en caso de que ocurra alguno de los siniestros que est\u00e1n amparados por las p\u00f3lizas. Estos seguros cubren contra eventos de la naturaleza, diversos accidentes y hasta eventos provocados por vandalismo.<\/p>\n<p>Las empresas m\u00e1s buscadas para este tipo de seguros son Allstate, State Farm, Nationwide Insurance, Zurich, Aflac, Shelter Insurance, Hiscox y otras, dependiendo del tama\u00f1o del negocio y otras caracter\u00edsticas requeridas de protecci\u00f3n.<\/p>\n<h2>Mejores Compa\u00f1\u00edas de Seguros de Negocios<\/h2>\n<h2>Tipos de seguros de negocios<\/h2>\n<p>Los diversos\u00a0<strong>seguros de negocios en USA<\/strong>\u00a0aplican para la mayor\u00eda de las empresas:<\/p>\n<ul>\n<li><strong>Protecci\u00f3n para instalaciones y contenidos<\/strong>. Protege contra diversos riesgos como incendio, explosi\u00f3n, rayo y otros fen\u00f3menos naturales o no a los bienes de la empresa, incluyendo el edificio si la empresa es propietaria. Otras coberturas incluidas generalmente son:\n<ul>\n<li><strong>Rotura de vidrios por causas ajenas a la empresa<\/strong>.<\/li>\n<li><strong>Responsabilidad civil por da\u00f1os a terceros, visitantes o transe\u00fantes en el exterior por actos accidentales del personal de la empresa o las condiciones f\u00edsicas de la misma<\/strong>.<\/li>\n<li>Descompostura de equipos el\u00e9ctricos, mec\u00e1nicos y aparatos sujetos a presi\u00f3n.<\/li>\n<li>P\u00e9rdida de ingresos por alg\u00fan evento protegido.<\/li>\n<li>Otras coberturas especiales dependiendo del giro de la empresa.<\/li>\n<\/ul>\n<\/li>\n<li><strong>Responsabilidad civil por pr\u00e1cticas en el trabajo<\/strong>. Protecci\u00f3n espec\u00edfica contra las reclamaciones de los propios empleados por las condiciones y pr\u00e1cticas laborales.<\/li>\n<li><strong>P\u00f3liza de autos comerciales<\/strong>. Protecci\u00f3n para los autos utilizados para la operaci\u00f3n de la empresa.<\/li>\n<li><strong>Seguro contra delincuencia<\/strong>. Protecci\u00f3n contra diversos delitos como robo, asalto, por Internet, etc.<\/li>\n<li><strong>P\u00f3liza de Seguro de ordenanzas de Ley<\/strong>. Protege a las empresas propietarias de edificios contra los da\u00f1os ocasionados por regulaciones de construcci\u00f3n que requieran condiciones especiales para seguir operando.<\/li>\n<li><strong>Seguro de inquilino<\/strong>. Seguro para empresas que no son propietarias de los edificios contra los da\u00f1os que le pudieran ocasionar al mismo o a terceras personas visitantes.<\/li>\n<li><strong>P\u00f3liza\u00a0contra inundaciones<\/strong>. P\u00f3liza independiente que asegura contra el riesgo de inundaciones y que puede ser obtenida directamente del Gobierno a trav\u00e9s de la\u00a0<strong>Agencia Federal para el Manejo de Emergencias<\/strong>.<\/li>\n<li><strong>Seguro de vida para empresas<\/strong>. Diversos planes disponibles para asegurar al propietario, al hombre clave, a los empleados como beneficios o incentivo.<\/li>\n<li><strong>Otros planes especiales dependiendo del giro comercial<\/strong>. Diversos planes para proteger otros bienes de la empresa en diversas situaciones.<\/li>\n<\/ul>\n<h2>Organismos reguladores<\/h2>\n<p>La\u00a0NAIC\u00a0es el principal organismo regulador y responsable de establecer las normas de operaci\u00f3n de las aseguradoras y su evaluaci\u00f3n. Cuenta con comisionados en cada estado debido a las distintas leyes que operan en cada uno de ellos.<\/p>\n<p>Tambi\u00e9n se puede acudir a las oficinas de\u00a0<a href=\"https:\/\/www.usa.gov\/es\/quejas-consumidor\" target=\"_blank\" rel=\"noopener noreferrer\">Protecci\u00f3n al Consumidor<\/a>, aunque suele no ser necesario en este tipo de seguros.<\/p>\n<h2>Compara los seguros de negocios en Cotizator<\/h2>\n<p>En\u00a0<strong>Cotizator.com<\/strong>\u00a0podr\u00e1s comparar f\u00e1cilmente y de manera gratuita las diversas opciones existentes en el mercado en materia de\u00a0<strong>seguros de negocios en USA<\/strong>. Tambi\u00e9n hallar\u00e1s un listado con las empresas que disponen de este tipo de p\u00f3lizas y de muchos otros planes de Seguros.<\/p>\n<p>&nbsp;<\/p>\n<p>&nbsp;<\/p>\n","protected":false},"excerpt":{"rendered":"<p>Cotiza y compara seguros para empresas y consigue el m\u00e1s barato.<\/p>\n","protected":false},"author":2,"featured_media":194,"parent":0,"menu_order":0,"comment_status":"closed","ping_status":"closed","template":"listado.php","meta":{"footnotes":""},"categories":[11],"tags":[],"yoast_head":"<!-- This site is optimized with the Yoast SEO plugin v22.3 - https:\/\/yoast.com\/wordpress\/plugins\/seo\/ -->\n<title>Mejores Seguros de Negocios en Estados Unidos [2026 ]<\/title>\n<meta name=\"description\" content=\"Los mejores Seguros de Negocios en Estados Unidos\ud83e\udd47 | Informaci\u00f3n en Espa\u00f1ol | Cotiza y compara las mejores compa\u00f1\u00edas.\" \/>\n<meta name=\"robots\" content=\"index, follow, max-snippet:-1, max-image-preview:large, max-video-preview:-1\" \/>\n<link rel=\"canonical\" href=\"https:\/\/cotizator.com\/us\/seguros-negocios-usa\/\" \/>\n<meta property=\"og:locale\" content=\"es_ES\" \/>\n<meta property=\"og:type\" content=\"article\" \/>\n<meta property=\"og:title\" content=\"Mejores Seguros de Negocios en Estados Unidos [2026 ]\" \/>\n<meta property=\"og:description\" content=\"Los mejores Seguros de Negocios en Estados Unidos\ud83e\udd47 | Informaci\u00f3n en Espa\u00f1ol | Cotiza y compara las mejores compa\u00f1\u00edas.\" \/>\n<meta property=\"og:url\" content=\"https:\/\/cotizator.com\/us\/seguros-negocios-usa\/\" \/>\n<meta property=\"og:site_name\" content=\"Cotizator USA\" \/>\n<meta property=\"article:publisher\" content=\"https:\/\/www.facebook.com\/cotizator\/\" \/>\n<meta property=\"article:modified_time\" content=\"2024-03-12T14:48:26+00:00\" \/>\n<meta property=\"og:image\" content=\"https:\/\/cotizator.com\/us\/wp-content\/uploads\/2017\/04\/s-empresas1.png\" \/>\n\t<meta property=\"og:image:width\" content=\"304\" \/>\n\t<meta property=\"og:image:height\" content=\"249\" \/>\n\t<meta property=\"og:image:type\" content=\"image\/png\" \/>\n<meta name=\"twitter:card\" content=\"summary_large_image\" \/>\n<meta name=\"twitter:site\" content=\"@cotizator\" \/>\n<meta name=\"twitter:label1\" content=\"Tiempo de lectura\" \/>\n\t<meta name=\"twitter:data1\" content=\"3 minutos\" \/>\n<script type=\"application\/ld+json\" class=\"yoast-schema-graph\">{\"@context\":\"https:\/\/schema.org\",\"@graph\":[{\"@type\":\"WebPage\",\"@id\":\"https:\/\/cotizator.com\/us\/seguros-negocios-usa\/\",\"url\":\"https:\/\/cotizator.com\/us\/seguros-negocios-usa\/\",\"name\":\"Mejores Seguros de Negocios en Estados Unidos [2026 ]\",\"isPartOf\":{\"@id\":\"https:\/\/cotizator.com\/us\/#website\"},\"primaryImageOfPage\":{\"@id\":\"https:\/\/cotizator.com\/us\/seguros-negocios-usa\/#primaryimage\"},\"image\":{\"@id\":\"https:\/\/cotizator.com\/us\/seguros-negocios-usa\/#primaryimage\"},\"thumbnailUrl\":\"https:\/\/cotizator.com\/us\/wp-content\/uploads\/2017\/04\/s-empresas1.png\",\"datePublished\":\"2017-04-14T13:15:05+00:00\",\"dateModified\":\"2024-03-12T14:48:26+00:00\",\"description\":\"Los mejores Seguros de Negocios en Estados Unidos\ud83e\udd47 | Informaci\u00f3n en Espa\u00f1ol | Cotiza y compara las mejores compa\u00f1\u00edas.\",\"breadcrumb\":{\"@id\":\"https:\/\/cotizator.com\/us\/seguros-negocios-usa\/#breadcrumb\"},\"inLanguage\":\"es\",\"potentialAction\":[{\"@type\":\"ReadAction\",\"target\":[\"https:\/\/cotizator.com\/us\/seguros-negocios-usa\/\"]}]},{\"@type\":\"ImageObject\",\"inLanguage\":\"es\",\"@id\":\"https:\/\/cotizator.com\/us\/seguros-negocios-usa\/#primaryimage\",\"url\":\"https:\/\/cotizator.com\/us\/wp-content\/uploads\/2017\/04\/s-empresas1.png\",\"contentUrl\":\"https:\/\/cotizator.com\/us\/wp-content\/uploads\/2017\/04\/s-empresas1.png\",\"width\":304,\"height\":249,\"caption\":\"Seguros para empresas\"},{\"@type\":\"BreadcrumbList\",\"@id\":\"https:\/\/cotizator.com\/us\/seguros-negocios-usa\/#breadcrumb\",\"itemListElement\":[{\"@type\":\"ListItem\",\"position\":1,\"name\":\"Home\",\"item\":\"https:\/\/cotizator.com\/us\/\"},{\"@type\":\"ListItem\",\"position\":2,\"name\":\"Ranking de Seguros de Negocios en USA\"}]},{\"@type\":\"WebSite\",\"@id\":\"https:\/\/cotizator.com\/us\/#website\",\"url\":\"https:\/\/cotizator.com\/us\/\",\"name\":\"Cotizator USA\",\"description\":\"Cotizador de Seguros en Espa\u00f1ol\",\"potentialAction\":[{\"@type\":\"SearchAction\",\"target\":{\"@type\":\"EntryPoint\",\"urlTemplate\":\"https:\/\/cotizator.com\/us\/?s={search_term_string}\"},\"query-input\":\"required name=search_term_string\"}],\"inLanguage\":\"es\"}]}<\/script>\n<!-- \/ Yoast SEO plugin. -->","yoast_head_json":{"title":"Mejores Seguros de Negocios en Estados Unidos [2026 ]","description":"Los mejores Seguros de Negocios en Estados Unidos\ud83e\udd47 | Informaci\u00f3n en Espa\u00f1ol | Cotiza y compara las mejores compa\u00f1\u00edas.","robots":{"index":"index","follow":"follow","max-snippet":"max-snippet:-1","max-image-preview":"max-image-preview:large","max-video-preview":"max-video-preview:-1"},"canonical":"https:\/\/cotizator.com\/us\/seguros-negocios-usa\/","og_locale":"es_ES","og_type":"article","og_title":"Mejores Seguros de Negocios en Estados Unidos [2026 ]","og_description":"Los mejores Seguros de Negocios en Estados Unidos\ud83e\udd47 | Informaci\u00f3n en Espa\u00f1ol | Cotiza y compara las mejores compa\u00f1\u00edas.","og_url":"https:\/\/cotizator.com\/us\/seguros-negocios-usa\/","og_site_name":"Cotizator USA","article_publisher":"https:\/\/www.facebook.com\/cotizator\/","article_modified_time":"2024-03-12T14:48:26+00:00","og_image":[{"width":304,"height":249,"url":"https:\/\/cotizator.com\/us\/wp-content\/uploads\/2017\/04\/s-empresas1.png","type":"image\/png"}],"twitter_card":"summary_large_image","twitter_site":"@cotizator","twitter_misc":{"Tiempo de lectura":"3 minutos"},"schema":{"@context":"https:\/\/schema.org","@graph":[{"@type":"WebPage","@id":"https:\/\/cotizator.com\/us\/seguros-negocios-usa\/","url":"https:\/\/cotizator.com\/us\/seguros-negocios-usa\/","name":"Mejores Seguros de Negocios en Estados Unidos [2026 ]","isPartOf":{"@id":"https:\/\/cotizator.com\/us\/#website"},"primaryImageOfPage":{"@id":"https:\/\/cotizator.com\/us\/seguros-negocios-usa\/#primaryimage"},"image":{"@id":"https:\/\/cotizator.com\/us\/seguros-negocios-usa\/#primaryimage"},"thumbnailUrl":"https:\/\/cotizator.com\/us\/wp-content\/uploads\/2017\/04\/s-empresas1.png","datePublished":"2017-04-14T13:15:05+00:00","dateModified":"2024-03-12T14:48:26+00:00","description":"Los mejores Seguros de Negocios en Estados Unidos\ud83e\udd47 | Informaci\u00f3n en Espa\u00f1ol | Cotiza y compara las mejores compa\u00f1\u00edas.","breadcrumb":{"@id":"https:\/\/cotizator.com\/us\/seguros-negocios-usa\/#breadcrumb"},"inLanguage":"es","potentialAction":[{"@type":"ReadAction","target":["https:\/\/cotizator.com\/us\/seguros-negocios-usa\/"]}]},{"@type":"ImageObject","inLanguage":"es","@id":"https:\/\/cotizator.com\/us\/seguros-negocios-usa\/#primaryimage","url":"https:\/\/cotizator.com\/us\/wp-content\/uploads\/2017\/04\/s-empresas1.png","contentUrl":"https:\/\/cotizator.com\/us\/wp-content\/uploads\/2017\/04\/s-empresas1.png","width":304,"height":249,"caption":"Seguros para empresas"},{"@type":"BreadcrumbList","@id":"https:\/\/cotizator.com\/us\/seguros-negocios-usa\/#breadcrumb","itemListElement":[{"@type":"ListItem","position":1,"name":"Home","item":"https:\/\/cotizator.com\/us\/"},{"@type":"ListItem","position":2,"name":"Ranking de Seguros de Negocios en USA"}]},{"@type":"WebSite","@id":"https:\/\/cotizator.com\/us\/#website","url":"https:\/\/cotizator.com\/us\/","name":"Cotizator USA","description":"Cotizador de Seguros en Espa\u00f1ol","potentialAction":[{"@type":"SearchAction","target":{"@type":"EntryPoint","urlTemplate":"https:\/\/cotizator.com\/us\/?s={search_term_string}"},"query-input":"required name=search_term_string"}],"inLanguage":"es"}]}},"_links":{"self":[{"href":"https:\/\/cotizator.com\/us\/wp-json\/wp\/v2\/pages\/35"}],"collection":[{"href":"https:\/\/cotizator.com\/us\/wp-json\/wp\/v2\/pages"}],"about":[{"href":"https:\/\/cotizator.com\/us\/wp-json\/wp\/v2\/types\/page"}],"author":[{"embeddable":true,"href":"https:\/\/cotizator.com\/us\/wp-json\/wp\/v2\/users\/2"}],"replies":[{"embeddable":true,"href":"https:\/\/cotizator.com\/us\/wp-json\/wp\/v2\/comments?post=35"}],"version-history":[{"count":7,"href":"https:\/\/cotizator.com\/us\/wp-json\/wp\/v2\/pages\/35\/revisions"}],"predecessor-version":[{"id":18172,"href":"https:\/\/cotizator.com\/us\/wp-json\/wp\/v2\/pages\/35\/revisions\/18172"}],"wp:featuredmedia":[{"embeddable":true,"href":"https:\/\/cotizator.com\/us\/wp-json\/wp\/v2\/media\/194"}],"wp:attachment":[{"href":"https:\/\/cotizator.com\/us\/wp-json\/wp\/v2\/media?parent=35"}],"wp:term":[{"taxonomy":"category","embeddable":true,"href":"https:\/\/cotizator.com\/us\/wp-json\/wp\/v2\/categories?post=35"},{"taxonomy":"post_tag","embeddable":true,"href":"https:\/\/cotizator.com\/us\/wp-json\/wp\/v2\/tags?post=35"}],"curies":[{"name":"wp","href":"https:\/\/api.w.org\/{rel}","templated":true}]}}