{"id":29,"date":"2017-04-13T13:18:15","date_gmt":"2017-04-13T13:18:15","guid":{"rendered":"http:\/\/cotizator.com\/us\/?page_id=29"},"modified":"2023-05-23T19:29:29","modified_gmt":"2023-05-23T19:29:29","slug":"seguros-inquilinos-usa","status":"publish","type":"page","link":"https:\/\/cotizator.com\/us\/seguros-inquilinos-usa\/","title":{"rendered":"Seguros de Inquilinos en USA"},"content":{"rendered":"<h2>\u00bfPara qu\u00e9 sirve el Seguro de Inquilinos?<\/h2>\n<p>Un seguro de inquilinos, conocido tambi\u00e9n como seguro para arrendatarios o \u00ab<strong><em>renters insurance\u00a0<\/em>en ingl\u00e9s\u00bb<\/strong>, es una p\u00f3liza dise\u00f1ada para que las personas que alquilan cualquier tipo de vivienda, tengan <strong>protecci\u00f3n contra accidentes o eventos<\/strong> que puedan da\u00f1ar sus pertenencias o la propiedad en general.<\/p>\n<p>En general, este tipo de seguros est\u00e1 dirigido a cualquier persona que est\u00e9 involucrada en un contrato de alquiler, bien sea como propietario o como inquilino.<\/p>\n<p>Si eres un estudiante universitario alquilando una habitaci\u00f3n fuera del campus, o un profesional arrendando un condominio, este seguro <strong>te ayuda a mitigar el da\u00f1o<\/strong> producido por incendios, robos u otros escenarios en la propiedad donde vives.<\/p>\n<p>Es importante aclarar que, aunque el propietario tenga la casa o el departamento asegurado, generalmente esos seguros no se extienden a las pertenencias de los inquilinos. Adem\u00e1s, <strong>si se te considera responsable por los da\u00f1os<\/strong> y no tienes una aseguranza de inquilinos, no gozar\u00e1s de responsabilidad civil ni cobertura por tus bienes personales.<\/p>\n<h2>Tipos de Seguro de Inquilinos en EE.UU<\/h2>\n<p>Ahora que ya conoces qu\u00e9 es el seguro de inquilinos y para qu\u00e9 sirve, vamos a explicarte en detalle <strong>qu\u00e9 es lo que normalmente cubre esta p\u00f3liza<\/strong> en Estados Unidos:<\/p>\n<h3>1- Propiedad Personal<\/h3>\n<p>Como su nombre te lo indica, se trata de la cobertura de tus <strong>pertenencias personales<\/strong> en caso de que sean destruidas o da\u00f1adas. Por supuesto, esta protecci\u00f3n aplica s\u00f3lo en determinados casos que vendr\u00e1n estipulados en la p\u00f3liza. Asimismo, se aplicar\u00e1 un l\u00edmite de cobertura, que representa el monto m\u00e1ximo que el seguro pagar\u00e1 por la p\u00e9rdida de tus bienes personales.<\/p>\n<h3>2- Responsabilidades en caso de accidente<\/h3>\n<p>De este punto hablamos un poco anteriormente y hace referencia a la posibilidad de que seas <strong>presuntamente responsable<\/strong> por los da\u00f1os del accidente y te demanden. De ser as\u00ed, el seguro de inquilinos puede ayudarte a costear los gastos m\u00e9dicos y legales si una persona sali\u00f3 herida o su propiedad sufri\u00f3 da\u00f1os.<\/p>\n<p>Ten en mente que esta cobertura tambi\u00e9n tiene un l\u00edmite y que lo mejor es discutirlo con tu agente de seguros al momento de contratar la p\u00f3liza.<\/p>\n<h3>3- Gastos de vida o p\u00e9rdida de uso<\/h3>\n<p>Por \u00faltimo, otra de las coberturas de los seguros para arrendatarios son los que abarcan los gastos de vida adicionales. Estos se refieren a los gastos que tendr\u00edas si tu vivienda quedara inhabitable temporalmente, como <strong>hospedarte en un hotel<\/strong>. En general, todos los gastos adicionales que tendr\u00edas que enfrentar a causa del suceso que destruy\u00f3 tu vivienda.<\/p>\n<h3>Exclusiones<\/h3>\n<p>Antes de contratar el seguro de alquiler para inquilinos debes conocer las exclusiones que puede tener el servicio:<\/p>\n<ul>\n<li><strong>Inundaciones.\u00a0<\/strong>Los hechos acaecidos por desastres clim\u00e1ticos no corresponden un motivo de aseguranza para el inquilino.<\/li>\n<li><strong>Terremotos<\/strong>.\u00a0Los desastres naturales son hecho fortuitos que no suelen ser cubiertos por las aseguradoras.<\/li>\n<li><strong>Da\u00f1os por plagas e insectos.\u00a0<\/strong>Una de las cosas en las cuales te debes fijar al momento de contratar una p\u00f3liza de seguro para inquilinos es que el lugar en el cual deseas habitar se encuentre libre de materiales que puedan atraer plagas o insectos que ocasionen da\u00f1os irreparables.<\/li>\n<li><strong>Hundimientos por movimientos de tierras.\u00a0<\/strong>En ocasiones<\/li>\n<\/ul>\n<h2>Mejores Seguros de Inquilinos<\/h2>\n<p>Para saber cu\u00e1l es el mejor seguro de inquilinos para ti, es necesario que tomes en cuenta los siguientes factores:<\/p>\n<ul>\n<li><strong>Verifica los tipos de cobertura<\/strong>. Como ya hemos comentado, esta clase de seguros generalmente ofrece 3 tipos de cobertura, pero en algunos casos pueden que sean menos o m\u00e1s. Todo depende de la compa\u00f1\u00eda, as\u00ed que aseg\u00farate de que te ofrece lo que est\u00e1s buscando.<\/li>\n<li><strong>Conoce las diferentes coberturas de bienes personales que existen<\/strong>. La cobertura de bienes personales puede referirse a 2 cosas: el valor en efectivo real de las pertenencias da\u00f1adas o el costo de reemplazo. La primera se refiere al valor del art\u00edculo en el momento en que ocurri\u00f3 el accidente o hurto, considerando la depreciaci\u00f3n del producto. Por su parte, el costo de reemplazo contempla la cantidad que costar\u00eda el mismo producto o uno de caracter\u00edsticas similares, en el momento que ocurri\u00f3 el accidente o hurto.<\/li>\n<li><strong>Revisa los l\u00edmites y deducibles de la cobertura<\/strong>. Por \u00faltimo, resulta imprescindible que le eches un ojo a los l\u00edmites que aplican para cada tipo de cobertura. No olvides que lo m\u00e1s probable es que debas pagar tu deducible antes de que el seguro cubra un reclamo de bienes personales.<\/li>\n<\/ul>\n<p>De igual forma, a continuaci\u00f3n te dejamos un cuadro con los mejores seguros para inquilinos en EE.UU:<\/p>\n<table>\n<thead>\n<tr>\n<th>Nombre<\/th>\n<th>Ventajas<\/th>\n<th>Desventajas<\/th>\n<th>Reputaci\u00f3n<\/th>\n<\/tr>\n<\/thead>\n<tbody>\n<tr>\n<td>USAA<\/td>\n<td>Calificaci\u00f3n A++ y la mejor reputaci\u00f3n del pa\u00eds.<\/td>\n<td>Disponible solamente para militares veteranos o familiares directos de los mismos.<\/td>\n<td>5\/5<\/td>\n<\/tr>\n<tr>\n<td>State Farm<\/td>\n<td>Solidez financiera de A++ y cobertura ilimitada para bienes personales y gastos de vida.<\/td>\n<td>No cubre da\u00f1os a la propiedad, da\u00f1os por por agua (bien sea por inundaci\u00f3n o plomer\u00eda) ni da\u00f1os por temblores o terremotos.<\/td>\n<td>4.7\/5<\/td>\n<\/tr>\n<tr>\n<td>Nationwide<\/td>\n<td>Ofrece coberturas que normalmente no est\u00e1n incluidas como la tarjetas y alteraciones.<\/td>\n<td>Hay que contratar varias p\u00f3lizas de seguros si se quiere acceder a tarifas m\u00e1s bajas.<\/td>\n<td>4.7\/5<\/td>\n<\/tr>\n<tr>\n<td>Farmers<\/td>\n<td>Est\u00e1 disponible en los 50 estados de Estados Unidos.<\/td>\n<td>El servicio de atenci\u00f3n al cliente podr\u00eda ser mejor.<\/td>\n<td>4.5\/5<\/td>\n<\/tr>\n<tr>\n<td>Amica<\/td>\n<td>Coberturas adicionales bastante interesantes y un excelente servicio al cliente.<\/td>\n<td>La cobertura de bienes personales se activa con un pago extra.<\/td>\n<td>4.4\/5<\/td>\n<\/tr>\n<tr>\n<td>Progressive<\/td>\n<td>Precios muy competitivos.<\/td>\n<td>Necesitas SSN para pedir tu p\u00f3liza.<\/td>\n<td>4.4\/5<\/td>\n<\/tr>\n<\/tbody>\n<\/table>\n<h2>Mejores Compa\u00f1\u00edas de Seguros para Inquilinos<\/h2>\n<h2>Cotiza o Compara Precio del Seguro de Inquilinos<\/h2>\n<p>\u00bfQuieres saber el Precio del Seguro de Inquilinos? Llegado a este punto, es muy probable que te est\u00e9s preguntando <strong>cu\u00e1nto cuesta el seguro de inquilinos en Estados Unidos<\/strong>. Como imaginar\u00e1s, la respuesta es: depende. Hay que considerar varios aspectos para poder tener una idea del precio que habr\u00e1 que pagar por dicho seguro. A continuaci\u00f3n te dejamos los <strong>factores m\u00e1s determinantes<\/strong>:<\/p>\n<ul>\n<li>El estado donde vives.<\/li>\n<li>Coberturas de la p\u00f3liza.<\/li>\n<li>Tu perfil como asegurado.<\/li>\n<li>Puntaje de cr\u00e9dito.<\/li>\n<li>Tasa criminal de la zona donde vives.<\/li>\n<li>Riesgos ambientales en la zona o residencia.<\/li>\n<li>El valor de las pertenencias a asegurar.<\/li>\n<\/ul>\n<p>Por esta raz\u00f3n, es muy dif\u00edcil determinar a ciencia exacta cu\u00e1nto tendr\u00e1s que pagar por tu p\u00f3liza de seguro para arrendatarios. Sin embargo, hemos elabora un cuadro donde te mostramos un promedio de los <strong>estados m\u00e1s caros y m\u00e1s baratos<\/strong> para contratar este servicio en EE.UU:<\/p>\n<table>\n<thead>\n<tr>\n<th>Estado<\/th>\n<th>Precio promedio anual<\/th>\n<th>Precio promedio mensual<\/th>\n<\/tr>\n<\/thead>\n<tbody>\n<tr>\n<td>Mississipi<\/td>\n<td>$258<\/td>\n<td>$22<\/td>\n<\/tr>\n<tr>\n<td>Oklahoma<\/td>\n<td>$236<\/td>\n<td>$20<\/td>\n<\/tr>\n<tr>\n<td>Alabama<\/td>\n<td>$253<\/td>\n<td>$20<\/td>\n<\/tr>\n<tr>\n<td>Louisiana<\/td>\n<td>$235<\/td>\n<td>$20<\/td>\n<\/tr>\n<tr>\n<td>Iowa<\/td>\n<td>$144<\/td>\n<td>$12<\/td>\n<\/tr>\n<tr>\n<td>Nebraska<\/td>\n<td>$143<\/td>\n<td>$12<\/td>\n<\/tr>\n<tr>\n<td>Minnesota<\/td>\n<td>$140<\/td>\n<td>$12<\/td>\n<\/tr>\n<tr>\n<td>Wisconsin<\/td>\n<td>$134<\/td>\n<td>$11<\/td>\n<\/tr>\n<tr>\n<td>Dakota del sur<\/td>\n<td>$123<\/td>\n<td>$10<\/td>\n<\/tr>\n<tr>\n<td>Dakota del norte<\/td>\n<td>$120<\/td>\n<td>$10<\/td>\n<\/tr>\n<\/tbody>\n<\/table>\n<p>Como puedes ver, tener un seguro para inquilinos en Estados Unidos dif\u00edcilmente te costar\u00e1 m\u00e1s de $258 d\u00f3lares al a\u00f1o, aunque hay diversos factores en juego.<\/p>\n<p>Sea cual sea tu perfil, tu ubicaci\u00f3n y tu puntaje de cr\u00e9dito, tener esta aseguranza es lo mejor que puedes hacer si quieres <strong>vivir tranquilo<\/strong> en caso de que ocurra un accidente o roben la propiedad donde vives.<\/p>\n<p>Adem\u00e1s, aunque no tengas cosas de mucho valor, si llegase a pasar lo peor, al menos podr\u00e1s recuperar tus pertenencias y <strong>no tendr\u00e1s que empezar de 0<\/strong>.<\/p>\n<p>Si quieres estar m\u00e1s seguro de cu\u00e1nto tendr\u00e1s que pagar por tu seguro de inquilinos, no olvides utilizar los <a href=\"https:\/\/cotizator.com\/us\/\" target=\"_blank\" rel=\"noopener\"><strong>comparadores de Cotizator<\/strong><\/a>.<\/p>\n<h2>Preguntas Frecuentes<\/h2>\n<h3>\u00bfQu\u00e9 es un Seguro de cauci\u00f3n de alquiler?<\/h3>\n<p><strong>Un seguro de cauci\u00f3n no es m\u00e1s que una garant\u00eda que entrega la compa\u00f1\u00eda de seguro al arrendatario<\/strong> con la finalidad de cubrir en el futuro cualquier incumplimiento del pago que pudiese incurrir por parte del arrendado. En este caso, el seguro cobra entre uno y dos meses anticipados al inquilino como dep\u00f3sito obligatorio para que en caso de fallar en un pago, la compa\u00f1\u00eda le reponga al arrendatario el dinero perdido.<\/p>\n<p>Es importante aclarar, que la compa\u00f1\u00eda de seguro est\u00e1 en el derecho de cobrarle al inquilino todos los gastos causados por cobranzas de los meses no pagados.<\/p>\n<h3>\u00bfCu\u00e1nto dan de seguro de vida en Estados Unidos?<\/h3>\n<p>La cantidad de dinero que dan las compa\u00f1\u00edas aseguradoras en EE.UU. dependen del tipo de p\u00f3liza que se haya contratado, la edad del asegurado y el estado de salud. En promedio, la cobertura m\u00ednima es de $90 USD al mes y la amplia de $430 USD al mes para una persona de 30 a\u00f1os.<\/p>\n<p>En cambio, una persona de 60 a\u00f1os tendr\u00eda una cobertura m\u00ednima de $350 USD al mes y una cobertura amplia de $1,750 USD mensuales.<\/p>\n<h3>\u00bfCu\u00e1nto paga un seguro de vida por fallecimiento en USA?<\/h3>\n<p>En general, no hay una sola tarifa para el beneficio por muerte que ofrecen las aseguradoras en USA. Para determinar dicha cantidad, hay que considerar caracter\u00edsticas como <strong>el sexo, la edad, el valor de la p\u00f3liza y el estado de salud<\/strong> del fallecido.<\/p>\n<p>Sin embargo, se estima que las cifras est\u00e1n <strong>entre los $5,000 y $20,000 USD<\/strong> tanto para hombres como para mujeres.<\/p>\n<h3>\u00bfCu\u00e1nto tiempo tengo para cobrar un seguro de vida?<\/h3>\n<p>El tiempo que tienes t\u00fa o tu familia para cobrar un seguro de vida depende del tipo de p\u00f3liza. El seguro de vida temporal por lo general va de <strong>1 a 30 a\u00f1os<\/strong>, mientras que una p\u00f3liza de vida permanente s\u00f3lo se cobra una vez que ha ocurrido el fallecimiento del asegurado.<\/p>\n","protected":false},"excerpt":{"rendered":"<p>\u00bfQuieres estar preparado para lo inesperado y sentirte protegido? Una p\u00f3liza de Seguro de Inquilinos es lo que necesitas para proteger tu vivienda y tus pertenencias si llegase a ocurrir un accidente como un incendio, o entrara un ladr\u00f3n.<\/p>\n<p>Si quieres saber m\u00e1s sobre este tema y comprender c\u00f3mo funcionan los seguros de inquilinos en Estados Unidos, te invitamos a leer este art\u00edculo hasta el final.<\/p>\n","protected":false},"author":2,"featured_media":13962,"parent":0,"menu_order":0,"comment_status":"closed","ping_status":"closed","template":"listado.php","meta":{"footnotes":""},"categories":[8],"tags":[],"yoast_head":"<!-- This site is optimized with the Yoast SEO plugin v22.3 - https:\/\/yoast.com\/wordpress\/plugins\/seo\/ -->\n<title>Mejores Seguros de Inquilinos en Estados Unidos [2026 ]<\/title>\n<meta name=\"description\" content=\"Los mejores Seguros de Inquilinos en Estados Unidos\ud83e\udd47 | Informaci\u00f3n en Espa\u00f1ol | Cotiza y compara las mejores compa\u00f1\u00edas.\" \/>\n<meta name=\"robots\" content=\"index, follow, max-snippet:-1, max-image-preview:large, max-video-preview:-1\" \/>\n<link rel=\"canonical\" href=\"https:\/\/cotizator.com\/us\/seguros-inquilinos-usa\/\" \/>\n<meta property=\"og:locale\" content=\"es_ES\" \/>\n<meta property=\"og:type\" content=\"article\" \/>\n<meta property=\"og:title\" content=\"Mejores Seguros de Inquilinos en Estados Unidos [2026 ]\" \/>\n<meta property=\"og:description\" content=\"Los mejores Seguros de Inquilinos en Estados Unidos\ud83e\udd47 | Informaci\u00f3n en Espa\u00f1ol | Cotiza y compara las mejores compa\u00f1\u00edas.\" \/>\n<meta property=\"og:url\" content=\"https:\/\/cotizator.com\/us\/seguros-inquilinos-usa\/\" \/>\n<meta property=\"og:site_name\" content=\"Cotizator USA\" \/>\n<meta property=\"article:publisher\" content=\"https:\/\/www.facebook.com\/cotizator\/\" \/>\n<meta property=\"article:modified_time\" content=\"2023-05-23T19:29:29+00:00\" \/>\n<meta property=\"og:image\" content=\"https:\/\/cotizator.com\/us\/wp-content\/uploads\/2022\/01\/seguro-de-inquilinos-en-estados-unidos.jpg\" \/>\n\t<meta property=\"og:image:width\" content=\"600\" \/>\n\t<meta property=\"og:image:height\" content=\"400\" \/>\n\t<meta property=\"og:image:type\" content=\"image\/jpeg\" \/>\n<meta name=\"twitter:card\" content=\"summary_large_image\" \/>\n<meta name=\"twitter:site\" content=\"@cotizator\" \/>\n<meta name=\"twitter:label1\" content=\"Tiempo de lectura\" \/>\n\t<meta name=\"twitter:data1\" content=\"8 minutos\" \/>\n<script type=\"application\/ld+json\" class=\"yoast-schema-graph\">{\"@context\":\"https:\/\/schema.org\",\"@graph\":[{\"@type\":\"WebPage\",\"@id\":\"https:\/\/cotizator.com\/us\/seguros-inquilinos-usa\/\",\"url\":\"https:\/\/cotizator.com\/us\/seguros-inquilinos-usa\/\",\"name\":\"Mejores Seguros de Inquilinos en Estados Unidos [2026 ]\",\"isPartOf\":{\"@id\":\"https:\/\/cotizator.com\/us\/#website\"},\"primaryImageOfPage\":{\"@id\":\"https:\/\/cotizator.com\/us\/seguros-inquilinos-usa\/#primaryimage\"},\"image\":{\"@id\":\"https:\/\/cotizator.com\/us\/seguros-inquilinos-usa\/#primaryimage\"},\"thumbnailUrl\":\"https:\/\/cotizator.com\/us\/wp-content\/uploads\/2022\/01\/seguro-de-inquilinos-en-estados-unidos.jpg\",\"datePublished\":\"2017-04-13T13:18:15+00:00\",\"dateModified\":\"2023-05-23T19:29:29+00:00\",\"description\":\"Los mejores Seguros de Inquilinos en Estados Unidos\ud83e\udd47 | Informaci\u00f3n en Espa\u00f1ol | Cotiza y compara las mejores compa\u00f1\u00edas.\",\"breadcrumb\":{\"@id\":\"https:\/\/cotizator.com\/us\/seguros-inquilinos-usa\/#breadcrumb\"},\"inLanguage\":\"es\",\"potentialAction\":[{\"@type\":\"ReadAction\",\"target\":[\"https:\/\/cotizator.com\/us\/seguros-inquilinos-usa\/\"]}]},{\"@type\":\"ImageObject\",\"inLanguage\":\"es\",\"@id\":\"https:\/\/cotizator.com\/us\/seguros-inquilinos-usa\/#primaryimage\",\"url\":\"https:\/\/cotizator.com\/us\/wp-content\/uploads\/2022\/01\/seguro-de-inquilinos-en-estados-unidos.jpg\",\"contentUrl\":\"https:\/\/cotizator.com\/us\/wp-content\/uploads\/2022\/01\/seguro-de-inquilinos-en-estados-unidos.jpg\",\"width\":600,\"height\":400,\"caption\":\"seguro de inquilinos precio\"},{\"@type\":\"BreadcrumbList\",\"@id\":\"https:\/\/cotizator.com\/us\/seguros-inquilinos-usa\/#breadcrumb\",\"itemListElement\":[{\"@type\":\"ListItem\",\"position\":1,\"name\":\"Home\",\"item\":\"https:\/\/cotizator.com\/us\/\"},{\"@type\":\"ListItem\",\"position\":2,\"name\":\"Seguros de Inquilinos en USA\"}]},{\"@type\":\"WebSite\",\"@id\":\"https:\/\/cotizator.com\/us\/#website\",\"url\":\"https:\/\/cotizator.com\/us\/\",\"name\":\"Cotizator USA\",\"description\":\"Cotizador de Seguros en Espa\u00f1ol\",\"potentialAction\":[{\"@type\":\"SearchAction\",\"target\":{\"@type\":\"EntryPoint\",\"urlTemplate\":\"https:\/\/cotizator.com\/us\/?s={search_term_string}\"},\"query-input\":\"required name=search_term_string\"}],\"inLanguage\":\"es\"}]}<\/script>\n<!-- \/ Yoast SEO plugin. -->","yoast_head_json":{"title":"Mejores Seguros de Inquilinos en Estados Unidos [2026 ]","description":"Los mejores Seguros de Inquilinos en Estados Unidos\ud83e\udd47 | Informaci\u00f3n en Espa\u00f1ol | Cotiza y compara las mejores compa\u00f1\u00edas.","robots":{"index":"index","follow":"follow","max-snippet":"max-snippet:-1","max-image-preview":"max-image-preview:large","max-video-preview":"max-video-preview:-1"},"canonical":"https:\/\/cotizator.com\/us\/seguros-inquilinos-usa\/","og_locale":"es_ES","og_type":"article","og_title":"Mejores Seguros de Inquilinos en Estados Unidos [2026 ]","og_description":"Los mejores Seguros de Inquilinos en Estados Unidos\ud83e\udd47 | Informaci\u00f3n en Espa\u00f1ol | Cotiza y compara las mejores compa\u00f1\u00edas.","og_url":"https:\/\/cotizator.com\/us\/seguros-inquilinos-usa\/","og_site_name":"Cotizator USA","article_publisher":"https:\/\/www.facebook.com\/cotizator\/","article_modified_time":"2023-05-23T19:29:29+00:00","og_image":[{"width":600,"height":400,"url":"https:\/\/cotizator.com\/us\/wp-content\/uploads\/2022\/01\/seguro-de-inquilinos-en-estados-unidos.jpg","type":"image\/jpeg"}],"twitter_card":"summary_large_image","twitter_site":"@cotizator","twitter_misc":{"Tiempo de lectura":"8 minutos"},"schema":{"@context":"https:\/\/schema.org","@graph":[{"@type":"WebPage","@id":"https:\/\/cotizator.com\/us\/seguros-inquilinos-usa\/","url":"https:\/\/cotizator.com\/us\/seguros-inquilinos-usa\/","name":"Mejores Seguros de Inquilinos en Estados Unidos [2026 ]","isPartOf":{"@id":"https:\/\/cotizator.com\/us\/#website"},"primaryImageOfPage":{"@id":"https:\/\/cotizator.com\/us\/seguros-inquilinos-usa\/#primaryimage"},"image":{"@id":"https:\/\/cotizator.com\/us\/seguros-inquilinos-usa\/#primaryimage"},"thumbnailUrl":"https:\/\/cotizator.com\/us\/wp-content\/uploads\/2022\/01\/seguro-de-inquilinos-en-estados-unidos.jpg","datePublished":"2017-04-13T13:18:15+00:00","dateModified":"2023-05-23T19:29:29+00:00","description":"Los mejores Seguros de Inquilinos en Estados Unidos\ud83e\udd47 | Informaci\u00f3n en Espa\u00f1ol | Cotiza y compara las mejores compa\u00f1\u00edas.","breadcrumb":{"@id":"https:\/\/cotizator.com\/us\/seguros-inquilinos-usa\/#breadcrumb"},"inLanguage":"es","potentialAction":[{"@type":"ReadAction","target":["https:\/\/cotizator.com\/us\/seguros-inquilinos-usa\/"]}]},{"@type":"ImageObject","inLanguage":"es","@id":"https:\/\/cotizator.com\/us\/seguros-inquilinos-usa\/#primaryimage","url":"https:\/\/cotizator.com\/us\/wp-content\/uploads\/2022\/01\/seguro-de-inquilinos-en-estados-unidos.jpg","contentUrl":"https:\/\/cotizator.com\/us\/wp-content\/uploads\/2022\/01\/seguro-de-inquilinos-en-estados-unidos.jpg","width":600,"height":400,"caption":"seguro de inquilinos precio"},{"@type":"BreadcrumbList","@id":"https:\/\/cotizator.com\/us\/seguros-inquilinos-usa\/#breadcrumb","itemListElement":[{"@type":"ListItem","position":1,"name":"Home","item":"https:\/\/cotizator.com\/us\/"},{"@type":"ListItem","position":2,"name":"Seguros de Inquilinos en USA"}]},{"@type":"WebSite","@id":"https:\/\/cotizator.com\/us\/#website","url":"https:\/\/cotizator.com\/us\/","name":"Cotizator USA","description":"Cotizador de Seguros en Espa\u00f1ol","potentialAction":[{"@type":"SearchAction","target":{"@type":"EntryPoint","urlTemplate":"https:\/\/cotizator.com\/us\/?s={search_term_string}"},"query-input":"required name=search_term_string"}],"inLanguage":"es"}]}},"_links":{"self":[{"href":"https:\/\/cotizator.com\/us\/wp-json\/wp\/v2\/pages\/29"}],"collection":[{"href":"https:\/\/cotizator.com\/us\/wp-json\/wp\/v2\/pages"}],"about":[{"href":"https:\/\/cotizator.com\/us\/wp-json\/wp\/v2\/types\/page"}],"author":[{"embeddable":true,"href":"https:\/\/cotizator.com\/us\/wp-json\/wp\/v2\/users\/2"}],"replies":[{"embeddable":true,"href":"https:\/\/cotizator.com\/us\/wp-json\/wp\/v2\/comments?post=29"}],"version-history":[{"count":18,"href":"https:\/\/cotizator.com\/us\/wp-json\/wp\/v2\/pages\/29\/revisions"}],"predecessor-version":[{"id":17016,"href":"https:\/\/cotizator.com\/us\/wp-json\/wp\/v2\/pages\/29\/revisions\/17016"}],"wp:featuredmedia":[{"embeddable":true,"href":"https:\/\/cotizator.com\/us\/wp-json\/wp\/v2\/media\/13962"}],"wp:attachment":[{"href":"https:\/\/cotizator.com\/us\/wp-json\/wp\/v2\/media?parent=29"}],"wp:term":[{"taxonomy":"category","embeddable":true,"href":"https:\/\/cotizator.com\/us\/wp-json\/wp\/v2\/categories?post=29"},{"taxonomy":"post_tag","embeddable":true,"href":"https:\/\/cotizator.com\/us\/wp-json\/wp\/v2\/tags?post=29"}],"curies":[{"name":"wp","href":"https:\/\/api.w.org\/{rel}","templated":true}]}}