{"id":27,"date":"2017-04-05T12:03:49","date_gmt":"2017-04-05T12:03:49","guid":{"rendered":"http:\/\/cotizator.com\/us\/?page_id=27"},"modified":"2024-03-12T14:48:57","modified_gmt":"2024-03-12T14:48:57","slug":"seguros-moto-usa","status":"publish","type":"page","link":"https:\/\/cotizator.com\/us\/seguros-moto-usa\/","title":{"rendered":"Seguros de Moto en USA"},"content":{"rendered":"<p>Los <strong>seguros de moto en USA<\/strong> son indispensables para cualquier conductor como una medida de protecci\u00f3n financiera y legal. Funcionan de manera muy similar a los seguros de autos, con requerimientos id\u00e9nticos en la mayor\u00eda de los estados, salvo algunas excepciones.<\/p>\n<p>Por las ventas en seguros de veh\u00edculos del 2014, las m\u00e1s importantes aseguradoras son State Farm Insurance, Geico, Allstate, Progressive y USAA.<\/p>\n<h2>Mejores Compa\u00f1\u00edas de Seguros de Moto<\/h2>\n<h2>Tipos de seguros de moto<\/h2>\n<p>Los <strong>seguros de moto en USA<\/strong> se pueden clasificar b\u00e1sicamente en los siguientes tipos. Varios de ellos son obligatorios por Ley en la mayor\u00eda de los estados:<\/p>\n<ul>\n<li><strong>Responsabilidad por Da\u00f1os a la Propiedad (PD)<\/strong>. Cubre los da\u00f1os que se pudieran ocasionar con la motocicleta a otros veh\u00edculos y bienes. Aplica en caso de que el conductor de la motocicleta sea la responsable del accidente. Es obligatorio en la mayor\u00eda de los estados con las mismas coberturas m\u00ednimas requeridas para los autos.<\/li>\n<li><strong>Responsabilidad por Da\u00f1o Corporal (BD)<\/strong>. Opera en caso de accidente causado por la motocicleta, por lesiones que cause a las personas. Es requerimiento obligatorio en la mayor\u00eda de los estados y por los mismos montos que en autos.<\/li>\n<li><strong>Cobertura de Automovilistas sin seguro (UM)<\/strong>. Ofrece protecci\u00f3n al conductor y acompa\u00f1ante de la moto en caso de que otro veh\u00edculo sin seguro sea el responsable del accidente. Es obligatorio en pr\u00e1cticamente la mitad de los estados.<\/li>\n<li><strong>Beneficios M\u00e9dicos<\/strong>. Solo requerido en el estado de Florida por al menos $ 10,000 para atenci\u00f3n suya en caso de accidente.<\/li>\n<\/ul>\n<p>Las siguientes coberturas son consideradas opcionales y dependen de cada propietario de motocicleta, de acuerdo con sus deseos de protecci\u00f3n:<\/p>\n<ul>\n<li><strong>Pago M\u00e9dico<\/strong>. Este seguro protege contra los gastos m\u00e9dicos necesarios para atenci\u00f3n del conductor de la moto y su acompa\u00f1ante. Funciona en caso de que no dispongan de un seguro de salud o este sea insuficiente. Es obligatorio en los estados de Pennsylvania, Maine y New Hampshire.<\/li>\n<li><strong>Da\u00f1os por colisi\u00f3n<\/strong>. Cubre los da\u00f1os materiales ocasionados a la motocicleta en caso de accidente del que resulte legalmente responsable.<\/li>\n<li><strong>Cobertura Completa<\/strong>. Incluye otras coberturas a la\u00a0moto como robo, adem\u00e1s de diversos da\u00f1os ocasionados por causa distinta de un accidente con veh\u00edculos. Cubre tambi\u00e9n colisiones con animales.<\/li>\n<li><strong>Protecci\u00f3n de Lesiones Personales (PIP)<\/strong>. Una opci\u00f3n en diversos estados que se encarga de pagar las cuentas m\u00e9dicas necesarias sufridas por el conductor de la moto, el acompa\u00f1ante o alg\u00fan peat\u00f3n. Su venta no est\u00e1 permitida por algunos estados.<\/li>\n<li><strong>Otras coberturas adicionales<\/strong>. Dependiendo de la aseguradora es posible contratar coberturas como <strong>Interrupci\u00f3n de Viaje<\/strong>, Piezas, Equipos y Accesorios Personalizados, Asistencia en el Camino y otras.<\/li>\n<\/ul>\n<p>Los requerimientos m\u00ednimos de ley de cada estado se pueden consultar en seguros de moto en USA.<\/p>\n<h2>Organismos reguladores<\/h2>\n<p>La NAIC (<strong>National Association of Insurance Commissioners<\/strong>) es la instituci\u00f3n encargada de fijar las normas en materia de seguros, aunque en los USA cada estado tiene la \u00faltima palabra en lo que aplica o no. Las controversias pueden ser resueltas por las oficinas de <a href=\"https:\/\/www.usa.gov\/es\/quejas-consumidor\" target=\"_blank\" rel=\"noopener noreferrer\">Protecci\u00f3n al Consumidor<\/a>.<\/p>\n<h2>Compara los seguros de moto en Cotizator<\/h2>\n<p>Para que te asegures de obtener los mejores <strong>seguros de moto en USA<\/strong>, utiliza los servicios gratuitos de <strong>Cotizator.com<\/strong>. Sus herramientas te permitir\u00e1n\u00a0comparar las distintas opciones disponibles en el mercado.<\/p>\n<p>Los planes tambi\u00e9n podr\u00e1s conocerlos en las p\u00e1ginas de <strong>Cotizator<\/strong>, adem\u00e1s del Ranking de las aseguradoras que los ofrecen, para que conozcas cu\u00e1les son las mejores empresas.<\/p>\n","protected":false},"excerpt":{"rendered":"<p>Compara y cotiza los seguros de motos disponibles en Estados Unidos. Consigue el precio m\u00e1s barato para tu p\u00f3liza.<\/p>\n","protected":false},"author":2,"featured_media":158,"parent":0,"menu_order":0,"comment_status":"closed","ping_status":"closed","template":"listado.php","meta":{"footnotes":""},"categories":[10],"tags":[],"yoast_head":"<!-- This site is optimized with the Yoast SEO plugin v22.3 - https:\/\/yoast.com\/wordpress\/plugins\/seo\/ -->\n<title>Mejores Seguros de Moto en Estados Unidos [2026 ]<\/title>\n<meta name=\"description\" content=\"Los mejores Seguros de Moto en Estados Unidos\ud83e\udd47 | Informaci\u00f3n en Espa\u00f1ol | Cotiza y compara las mejores compa\u00f1\u00edas.\" \/>\n<meta name=\"robots\" content=\"index, follow, max-snippet:-1, max-image-preview:large, max-video-preview:-1\" \/>\n<link rel=\"canonical\" href=\"https:\/\/cotizator.com\/us\/seguros-moto-usa\/\" \/>\n<meta property=\"og:locale\" content=\"es_ES\" \/>\n<meta property=\"og:type\" content=\"article\" \/>\n<meta property=\"og:title\" content=\"Mejores Seguros de Moto en Estados Unidos [2026 ]\" \/>\n<meta property=\"og:description\" content=\"Los mejores Seguros de Moto en Estados Unidos\ud83e\udd47 | Informaci\u00f3n en Espa\u00f1ol | Cotiza y compara las mejores compa\u00f1\u00edas.\" \/>\n<meta property=\"og:url\" content=\"https:\/\/cotizator.com\/us\/seguros-moto-usa\/\" \/>\n<meta property=\"og:site_name\" content=\"Cotizator USA\" \/>\n<meta property=\"article:publisher\" content=\"https:\/\/www.facebook.com\/cotizator\/\" \/>\n<meta property=\"article:modified_time\" content=\"2024-03-12T14:48:57+00:00\" \/>\n<meta property=\"og:image\" content=\"https:\/\/cotizator.com\/us\/wp-content\/uploads\/2017\/04\/s-moto11.png\" \/>\n\t<meta property=\"og:image:width\" content=\"304\" \/>\n\t<meta property=\"og:image:height\" content=\"249\" \/>\n\t<meta property=\"og:image:type\" content=\"image\/png\" \/>\n<meta name=\"twitter:card\" content=\"summary_large_image\" \/>\n<meta name=\"twitter:site\" content=\"@cotizator\" \/>\n<meta name=\"twitter:label1\" content=\"Tiempo de lectura\" \/>\n\t<meta name=\"twitter:data1\" content=\"3 minutos\" \/>\n<script type=\"application\/ld+json\" class=\"yoast-schema-graph\">{\"@context\":\"https:\/\/schema.org\",\"@graph\":[{\"@type\":\"WebPage\",\"@id\":\"https:\/\/cotizator.com\/us\/seguros-moto-usa\/\",\"url\":\"https:\/\/cotizator.com\/us\/seguros-moto-usa\/\",\"name\":\"Mejores Seguros de Moto en Estados Unidos [2026 ]\",\"isPartOf\":{\"@id\":\"https:\/\/cotizator.com\/us\/#website\"},\"primaryImageOfPage\":{\"@id\":\"https:\/\/cotizator.com\/us\/seguros-moto-usa\/#primaryimage\"},\"image\":{\"@id\":\"https:\/\/cotizator.com\/us\/seguros-moto-usa\/#primaryimage\"},\"thumbnailUrl\":\"https:\/\/cotizator.com\/us\/wp-content\/uploads\/2017\/04\/s-moto11.png\",\"datePublished\":\"2017-04-05T12:03:49+00:00\",\"dateModified\":\"2024-03-12T14:48:57+00:00\",\"description\":\"Los mejores Seguros de Moto en Estados Unidos\ud83e\udd47 | Informaci\u00f3n en Espa\u00f1ol | Cotiza y compara las mejores compa\u00f1\u00edas.\",\"breadcrumb\":{\"@id\":\"https:\/\/cotizator.com\/us\/seguros-moto-usa\/#breadcrumb\"},\"inLanguage\":\"es\",\"potentialAction\":[{\"@type\":\"ReadAction\",\"target\":[\"https:\/\/cotizator.com\/us\/seguros-moto-usa\/\"]}]},{\"@type\":\"ImageObject\",\"inLanguage\":\"es\",\"@id\":\"https:\/\/cotizator.com\/us\/seguros-moto-usa\/#primaryimage\",\"url\":\"https:\/\/cotizator.com\/us\/wp-content\/uploads\/2017\/04\/s-moto11.png\",\"contentUrl\":\"https:\/\/cotizator.com\/us\/wp-content\/uploads\/2017\/04\/s-moto11.png\",\"width\":304,\"height\":249,\"caption\":\"Seguros de Moto en USA\"},{\"@type\":\"BreadcrumbList\",\"@id\":\"https:\/\/cotizator.com\/us\/seguros-moto-usa\/#breadcrumb\",\"itemListElement\":[{\"@type\":\"ListItem\",\"position\":1,\"name\":\"Home\",\"item\":\"https:\/\/cotizator.com\/us\/\"},{\"@type\":\"ListItem\",\"position\":2,\"name\":\"Seguros de Moto en USA\"}]},{\"@type\":\"WebSite\",\"@id\":\"https:\/\/cotizator.com\/us\/#website\",\"url\":\"https:\/\/cotizator.com\/us\/\",\"name\":\"Cotizator USA\",\"description\":\"Cotizador de Seguros en Espa\u00f1ol\",\"potentialAction\":[{\"@type\":\"SearchAction\",\"target\":{\"@type\":\"EntryPoint\",\"urlTemplate\":\"https:\/\/cotizator.com\/us\/?s={search_term_string}\"},\"query-input\":\"required name=search_term_string\"}],\"inLanguage\":\"es\"}]}<\/script>\n<!-- \/ Yoast SEO plugin. -->","yoast_head_json":{"title":"Mejores Seguros de Moto en Estados Unidos [2026 ]","description":"Los mejores Seguros de Moto en Estados Unidos\ud83e\udd47 | Informaci\u00f3n en Espa\u00f1ol | Cotiza y compara las mejores compa\u00f1\u00edas.","robots":{"index":"index","follow":"follow","max-snippet":"max-snippet:-1","max-image-preview":"max-image-preview:large","max-video-preview":"max-video-preview:-1"},"canonical":"https:\/\/cotizator.com\/us\/seguros-moto-usa\/","og_locale":"es_ES","og_type":"article","og_title":"Mejores Seguros de Moto en Estados Unidos [2026 ]","og_description":"Los mejores Seguros de Moto en Estados Unidos\ud83e\udd47 | Informaci\u00f3n en Espa\u00f1ol | Cotiza y compara las mejores compa\u00f1\u00edas.","og_url":"https:\/\/cotizator.com\/us\/seguros-moto-usa\/","og_site_name":"Cotizator USA","article_publisher":"https:\/\/www.facebook.com\/cotizator\/","article_modified_time":"2024-03-12T14:48:57+00:00","og_image":[{"width":304,"height":249,"url":"https:\/\/cotizator.com\/us\/wp-content\/uploads\/2017\/04\/s-moto11.png","type":"image\/png"}],"twitter_card":"summary_large_image","twitter_site":"@cotizator","twitter_misc":{"Tiempo de lectura":"3 minutos"},"schema":{"@context":"https:\/\/schema.org","@graph":[{"@type":"WebPage","@id":"https:\/\/cotizator.com\/us\/seguros-moto-usa\/","url":"https:\/\/cotizator.com\/us\/seguros-moto-usa\/","name":"Mejores Seguros de Moto en Estados Unidos [2026 ]","isPartOf":{"@id":"https:\/\/cotizator.com\/us\/#website"},"primaryImageOfPage":{"@id":"https:\/\/cotizator.com\/us\/seguros-moto-usa\/#primaryimage"},"image":{"@id":"https:\/\/cotizator.com\/us\/seguros-moto-usa\/#primaryimage"},"thumbnailUrl":"https:\/\/cotizator.com\/us\/wp-content\/uploads\/2017\/04\/s-moto11.png","datePublished":"2017-04-05T12:03:49+00:00","dateModified":"2024-03-12T14:48:57+00:00","description":"Los mejores Seguros de Moto en Estados Unidos\ud83e\udd47 | Informaci\u00f3n en Espa\u00f1ol | Cotiza y compara las mejores compa\u00f1\u00edas.","breadcrumb":{"@id":"https:\/\/cotizator.com\/us\/seguros-moto-usa\/#breadcrumb"},"inLanguage":"es","potentialAction":[{"@type":"ReadAction","target":["https:\/\/cotizator.com\/us\/seguros-moto-usa\/"]}]},{"@type":"ImageObject","inLanguage":"es","@id":"https:\/\/cotizator.com\/us\/seguros-moto-usa\/#primaryimage","url":"https:\/\/cotizator.com\/us\/wp-content\/uploads\/2017\/04\/s-moto11.png","contentUrl":"https:\/\/cotizator.com\/us\/wp-content\/uploads\/2017\/04\/s-moto11.png","width":304,"height":249,"caption":"Seguros de Moto en USA"},{"@type":"BreadcrumbList","@id":"https:\/\/cotizator.com\/us\/seguros-moto-usa\/#breadcrumb","itemListElement":[{"@type":"ListItem","position":1,"name":"Home","item":"https:\/\/cotizator.com\/us\/"},{"@type":"ListItem","position":2,"name":"Seguros de Moto en USA"}]},{"@type":"WebSite","@id":"https:\/\/cotizator.com\/us\/#website","url":"https:\/\/cotizator.com\/us\/","name":"Cotizator USA","description":"Cotizador de Seguros en Espa\u00f1ol","potentialAction":[{"@type":"SearchAction","target":{"@type":"EntryPoint","urlTemplate":"https:\/\/cotizator.com\/us\/?s={search_term_string}"},"query-input":"required name=search_term_string"}],"inLanguage":"es"}]}},"_links":{"self":[{"href":"https:\/\/cotizator.com\/us\/wp-json\/wp\/v2\/pages\/27"}],"collection":[{"href":"https:\/\/cotizator.com\/us\/wp-json\/wp\/v2\/pages"}],"about":[{"href":"https:\/\/cotizator.com\/us\/wp-json\/wp\/v2\/types\/page"}],"author":[{"embeddable":true,"href":"https:\/\/cotizator.com\/us\/wp-json\/wp\/v2\/users\/2"}],"replies":[{"embeddable":true,"href":"https:\/\/cotizator.com\/us\/wp-json\/wp\/v2\/comments?post=27"}],"version-history":[{"count":12,"href":"https:\/\/cotizator.com\/us\/wp-json\/wp\/v2\/pages\/27\/revisions"}],"predecessor-version":[{"id":18169,"href":"https:\/\/cotizator.com\/us\/wp-json\/wp\/v2\/pages\/27\/revisions\/18169"}],"wp:featuredmedia":[{"embeddable":true,"href":"https:\/\/cotizator.com\/us\/wp-json\/wp\/v2\/media\/158"}],"wp:attachment":[{"href":"https:\/\/cotizator.com\/us\/wp-json\/wp\/v2\/media?parent=27"}],"wp:term":[{"taxonomy":"category","embeddable":true,"href":"https:\/\/cotizator.com\/us\/wp-json\/wp\/v2\/categories?post=27"},{"taxonomy":"post_tag","embeddable":true,"href":"https:\/\/cotizator.com\/us\/wp-json\/wp\/v2\/tags?post=27"}],"curies":[{"name":"wp","href":"https:\/\/api.w.org\/{rel}","templated":true}]}}