{"id":18,"date":"2017-04-10T21:04:45","date_gmt":"2017-04-10T21:04:45","guid":{"rendered":"http:\/\/cotizator.com\/us\/?page_id=18"},"modified":"2024-04-24T19:02:30","modified_gmt":"2024-04-24T19:02:30","slug":"seguros-mascotas-usa","status":"publish","type":"page","link":"https:\/\/cotizator.com\/us\/seguros-mascotas-usa\/","title":{"rendered":"Seguros para Perros y Mascotas en USA"},"content":{"rendered":"<p>Los Seguros de Mascotas y particularmente los seguros para perros se han vuelto p\u00f3lizas cada vez m\u00e1s famosas. Esto se debe a que, cualquiera que alguna vez haya llevado a una mascota enferma o lesionada al veterinario sabe <strong>lo costosa que puede ser la atenci\u00f3n veterinaria<\/strong>. En este art\u00edculo te hablaremos un poco sobre los tipos de seguros de mascotas que existen; y cu\u00e1les son las aseguradoras m\u00e1s populares que ofrecen <strong>excelentes aseguranzas para perros y gatos<\/strong>. Sigue leyendo y conoce m\u00e1s detalles&#8230;<\/p>\n<h2>Tipos de Seguros de Mascotas<\/h2>\n<p>Los tipos de <strong>seguros de mascotas en USA<\/strong> var\u00edan mucho de una empresa a otra. Los siguientes son algunos de los beneficios que se pueden encontrar en las m\u00e1s completas p\u00f3lizas de seguros:<\/p>\n<ul>\n<li><strong>Accidentes<\/strong>. Todos los gastos necesarios por las lesiones ocasionadas por accidentes, como luxaciones, huesos rotos, alergias y problemas por exposici\u00f3n a substancias t\u00f3xicas, mordeduras, da\u00f1os y obstrucciones al tragar huesos y otras. Incluye las terapias necesarias para su restablecimiento.<\/li>\n<li><strong>Enfermedades<\/strong>. Cubren desde malestares estomacales, y diarrea hasta padecimientos graves como el c\u00e1ncer.<\/li>\n<li><strong>Padecimientos Hereditarios<\/strong>. Algunas aseguradoras protegen tambi\u00e9n por enfermedades cong\u00e9nitas y hasta problemas de comportamiento.<\/li>\n<li><strong>Cuidados Preventivos<\/strong>. Atenci\u00f3n necesaria para evitar enfermedades, como aplicaci\u00f3n de vacunas, limpiezas dentales, an\u00e1lisis de laboratorio y ex\u00e1menes necesarios, etc.<\/li>\n<\/ul>\n<p>Las <strong>enfermedades preexistentes<\/strong> no est\u00e1n cubiertas generalmente por las aseguradoras. Aplican <strong>deducibles<\/strong> por a\u00f1o que var\u00edan en la mayor\u00eda de los casos <strong>entre $100 y $ 1,000<\/strong>.<\/p>\n<h2>Mejores Compa\u00f1\u00edas de Seguros para Mascotas<\/h2>\n<h3>Mejores Aseguranzas para Perros y Gatos<\/h3>\n<p>Nuestro conteo queda enlistado de la siguiente manera:<\/p>\n<ul>\n<li><strong>Healthy Paws.<\/strong><\/li>\n<li><strong>Pet Assure.<\/strong><\/li>\n<li><strong>PetFirst<\/strong>.<\/li>\n<li><strong>Embrace.<\/strong><\/li>\n<li><strong>ASPCA.<\/strong><\/li>\n<\/ul>\n<p>Ten en cuenta que, seleccionamos las mejores compa\u00f1\u00edas de seguros para perros porque ofrecen los siguientes aspectos:<\/p>\n<ul>\n<li><strong>Generosa cobertura<\/strong> de accidentes y enfermedades.<\/li>\n<li>Primas y deducibles flexibles.<\/li>\n<li><strong>T\u00e9rminos transparentes.<\/strong><\/li>\n<li><strong>Descuentos<\/strong> por asegurar varias mascotas.<\/li>\n<li>Opci\u00f3n de cobertura de<strong> atenci\u00f3n preventiva o cl\u00e1usulas adicionales<\/strong>.<\/li>\n<\/ul>\n<h4>1) Healthy Paws: Mejor Seguro para Perros y Gatos en General<\/h4>\n<p>Esta compa\u00f1\u00eda ofrece un <strong>\u00fanico plan de seguro para perros<\/strong> que cubre accidentes y enfermedades con un deducible anual econ\u00f3mico y sin l\u00edmites de pago. Ahora bien, <strong>si deseas reducir tus primas,<\/strong> Healthy Paws te ofrece la opci\u00f3n de aumentar tu deducible o reducir tu nivel de reembolso. Adem\u00e1s, ofrece medicina alternativa y tratamientos que incluye: <strong>Hidroterapia, acupuntura y atenci\u00f3n quiropr\u00e1ctica<\/strong>.<\/p>\n<p>Ten en cuenta que,\u00a0Healthy Paws no cubre gastos de bienestar, ex\u00e1menes veterinarios y tratamiento para problemas de conducta. Entre sus caracter\u00edsticas m\u00e1s destacables se encuentran:<\/p>\n<ul>\n<li><strong>Puntuaci\u00f3n Promedio<\/strong>: 4,3\/5 estrellas.<\/li>\n<li><strong>Prima para perros<\/strong>: $39,10\/mes.<\/li>\n<li><strong>Prima para gatos<\/strong>: $12,71\/mes.<\/li>\n<li><strong>Deducible anual<\/strong>: $500.<\/li>\n<li>Sin limitaciones en la cobertura.<\/li>\n<li>Esta p\u00f3liza incluye afecciones espec\u00edficas seg\u00fan la raza como por ejemplo: Displasia de cadera.<\/li>\n<\/ul>\n<h4>2) Pet Assure: Mejor para Seguro de Perros a Bajo Costo<\/h4>\n<p>Pet Assure no se incluye en el <strong>seguro est\u00e1ndar para mascotas<\/strong>, pero su bajo costo y flexibilidad lo convierten en nuestra mejor opci\u00f3n para los propietarios de todo tipo de mascotas que buscan ahorrar dinero en este seguro. Esta compa\u00f1\u00eda ofrece planes para un solo gato o un solo perro, y<strong> un plan familiar para hasta cuatro animales de cualquier tama\u00f1o<\/strong>; adem\u00e1s de un plan ilimitado para todas las mascotas de tu hogar. Lo mejor de todo es que no hay un per\u00edodo de espera antes de que puedas usar tu cobertura. Entre sus <strong>principales caracter\u00edsticas<\/strong> se destacan:<\/p>\n<ul>\n<li><strong>Puntuaci\u00f3n Promedio<\/strong>: 4,1\/5 estrellas.<\/li>\n<li><strong>Prima para perros<\/strong>: $99\/a\u00f1o o $8,25\/mes.<\/li>\n<li><strong>Prima para gatos<\/strong>: $99\/a\u00f1o $8,25\/mes.<\/li>\n<li><strong>Deducible anual<\/strong>: $0<\/li>\n<li>Tarifas mensuales bajas.<\/li>\n<li>Cubre todo tipo de mascotas.<\/li>\n<li>Sin per\u00edodos de prueba.<\/li>\n<\/ul>\n<p>Finalmente, todos los planes de Pet Assure<strong> incluyen servicios veterinarios con descuento<\/strong>, incluso en tratamientos especializados por:<\/p>\n<ul>\n<li><strong>Accidentes.<\/strong><\/li>\n<li>Enfermedades.<\/li>\n<li><strong>Cuidado preventivo.<\/strong><\/li>\n<li>Condiciones preexistentes.<\/li>\n<\/ul>\n<h4>3) Pet First: Mejor Seguro para Perros para Cuidados Rutinarios<\/h4>\n<p>PetFirst ofrece una p\u00f3liza de seguro \u00fanica que brinda cobertura para lesiones, <strong>enfermedades y tratamientos relacionados con mascotas<\/strong>, esta p\u00f3liza protege a tu perro en caso de:<\/p>\n<ul>\n<li><strong>Hospitalizaciones.<\/strong><\/li>\n<li>Cirug\u00edas.<\/li>\n<li><strong>Pruebas de diagn\u00f3stico.<\/strong><\/li>\n<li>Ex\u00e1menes.<\/li>\n<li><strong>Rayos X.<\/strong><\/li>\n<li>Ultrasonidos.<\/li>\n<li><strong>Medicamentos.<\/strong><\/li>\n<li>Cuidado hol\u00edstico.<\/li>\n<li><strong>Terapias alternativas.<\/strong><\/li>\n<li>Cuidados de emergencia.<\/li>\n<\/ul>\n<p>Otro punto a favor de Pet First es que puedes <strong>utilizar tu cobertura tan solo 1 d\u00eda despu\u00e9s<\/strong> de que comience tu suscripci\u00f3n. Sin embargo, en cuanto a la <strong>protecci\u00f3n contra enfermedades<\/strong>; esta aseguradora limita su <strong>per\u00edodo de espera en 14 d\u00edas<\/strong>.<\/p>\n<p>Tambi\u00e9n, tienes la opci\u00f3n de agregar la Cobertura de Cl\u00e1usula de Rutina de PetFirst, que paga el <strong>costo del examen veterinario anual de tu mascota<\/strong>; as\u00ed como vacunas, entrenamiento conductual, microchip y m\u00e1s. Esta cl\u00e1usula adicional est\u00e1 disponible en cinco niveles, con una <strong>cobertura anual de $125 a $575<\/strong>. Ahora bien, las caracter\u00edsticas que m\u00e1s resaltan de este seguro son:<\/p>\n<ul>\n<li><strong>Puntuaci\u00f3n Promedio<\/strong>: 4,0\/5 estrellas.<\/li>\n<li><strong>Prima para perros<\/strong>: $15\/mes.<\/li>\n<li><strong>Prima para gatos<\/strong>: $9\/mes.<\/li>\n<li><strong>Deducible anual<\/strong>: $250.<\/li>\n<li><strong>Per\u00edodo de espera<\/strong>: 1 d\u00eda por accidentes, 14 d\u00edas por enfermedades.<\/li>\n<li><strong>L\u00edmites anuales:<\/strong>\u00a0$10,000.<\/li>\n<li>Tama\u00f1o de la red es ilimitado.<\/li>\n<\/ul>\n<h4>4) Embrace: Mejor Seguro en General para Emergencias<\/h4>\n<p>Embrace hace un trabajo excepcional cuando<strong> se trata de seguros de emergencias para perros<\/strong>. En caso de una lesi\u00f3n, Embrace tiene planes que cubrir\u00e1n las facturas de emergencia de tu mascota en <strong>cualquier hospital veterinario autorizado<\/strong>. Ahora bien, los<strong> beneficios por accidentes<\/strong> comienzan despu\u00e9s de solo dos d\u00edas. Esto quiere decir que, Embrace tiene un per\u00edodo de espera mucho m\u00e1s corto que la mayor\u00eda de los competidores de este ranking.<\/p>\n<p>Por su parte,\u00a0Embrace ofrece dos p\u00f3lizas de seguro para mascotas que son:<\/p>\n<ul>\n<li><strong>P\u00f3liza de accidentes<\/strong>: Per\u00edodo de espera de 2 d\u00edas.<\/li>\n<li><strong>Cobertura de Enfermedades<\/strong>: Per\u00edodo de espera de 14 d\u00edas.<\/li>\n<\/ul>\n<p>Esta aseguradora se encarga de incluir en sus p\u00f3lizas una amplia gama de tratamientos y servicios, tales como:<\/p>\n<ul>\n<li><strong>Hospitalizaci\u00f3n.<\/strong><\/li>\n<li>Cirug\u00eda.<\/li>\n<li><strong>Condiciones hereditarias.<\/strong><\/li>\n<li>Tasas de examen.<\/li>\n<li><strong>Cuidados de emergencia.<\/strong><\/li>\n<li>Condiciones cr\u00f3nicas.<\/li>\n<li><strong>Tratamiento para el c\u00e1ncer.<\/strong><\/li>\n<li>Condiciones cong\u00e9nitas.<\/li>\n<li><strong>Terapia de comportamiento.<\/strong><\/li>\n<li>Ex\u00e1menes de diagn\u00f3stico.<\/li>\n<li><strong>Prescripciones.<\/strong><\/li>\n<li>Rehabilitaci\u00f3n.<\/li>\n<\/ul>\n<p>Embrace <strong>destaca en los siguientes aspectos<\/strong>:<\/p>\n<ul>\n<li><strong>Puntuaci\u00f3n Promedio<\/strong>: 4,0\/5 estrellas.<\/li>\n<li><strong>Prima para perros<\/strong>: $150\/a\u00f1o.<\/li>\n<li><strong>Deducible anual<\/strong>: Var\u00eda entre $200 y 1,000\/a\u00f1o cuando combinas p\u00f3liza de accidentes con enfermedades.<\/li>\n<li><strong>Per\u00edodo de espera<\/strong>: 2 d\u00edas por accidentes, 14 d\u00edas por enfermedades.<\/li>\n<li><strong>L\u00edmites anuales:<\/strong> $30,000.<\/li>\n<\/ul>\n<p>Finalmente, ten en cuenta que el <strong>plan de seguro para accidentes<\/strong> de Embrace est\u00e1 disponible (<strong>exclusivamente para perros mayores de 15 a\u00f1os<\/strong>) y cubre costos relacionados con:<\/p>\n<ul>\n<li><strong>Objetos ingeridos.<\/strong><\/li>\n<li>Accidentes automovil\u00edsticos.<\/li>\n<li><strong>Lesiones.<\/strong><\/li>\n<li>Envenenamiento.<\/li>\n<li><strong>Cortes y laceraciones.<\/strong><\/li>\n<li>Medicamentos recetados para afecciones cubiertas.<\/li>\n<\/ul>\n<h4>5) ASPCA: Mejor Seguro para Agrupar Varias Mascotas (Perros y Gatos)<\/h4>\n<p>La aseguradora ASPCA <strong>cubre perros y gatos<\/strong> mientras que ofrece un<strong> 10% de descuento por m\u00faltiples mascotas<\/strong>; lo que la convierte en la mejor opci\u00f3n para hogares con varios miembros peludos de la familia. La p\u00f3liza de cobertura completa de ASPCA incluye lo siguiente:<\/p>\n<ul>\n<li><strong>Accidentes.<\/strong><\/li>\n<li>Enfermedades.<\/li>\n<li><strong>Condiciones hereditarias.<\/strong><\/li>\n<li>Enfermedades dentales.<\/li>\n<li><strong>Salud conductual.<\/strong><\/li>\n<\/ul>\n<p>Por otra parte, la p\u00f3liza de <strong>cobertura solo para accidentes<\/strong> de ASPCA <strong>paga exclusivamente por las lesiones y el tratamiento<\/strong> relacionados con accidentes, tales como:<\/p>\n<ul>\n<li><strong>Ligamentos rotos.<\/strong><\/li>\n<li>Heridas por mordedura.<\/li>\n<li><strong>Huesos rotos.<\/strong><\/li>\n<li>Objetos ingeridos.<\/li>\n<li><strong>Rayos X.<\/strong><\/li>\n<li>Resonancias magn\u00e9ticas.<\/li>\n<li><strong>Ultrasonidos.<\/strong><\/li>\n<li>Cirug\u00eda.<\/li>\n<li><strong>Hospitalizaci\u00f3n.<\/strong><\/li>\n<\/ul>\n<p>Adem\u00e1s, los due\u00f1os de mascotas pueden <strong>agregar un anexo de cobertura de atenci\u00f3n preventiva<\/strong> a cualquiera de las p\u00f3lizas para obtener<strong> cobertura de vacunas<\/strong>, limpiezas dentales, ex\u00e1menes de rutina y m\u00e1s. ASPCA es una compa\u00f1\u00eda de seguros que destaca en el sector de mascotas por lo siguiente:<\/p>\n<ul>\n<li><strong>Puntuaci\u00f3n Promedio<\/strong>: 4,0\/5 estrellas.<\/li>\n<li><strong>Prima para perros y gatos<\/strong>: $8\/mes hasta $40\/mes seg\u00fan el n\u00famero de mascotas.<\/li>\n<li><strong>Deducible anual<\/strong>: Var\u00eda entre $100 y 500\/a\u00f1o seg\u00fan el n\u00famero de mascotas.<\/li>\n<li><strong>Per\u00edodo de espera<\/strong>: 2 d\u00edas por accidentes, 14 d\u00edas por enfermedades.<\/li>\n<li><strong>L\u00edmites anuales:<\/strong> $10,000.<\/li>\n<li><strong>Copagos<\/strong>: 10% a 30%.<\/li>\n<li><strong>Per\u00edodo de espera<\/strong>: 14 d\u00edas para cobertura de accidentes y enfermedades, un d\u00eda para atenci\u00f3n preventiva.<\/li>\n<li><strong>Tama\u00f1o de la red<\/strong>: Ilimitado.<\/li>\n<li>Descuento por m\u00faltiples mascotas (10% de descuento por cada una)<\/li>\n<li>Cubre perros y gatos.<\/li>\n<li>Ofrece una aplicaci\u00f3n para tel\u00e9fonos inteligentes.<\/li>\n<li>Puedes visitar cualquier veterinario con licencia en los EE. UU. O Canad\u00e1.<\/li>\n<\/ul>\n<h2>Organismos Reguladores<\/h2>\n<ul>\n<li>El <a href=\"https:\/\/www.doi.gov\/\" target=\"_blank\" rel=\"noopener\"><strong>Departamento de Seguros Internos<\/strong><\/a>\u00a0(<strong>DOI<\/strong> por sus siglas en ingl\u00e9s) de cada estado dentro de Estados Unidos, es el encargado de examinar a las aseguradoras que pretenden ofrecer seguros de mascotas.<\/li>\n<li>Por otro lado, los seguros de mascotas est\u00e1n considerados dentro de los seguros de la propiedad, como los de veh\u00edculos y casas, m\u00e1s que en los de salud. La <a href=\"http:\/\/www.naic.org\/documents\/cmte_ex_pltf_producer_licensing_exposure_pet_insurance_presentation.pdf\" target=\"_blank\" rel=\"noopener noreferrer\">NAIC<\/a> tambi\u00e9n tiene injerencia en las empresas aseguradoras.<\/li>\n<li>Finalmente, las oficinas de <a href=\"https:\/\/www.usa.gov\/es\/quejas-consumidor\" target=\"_blank\" rel=\"noopener noreferrer\">Protecci\u00f3n al Consumidor<\/a> son una opci\u00f3n en caso de discrepancias con alguna de las aseguradoras.<\/li>\n<\/ul>\n<h2>Compara los Seguros de Mascotas en Cotizator<\/h2>\n<p>En nuestra web: <a href=\"https:\/\/cotizator.com\/us\/\" target=\"_blank\" rel=\"noopener\">Cotizator.com<\/a> podemos ayudarte a conocer distintas aseguradoras que operan en el ramo de seguros para perros y gatos. Actualmente, te ofrecemos un listado completo desde donde podr\u00e1s comparar entre opciones. Como siempre, queremos recordarte que tenemos a tu disposici\u00f3n herramientas gratuitas de cotizaci\u00f3n para que puedas comparar los beneficios y precios de cada p\u00f3liza de mascotas disponible en el mercado \u00a1Te esperamos!<\/p>\n<p>&nbsp;<\/p>\n","protected":false},"excerpt":{"rendered":"<p>Los Seguros de Mascotas y particularmente los seguros para perros se han vuelto p\u00f3lizas cada vez m\u00e1s famosas. Esto se debe a que, cualquiera que alguna vez haya llevado a una mascota enferma o lesionada al veterinario sabe lo costosa que puede ser la atenci\u00f3n veterinaria. En este art\u00edculo te hablaremos un poco sobre los [&hellip;]<\/p>\n","protected":false},"author":2,"featured_media":13595,"parent":0,"menu_order":0,"comment_status":"closed","ping_status":"closed","template":"listado.php","meta":{"footnotes":""},"categories":[9],"tags":[],"yoast_head":"<!-- This site is optimized with the Yoast SEO plugin v22.3 - https:\/\/yoast.com\/wordpress\/plugins\/seo\/ -->\n<title>Mejores Seguros para Perros y Mascotas en Estados Unidos [2026 ]<\/title>\n<meta name=\"description\" content=\"Los mejores seguros para perros en Estados Unidos\ud83e\udd47 | Informaci\u00f3n en Espa\u00f1ol | Cotiza y compara las mejores compa\u00f1\u00edas.\" \/>\n<meta name=\"robots\" content=\"index, follow, max-snippet:-1, max-image-preview:large, max-video-preview:-1\" \/>\n<link rel=\"canonical\" href=\"https:\/\/cotizator.com\/us\/seguros-mascotas-usa\/\" \/>\n<meta property=\"og:locale\" content=\"es_ES\" \/>\n<meta property=\"og:type\" content=\"article\" \/>\n<meta property=\"og:title\" content=\"Mejores Seguros para Perros y Mascotas en Estados Unidos [2026 ]\" \/>\n<meta property=\"og:description\" content=\"Los mejores seguros para perros en Estados Unidos\ud83e\udd47 | Informaci\u00f3n en Espa\u00f1ol | Cotiza y compara las mejores compa\u00f1\u00edas.\" \/>\n<meta property=\"og:url\" content=\"https:\/\/cotizator.com\/us\/seguros-mascotas-usa\/\" \/>\n<meta property=\"og:site_name\" content=\"Cotizator USA\" \/>\n<meta property=\"article:publisher\" content=\"https:\/\/www.facebook.com\/cotizator\/\" \/>\n<meta property=\"article:modified_time\" content=\"2024-04-24T19:02:30+00:00\" \/>\n<meta property=\"og:image\" content=\"https:\/\/cotizator.com\/us\/wp-content\/uploads\/2021\/10\/seguros-para-perros.jpg\" \/>\n\t<meta property=\"og:image:width\" content=\"658\" \/>\n\t<meta property=\"og:image:height\" content=\"370\" \/>\n\t<meta property=\"og:image:type\" content=\"image\/jpeg\" \/>\n<meta name=\"twitter:card\" content=\"summary_large_image\" \/>\n<meta name=\"twitter:site\" content=\"@cotizator\" \/>\n<meta name=\"twitter:label1\" content=\"Tiempo de lectura\" \/>\n\t<meta name=\"twitter:data1\" content=\"7 minutos\" \/>\n<script type=\"application\/ld+json\" class=\"yoast-schema-graph\">{\"@context\":\"https:\/\/schema.org\",\"@graph\":[{\"@type\":\"WebPage\",\"@id\":\"https:\/\/cotizator.com\/us\/seguros-mascotas-usa\/\",\"url\":\"https:\/\/cotizator.com\/us\/seguros-mascotas-usa\/\",\"name\":\"Mejores Seguros para Perros y Mascotas en Estados Unidos [2026 ]\",\"isPartOf\":{\"@id\":\"https:\/\/cotizator.com\/us\/#website\"},\"primaryImageOfPage\":{\"@id\":\"https:\/\/cotizator.com\/us\/seguros-mascotas-usa\/#primaryimage\"},\"image\":{\"@id\":\"https:\/\/cotizator.com\/us\/seguros-mascotas-usa\/#primaryimage\"},\"thumbnailUrl\":\"https:\/\/cotizator.com\/us\/wp-content\/uploads\/2021\/10\/seguros-para-perros.jpg\",\"datePublished\":\"2017-04-10T21:04:45+00:00\",\"dateModified\":\"2024-04-24T19:02:30+00:00\",\"description\":\"Los mejores seguros para perros en Estados Unidos\ud83e\udd47 | Informaci\u00f3n en Espa\u00f1ol | Cotiza y compara las mejores compa\u00f1\u00edas.\",\"breadcrumb\":{\"@id\":\"https:\/\/cotizator.com\/us\/seguros-mascotas-usa\/#breadcrumb\"},\"inLanguage\":\"es\",\"potentialAction\":[{\"@type\":\"ReadAction\",\"target\":[\"https:\/\/cotizator.com\/us\/seguros-mascotas-usa\/\"]}]},{\"@type\":\"ImageObject\",\"inLanguage\":\"es\",\"@id\":\"https:\/\/cotizator.com\/us\/seguros-mascotas-usa\/#primaryimage\",\"url\":\"https:\/\/cotizator.com\/us\/wp-content\/uploads\/2021\/10\/seguros-para-perros.jpg\",\"contentUrl\":\"https:\/\/cotizator.com\/us\/wp-content\/uploads\/2021\/10\/seguros-para-perros.jpg\",\"width\":658,\"height\":370,\"caption\":\"seguros para perros\"},{\"@type\":\"BreadcrumbList\",\"@id\":\"https:\/\/cotizator.com\/us\/seguros-mascotas-usa\/#breadcrumb\",\"itemListElement\":[{\"@type\":\"ListItem\",\"position\":1,\"name\":\"Home\",\"item\":\"https:\/\/cotizator.com\/us\/\"},{\"@type\":\"ListItem\",\"position\":2,\"name\":\"Seguros para Perros y Mascotas en USA\"}]},{\"@type\":\"WebSite\",\"@id\":\"https:\/\/cotizator.com\/us\/#website\",\"url\":\"https:\/\/cotizator.com\/us\/\",\"name\":\"Cotizator USA\",\"description\":\"Cotizador de Seguros en Espa\u00f1ol\",\"potentialAction\":[{\"@type\":\"SearchAction\",\"target\":{\"@type\":\"EntryPoint\",\"urlTemplate\":\"https:\/\/cotizator.com\/us\/?s={search_term_string}\"},\"query-input\":\"required name=search_term_string\"}],\"inLanguage\":\"es\"}]}<\/script>\n<!-- \/ Yoast SEO plugin. -->","yoast_head_json":{"title":"Mejores Seguros para Perros y Mascotas en Estados Unidos [2026 ]","description":"Los mejores seguros para perros en Estados Unidos\ud83e\udd47 | Informaci\u00f3n en Espa\u00f1ol | Cotiza y compara las mejores compa\u00f1\u00edas.","robots":{"index":"index","follow":"follow","max-snippet":"max-snippet:-1","max-image-preview":"max-image-preview:large","max-video-preview":"max-video-preview:-1"},"canonical":"https:\/\/cotizator.com\/us\/seguros-mascotas-usa\/","og_locale":"es_ES","og_type":"article","og_title":"Mejores Seguros para Perros y Mascotas en Estados Unidos [2026 ]","og_description":"Los mejores seguros para perros en Estados Unidos\ud83e\udd47 | Informaci\u00f3n en Espa\u00f1ol | Cotiza y compara las mejores compa\u00f1\u00edas.","og_url":"https:\/\/cotizator.com\/us\/seguros-mascotas-usa\/","og_site_name":"Cotizator USA","article_publisher":"https:\/\/www.facebook.com\/cotizator\/","article_modified_time":"2024-04-24T19:02:30+00:00","og_image":[{"width":658,"height":370,"url":"https:\/\/cotizator.com\/us\/wp-content\/uploads\/2021\/10\/seguros-para-perros.jpg","type":"image\/jpeg"}],"twitter_card":"summary_large_image","twitter_site":"@cotizator","twitter_misc":{"Tiempo de lectura":"7 minutos"},"schema":{"@context":"https:\/\/schema.org","@graph":[{"@type":"WebPage","@id":"https:\/\/cotizator.com\/us\/seguros-mascotas-usa\/","url":"https:\/\/cotizator.com\/us\/seguros-mascotas-usa\/","name":"Mejores Seguros para Perros y Mascotas en Estados Unidos [2026 ]","isPartOf":{"@id":"https:\/\/cotizator.com\/us\/#website"},"primaryImageOfPage":{"@id":"https:\/\/cotizator.com\/us\/seguros-mascotas-usa\/#primaryimage"},"image":{"@id":"https:\/\/cotizator.com\/us\/seguros-mascotas-usa\/#primaryimage"},"thumbnailUrl":"https:\/\/cotizator.com\/us\/wp-content\/uploads\/2021\/10\/seguros-para-perros.jpg","datePublished":"2017-04-10T21:04:45+00:00","dateModified":"2024-04-24T19:02:30+00:00","description":"Los mejores seguros para perros en Estados Unidos\ud83e\udd47 | Informaci\u00f3n en Espa\u00f1ol | Cotiza y compara las mejores compa\u00f1\u00edas.","breadcrumb":{"@id":"https:\/\/cotizator.com\/us\/seguros-mascotas-usa\/#breadcrumb"},"inLanguage":"es","potentialAction":[{"@type":"ReadAction","target":["https:\/\/cotizator.com\/us\/seguros-mascotas-usa\/"]}]},{"@type":"ImageObject","inLanguage":"es","@id":"https:\/\/cotizator.com\/us\/seguros-mascotas-usa\/#primaryimage","url":"https:\/\/cotizator.com\/us\/wp-content\/uploads\/2021\/10\/seguros-para-perros.jpg","contentUrl":"https:\/\/cotizator.com\/us\/wp-content\/uploads\/2021\/10\/seguros-para-perros.jpg","width":658,"height":370,"caption":"seguros para perros"},{"@type":"BreadcrumbList","@id":"https:\/\/cotizator.com\/us\/seguros-mascotas-usa\/#breadcrumb","itemListElement":[{"@type":"ListItem","position":1,"name":"Home","item":"https:\/\/cotizator.com\/us\/"},{"@type":"ListItem","position":2,"name":"Seguros para Perros y Mascotas en USA"}]},{"@type":"WebSite","@id":"https:\/\/cotizator.com\/us\/#website","url":"https:\/\/cotizator.com\/us\/","name":"Cotizator USA","description":"Cotizador de Seguros en Espa\u00f1ol","potentialAction":[{"@type":"SearchAction","target":{"@type":"EntryPoint","urlTemplate":"https:\/\/cotizator.com\/us\/?s={search_term_string}"},"query-input":"required name=search_term_string"}],"inLanguage":"es"}]}},"_links":{"self":[{"href":"https:\/\/cotizator.com\/us\/wp-json\/wp\/v2\/pages\/18"}],"collection":[{"href":"https:\/\/cotizator.com\/us\/wp-json\/wp\/v2\/pages"}],"about":[{"href":"https:\/\/cotizator.com\/us\/wp-json\/wp\/v2\/types\/page"}],"author":[{"embeddable":true,"href":"https:\/\/cotizator.com\/us\/wp-json\/wp\/v2\/users\/2"}],"replies":[{"embeddable":true,"href":"https:\/\/cotizator.com\/us\/wp-json\/wp\/v2\/comments?post=18"}],"version-history":[{"count":24,"href":"https:\/\/cotizator.com\/us\/wp-json\/wp\/v2\/pages\/18\/revisions"}],"predecessor-version":[{"id":18173,"href":"https:\/\/cotizator.com\/us\/wp-json\/wp\/v2\/pages\/18\/revisions\/18173"}],"wp:featuredmedia":[{"embeddable":true,"href":"https:\/\/cotizator.com\/us\/wp-json\/wp\/v2\/media\/13595"}],"wp:attachment":[{"href":"https:\/\/cotizator.com\/us\/wp-json\/wp\/v2\/media?parent=18"}],"wp:term":[{"taxonomy":"category","embeddable":true,"href":"https:\/\/cotizator.com\/us\/wp-json\/wp\/v2\/categories?post=18"},{"taxonomy":"post_tag","embeddable":true,"href":"https:\/\/cotizator.com\/us\/wp-json\/wp\/v2\/tags?post=18"}],"curies":[{"name":"wp","href":"https:\/\/api.w.org\/{rel}","templated":true}]}}