{"id":17605,"date":"2023-08-23T15:23:16","date_gmt":"2023-08-23T15:23:16","guid":{"rendered":"https:\/\/cotizator.com\/us\/?page_id=17605"},"modified":"2024-05-23T17:35:58","modified_gmt":"2024-05-23T17:35:58","slug":"calculadora-de-prestamos-de-autos","status":"publish","type":"page","link":"https:\/\/cotizator.com\/us\/calculadora-de-prestamos-de-autos\/","title":{"rendered":"Calculadora de Pr\u00e9stamos de Autos"},"content":{"rendered":"<p>Utiliza la <strong>calculadora de pr\u00e9stamos de autos<\/strong> de Cotizator para ver una estimaci\u00f3n del pago mensual de tu autom\u00f3vil y el costo total del pr\u00e9stamo. Recuerda que, el precio final de este tipo de cr\u00e9ditos depende del precio del veh\u00edculo, la tasa de inter\u00e9s, el pago inicial, el impuesto sobre las ventas, las tarifas y m\u00e1s.<\/p>\n<p>Con nuestra calculadora, <strong>puedes estimar la cuota mensual de un pr\u00e9stamo de autos f\u00e1cil y r\u00e1pido<\/strong>. Solamente debes ingresar el monto del pr\u00e9stamo, la cuota inicial si dar\u00e1s alguna, el plazo en a\u00f1os y la tasa de inter\u00e9s. Conoce adem\u00e1s el monto total del financiamiento y el total de intereses a pagar al finalizar.<\/p>\n<div class=\"row\">\n    <div class=\"col-12 col-sm-4\">\n        <form id=\"calc_prestamo_auto\" class=\"calculadora\">\n            <div class=\"row\">\n                <div class=\"col-12 col-sm-12 col-md-12 col-lg-12 ccol\">\n                    <div class=\"form-group\">\n                    <label for=\"\">Monto del Pr\u00e9stamo *:<\/label>\n                    <input type=\"number\" id=\"calcIn_prestamo_auto\" class=\"cf_input\" placeholder=\"ej: 40000 USD\">\n                    <\/div>\n                <\/div>\n                <div class=\"col-12 col-sm-12 col-md-12 col-lg-12 ccol\">\n                    <div class=\"form-group\">\n                    <label for=\"\">Monto Inicial:<\/label>\n                    <input type=\"number\" id=\"calcIn_monto_ini\" class=\"cf_input\" placeholder=\"ej: 5000 USD\">\n                    <\/div>\n                <\/div>\n                <div class=\"col-12 col-sm-12 col-md-12 col-lg-12 ccol\">\n                    <div class=\"form-group\">\n                      <label for=\"\">Plazo *:<\/label>\n                      <input type=\"number\" id=\"calcIn_termino_plazo\" class=\"cf_input\" placeholder=\"ej: 3 A\u00f1os\">\n                    <\/div>\n                <\/div>\n                <div class=\"col-12 col-sm-12 col-md-12 col-lg-12 ccol\">\n                    <div class=\"form-group\">\n                    <label for=\"\">Tasa de Inter\u00e9s *:<\/label>\n                    <input type=\"text\" id=\"calcIn_interes_auto\" class=\"cf_input\" placeholder=\"ej: 7.3%\">\n                    <\/div>\n                <\/div>\n                <div class=\"col-12 col-sm-12 col-md-12 col-lg-12 ccol\">\n                    <div class=\"form-group\">\n                        <button type=\"submit\" onclick=\"calcl_prestamos_auto()\" class=\"btn btn_calcular\">Calcular<\/button>\n                    <\/div>\n                <\/div> \n            <\/div>\n        <\/form>\n    <\/div>\n     <div class=\"col-12 col-sm-4\">\n        <div class=\"lc_ads\">\n            <div id=\"ads_abajo_h1\" class=\"lazy-ads\"><\/div>\n        <\/div>\n    <\/div>\n    <div class=\"col-12 col-sm-4\" id=\"resultados\">\n        <div class=\"resultadoNum\">\n            <div class=\"resultadoNumIn\">\n                <h3>Resultado<\/h3>\n                <p id=\"pago_capital\" ><b>Cuota mensual con pago a capital e intereses\u00b9:<\/b> ---<\/p>\n                <p id=\"pago_financiado\"><b>Monto total financiado:<\/b>  ---<\/p>\n                <p id=\"pago_total_interes\"><b>Total de intereses:<\/b> ---<\/p>\n            <\/div>\n        <\/div>\n        <div id=\"messageAuto\" class=\"text-center\" style=\"display:none\">\n            <p>\u00b9 <b>Esta es la cuota mensual que pagar\u00edas.<\/b><br\/> Este monto no toma en cuenta los pagos de capital por adelantado, que pueden hacer disminuir los intereses.<\/p>\n        <\/div>\n        <div id=\"btn_recalcular\" class=\"text-center\" style=\"display:none\">\n            <button class=\"btn btn-recalc\" onclick=\"formRecalcular()\" class=\"\">Recalcular<\/button>\n        <\/div>\n    <\/div>\n<\/div> \n<br>\n\n<script type=\"text\/javascript\">\n\n    var formPrestamo = document.getElementById('calc_prestamo_auto');\n\n    formPrestamo.addEventListener(\"submit\", calcl_prestamos_auto);\n\n    function calcl_prestamos_auto(e) {\n        \n        var calcIn_prestamo = parseFloat(document.getElementById('calcIn_prestamo_auto').value); \/\/ Monto del pr\u00e9stamo\n        var calcIn_tasa_interes = parseFloat(document.getElementById('calcIn_interes_auto').value); \/\/ Tasa de inter\u00e9s anual\n        var calcIn_plazo_termino = parseFloat(document.getElementById('calcIn_termino_plazo').value);\/\/ Plazo en a\u00f1os\n        var calcIn_monto_inicial = parseFloat(document.getElementById('calcIn_monto_ini').value) || 0;\/\/ Plazo en a\u00f1os\n        \n        e.preventDefault();\n\n        if(calcIn_prestamo<=0 || calcIn_plazo_termino<=0 || calcIn_tasa_interes<=0 || isNaN(calcIn_prestamo) || isNaN(calcIn_plazo_termino) || isNaN(calcIn_tasa_interes)){\n            alert('Los valores deben ser mayores a 0');\n        }else{\n            \/\/ Realizar los c\u00e1lculos\n            const tasaInteres = calcIn_tasa_interes \/ 100 \/ 12;\n            const montoPrestamo = calcIn_prestamo - calcIn_monto_inicial;\n            const plazoMeses = calcIn_plazo_termino * 12;\n\n            const numerador = tasaInteres * montoPrestamo;\n            const denominador = 1 - Math.pow(1 + tasaInteres, -plazoMeses);\n\n            const cuotaMensual = numerador \/ denominador;\n            totalCuotaMensual = parseFloat(cuotaMensual).toFixed(1);\n            document.getElementById(\"pago_capital\").innerHTML = '<b>Cuota mensual total con impuestos y seguro : <\/b>$ ' + (totalCuotaMensual).toLocaleString('en-US', {style: 'currency', currency: 'USD'})+'';\n\n            const montoFinanciado = calcIn_prestamo - calcIn_monto_inicial\n            totalMontoFiananciado = parseFloat(montoFinanciado).toFixed(0);\n            document.getElementById(\"pago_financiado\").innerHTML = '<b>Monto total financiado: <\/b> $ ' + (totalMontoFiananciado).toLocaleString('en-US', {style: 'currency', currency: 'USD'})+'';\n\n            const montoInteres = ((cuotaMensual*(calcIn_plazo_termino*12)))-montoFinanciado;\n            totalMontoInteres = parseFloat(montoInteres).toFixed(1);\n            document.getElementById(\"pago_total_interes\").innerHTML = '<b>Total de intereses: <\/b> $ ' + (totalMontoInteres).toLocaleString('en-US', {style: 'currency', currency: 'USD'})+'';\n\n            document.getElementById(\"messageAuto\").style.display='block';\n\n            const resultadosDiv = document.getElementById(\"ads_abajo_h1\");\n            resultadosDiv.scrollIntoView({ behavior: \"smooth\" });\n\n            \/\/const getWidthSS = Math.max(document.documentElement.clientWidth || 0, window.innerWidth || 0);\n            \/\/if(getWidthSS <= 800){\n                document.getElementById(\"btn_recalcular\").style.display='block';\n            \/\/}\n\n        }\n    }\n    function formRecalcular(){\n        formPrestamo.reset();\n        formPrestamo.scrollIntoView({ behavior: \"smooth\" });\n    }\n<\/script>\n<p>\u00a1Puedes hacer las comparaciones que necesites! Al igual que <a href=\"https:\/\/cotizator.com\/us\/calculadora-de-prestamos\/\">las otras calculadoras<\/a>, esta te permite cambiar los datos que ingresas ver c\u00f3mo los diferentes factores afectar\u00e1n el monto del pago de tu auto y el costo total de los intereses.<\/p>\n<h2>\u00bfC\u00f3mo Funciona la Calculadora de Pr\u00e9stamos de Autos?<\/h2>\n<p>La oferta de cr\u00e9dito de un prestamista incluir\u00e1 el monto total que est\u00e1 financiando (llamado capital) y el monto que pagar\u00e1s en intereses por solicitar dicho pr\u00e9stamo. Al comienzo de un pr\u00e9stamo, una parte m\u00e1s alta de tu pago mensual se destinar\u00e1 a pagar m\u00e1s intereses y menos capital. A medida que pagues el saldo del pr\u00e9stamo, pagar\u00e1s menos intereses. Lo anterior, lleva por nombre \u00abproceso de amortizaci\u00f3n\u00bb.<\/p>\n<p>Entonces <strong>\u00bfQu\u00e9 hace nuestra calculadora?<\/strong> Simple, estima el monto total y los intereses a pagar de acuerdo a los datos que proporcionas, como por ejemplo, el monto a pagar y el plazo.<\/p>\n<p>Una calculadora de pr\u00e9stamos <strong>contabiliza autom\u00e1ticamente la amortizaci\u00f3n<\/strong>, por lo que esta herramienta son la forma m\u00e1s sencilla de calcular el pago de un auto. Veamos el paso a paso:<\/p>\n<ol>\n<li><strong>Completa el cuestionario<\/strong>, donde debes indicar lo siguiente:\n<ul>\n<li>Monto del Pr\u00e9stamo.<\/li>\n<li>Monto Inicial.<\/li>\n<li>Plazo.<\/li>\n<li>Tasa de Inter\u00e9s.<\/li>\n<\/ul>\n<\/li>\n<li>Cuando completas todos los datos haz <strong>clic en \u00abCalcular\u00bb<\/strong>.<\/li>\n<li><strong>Los resultados arrojar\u00e1n los siguientes datos<\/strong>:\n<ul>\n<li>Cuota mensual total con impuestos y seguro.<\/li>\n<li>Monto total financiado.<\/li>\n<li>Total de intereses a pagar.<\/li>\n<\/ul>\n<\/li>\n<li>Y listo, as\u00ed de simple obtendr\u00e1s un estimado de cotizaci\u00f3n para tu pr\u00e9stamo de auto. Puedes ejecutar esta calculadora las veces que lo necesites, tan solo haz clic en \u00abrecalcular\u00bb para cambiar los datos que desees.<\/li>\n<\/ol>\n<h2>Definiciones acerca de la Calculadora de Pr\u00e9stamos de Auto<\/h2>\n<p>Seguidamente, te dejamos con una descripci\u00f3n de la informaci\u00f3n que puede ingresar en esta calculadora:<\/p>\n<ul>\n<li><strong>Monto del Pr\u00e9stamo<\/strong>. Ingresa el precio que crees que pagar\u00e1s por el auto. Si el auto es usado, escribe la cantidad solicitada por el vendedor.<\/li>\n<li><strong>Monto inicial<\/strong>. Tambi\u00e9n conocido como \u00abpago inicial\u00bb es completamente opcional y no todos los prestamistas lo exigen. Te sugerimos depositar al menos el 20% del valor total del veh\u00edculo o precio de compra. Y, si se trata de autos usados, garantiza entonces un 10%.<\/li>\n<li><strong>Plazo<\/strong>. En este apartado, debes registrar el tiempo que tienes para liquidar el pr\u00e9stamo. Los pr\u00e9stamos para autom\u00f3viles suelen otorgarse en incrementos de 12 meses, siendo los plazos comunes de 24, 36, 48, 60, 72 u 84 meses.<\/li>\n<li><strong>Tasa de inter\u00e9s<\/strong>. Ingresa la tasa de inter\u00e9s que piensas que pagar\u00e1s. Ten en cuenta que, si obtienes una pre calificaci\u00f3n o una aprobaci\u00f3n previa para un pr\u00e9stamo, simplemente ingresa la tasa que te ofrecen. De lo contrario, puedes utilizar la tasa de inter\u00e9s promedio actual acorde a tu puntaje crediticio.<\/li>\n<\/ul>\n<p>Ahora, pasaremos a definir los <strong>t\u00e9rminos que se muestran en los resultados de nuestra calculadora<\/strong>. Veamos:<\/p>\n<ul>\n<li><strong>Cuota mensual con pago a capital e inter\u00e9s<\/strong>. Esta es la parte m\u00e1s b\u00e1sica, se refiere a la cuota mensual que debes pagar al prestamista cada mes. La cuota que pagues se deduce del capital amortizado e incluye los intereses que te corresponden seg\u00fan tu historial de cr\u00e9dito.<\/li>\n<li><strong>Monto Total Financiado<\/strong>. Se trata de la suma de las mensualidades donde se incluyen todos los costos y tarifas adicionales as\u00ed como cuotas por seguro de auto.<\/li>\n<li><strong>Total de intereses<\/strong>. Finalmente, se refiere a la suma de los intereses de todos los pagos programados o cuotas mensuales que son divididos entre la totalidad del pr\u00e9stamo (incluyendo tarifas adicionales y seguros).<\/li>\n<\/ul>\n<h2>Pensamientos Finales<\/h2>\n<p>Una <strong>calculadora de pr\u00e9stamos de autos<\/strong>, sirve para estimar los pagos mensuales de tu cr\u00e9dito automovil\u00edstico. La clave est\u00e1 en comparar las opciones que consideres necesarias hasta encontrar el pr\u00e9stamo que mejor se adapte a tu presupuesto y tu historial crediticio.<\/p>\n<p>Ingresa el precio del auto que buscas (no importa si es nuevo o usado) y ajusta los otros factores seg\u00fan sea necesario para ver c\u00f3mo los cambios afectan tu pago estimado y la tasa de inter\u00e9s final. <strong>Esta herramienta es de gran utilidad para ti si:<\/strong><\/p>\n<ul>\n<li>Vas a comprar tu primer auto.<\/li>\n<li>Necesitas comparar ofertas.<\/li>\n<li>Buscas un autom\u00f3vil usado.<\/li>\n<li>Si deseas calcular gastos adicionales como: impuestos estatales y locales, la tarifa de documentaci\u00f3n del concesionario (que puede variar ampliamente) y las tarifas de registro.<\/li>\n<\/ul>\n<p>Te invitamos a usar nuestra calculadora \u00a1Puede ser de gran utilidad para ti! Recuerda, <strong>estamos aqu\u00ed para ayudarte a tomar mejores decisiones financieras<\/strong>.<\/p>\n","protected":false},"excerpt":{"rendered":"<p>Utiliza la calculadora de pr\u00e9stamos de autos de Cotizator para ver una estimaci\u00f3n del pago mensual de tu autom\u00f3vil y el costo total del pr\u00e9stamo. Recuerda que, el precio final de este tipo de cr\u00e9ditos depende del precio del veh\u00edculo, la tasa de inter\u00e9s, el pago inicial, el impuesto sobre las ventas, las tarifas y [&hellip;]<\/p>\n","protected":false},"author":1,"featured_media":0,"parent":0,"menu_order":0,"comment_status":"closed","ping_status":"closed","template":"page_templates\/calculadoras.php","meta":{"footnotes":""},"categories":[],"tags":[],"yoast_head":"<!-- This site is optimized with the Yoast SEO plugin v22.3 - https:\/\/yoast.com\/wordpress\/plugins\/seo\/ -->\n<title>Calculadora de Pr\u00e9stamos de Autos en USA 2026 \u25b7 Calcula Gratis<\/title>\n<meta name=\"description\" content=\"Calculadora de Pr\u00e9stamos de Autos en USA F\u00e1cil y Gratis! | Estima tu Cuota Mensual y el Total de Intereses a pagar al finalizar el pr\u00e9stamo.\" \/>\n<meta name=\"robots\" content=\"index, follow, max-snippet:-1, max-image-preview:large, max-video-preview:-1\" \/>\n<link rel=\"canonical\" href=\"https:\/\/cotizator.com\/us\/calculadora-de-prestamos-de-autos\/\" \/>\n<meta property=\"og:locale\" content=\"es_ES\" \/>\n<meta property=\"og:type\" content=\"article\" \/>\n<meta property=\"og:title\" content=\"Calculadora de Pr\u00e9stamos de Autos en USA 2026 \u25b7 Calcula Gratis\" \/>\n<meta property=\"og:description\" content=\"Calculadora de Pr\u00e9stamos de Autos en USA F\u00e1cil y Gratis! | Estima tu Cuota Mensual y el Total de Intereses a pagar al finalizar el pr\u00e9stamo.\" \/>\n<meta property=\"og:url\" content=\"https:\/\/cotizator.com\/us\/calculadora-de-prestamos-de-autos\/\" \/>\n<meta property=\"og:site_name\" content=\"Cotizator USA\" \/>\n<meta property=\"article:publisher\" content=\"https:\/\/www.facebook.com\/cotizator\/\" \/>\n<meta property=\"article:modified_time\" content=\"2024-05-23T17:35:58+00:00\" \/>\n<meta name=\"twitter:card\" content=\"summary_large_image\" \/>\n<meta name=\"twitter:site\" content=\"@cotizator\" \/>\n<meta name=\"twitter:label1\" content=\"Tiempo de lectura\" \/>\n\t<meta name=\"twitter:data1\" content=\"4 minutos\" \/>\n<script type=\"application\/ld+json\" class=\"yoast-schema-graph\">{\"@context\":\"https:\/\/schema.org\",\"@graph\":[{\"@type\":\"WebPage\",\"@id\":\"https:\/\/cotizator.com\/us\/calculadora-de-prestamos-de-autos\/\",\"url\":\"https:\/\/cotizator.com\/us\/calculadora-de-prestamos-de-autos\/\",\"name\":\"Calculadora de Pr\u00e9stamos de Autos en USA 2026 \u25b7 Calcula Gratis\",\"isPartOf\":{\"@id\":\"https:\/\/cotizator.com\/us\/#website\"},\"datePublished\":\"2023-08-23T15:23:16+00:00\",\"dateModified\":\"2024-05-23T17:35:58+00:00\",\"description\":\"Calculadora de Pr\u00e9stamos de Autos en USA F\u00e1cil y Gratis! | Estima tu Cuota Mensual y el Total de Intereses a pagar al finalizar el pr\u00e9stamo.\",\"breadcrumb\":{\"@id\":\"https:\/\/cotizator.com\/us\/calculadora-de-prestamos-de-autos\/#breadcrumb\"},\"inLanguage\":\"es\",\"potentialAction\":[{\"@type\":\"ReadAction\",\"target\":[\"https:\/\/cotizator.com\/us\/calculadora-de-prestamos-de-autos\/\"]}]},{\"@type\":\"BreadcrumbList\",\"@id\":\"https:\/\/cotizator.com\/us\/calculadora-de-prestamos-de-autos\/#breadcrumb\",\"itemListElement\":[{\"@type\":\"ListItem\",\"position\":1,\"name\":\"Home\",\"item\":\"https:\/\/cotizator.com\/us\/\"},{\"@type\":\"ListItem\",\"position\":2,\"name\":\"Calculadora de Pr\u00e9stamos de Autos\"}]},{\"@type\":\"WebSite\",\"@id\":\"https:\/\/cotizator.com\/us\/#website\",\"url\":\"https:\/\/cotizator.com\/us\/\",\"name\":\"Cotizator USA\",\"description\":\"Cotizador de Seguros en Espa\u00f1ol\",\"potentialAction\":[{\"@type\":\"SearchAction\",\"target\":{\"@type\":\"EntryPoint\",\"urlTemplate\":\"https:\/\/cotizator.com\/us\/?s={search_term_string}\"},\"query-input\":\"required name=search_term_string\"}],\"inLanguage\":\"es\"}]}<\/script>\n<!-- \/ Yoast SEO plugin. -->","yoast_head_json":{"title":"Calculadora de Pr\u00e9stamos de Autos en USA 2026 \u25b7 Calcula Gratis","description":"Calculadora de Pr\u00e9stamos de Autos en USA F\u00e1cil y Gratis! | Estima tu Cuota Mensual y el Total de Intereses a pagar al finalizar el pr\u00e9stamo.","robots":{"index":"index","follow":"follow","max-snippet":"max-snippet:-1","max-image-preview":"max-image-preview:large","max-video-preview":"max-video-preview:-1"},"canonical":"https:\/\/cotizator.com\/us\/calculadora-de-prestamos-de-autos\/","og_locale":"es_ES","og_type":"article","og_title":"Calculadora de Pr\u00e9stamos de Autos en USA 2026 \u25b7 Calcula Gratis","og_description":"Calculadora de Pr\u00e9stamos de Autos en USA F\u00e1cil y Gratis! | Estima tu Cuota Mensual y el Total de Intereses a pagar al finalizar el pr\u00e9stamo.","og_url":"https:\/\/cotizator.com\/us\/calculadora-de-prestamos-de-autos\/","og_site_name":"Cotizator USA","article_publisher":"https:\/\/www.facebook.com\/cotizator\/","article_modified_time":"2024-05-23T17:35:58+00:00","twitter_card":"summary_large_image","twitter_site":"@cotizator","twitter_misc":{"Tiempo de lectura":"4 minutos"},"schema":{"@context":"https:\/\/schema.org","@graph":[{"@type":"WebPage","@id":"https:\/\/cotizator.com\/us\/calculadora-de-prestamos-de-autos\/","url":"https:\/\/cotizator.com\/us\/calculadora-de-prestamos-de-autos\/","name":"Calculadora de Pr\u00e9stamos de Autos en USA 2026 \u25b7 Calcula Gratis","isPartOf":{"@id":"https:\/\/cotizator.com\/us\/#website"},"datePublished":"2023-08-23T15:23:16+00:00","dateModified":"2024-05-23T17:35:58+00:00","description":"Calculadora de Pr\u00e9stamos de Autos en USA F\u00e1cil y Gratis! | Estima tu Cuota Mensual y el Total de Intereses a pagar al finalizar el pr\u00e9stamo.","breadcrumb":{"@id":"https:\/\/cotizator.com\/us\/calculadora-de-prestamos-de-autos\/#breadcrumb"},"inLanguage":"es","potentialAction":[{"@type":"ReadAction","target":["https:\/\/cotizator.com\/us\/calculadora-de-prestamos-de-autos\/"]}]},{"@type":"BreadcrumbList","@id":"https:\/\/cotizator.com\/us\/calculadora-de-prestamos-de-autos\/#breadcrumb","itemListElement":[{"@type":"ListItem","position":1,"name":"Home","item":"https:\/\/cotizator.com\/us\/"},{"@type":"ListItem","position":2,"name":"Calculadora de Pr\u00e9stamos de Autos"}]},{"@type":"WebSite","@id":"https:\/\/cotizator.com\/us\/#website","url":"https:\/\/cotizator.com\/us\/","name":"Cotizator USA","description":"Cotizador de Seguros en Espa\u00f1ol","potentialAction":[{"@type":"SearchAction","target":{"@type":"EntryPoint","urlTemplate":"https:\/\/cotizator.com\/us\/?s={search_term_string}"},"query-input":"required name=search_term_string"}],"inLanguage":"es"}]}},"_links":{"self":[{"href":"https:\/\/cotizator.com\/us\/wp-json\/wp\/v2\/pages\/17605"}],"collection":[{"href":"https:\/\/cotizator.com\/us\/wp-json\/wp\/v2\/pages"}],"about":[{"href":"https:\/\/cotizator.com\/us\/wp-json\/wp\/v2\/types\/page"}],"author":[{"embeddable":true,"href":"https:\/\/cotizator.com\/us\/wp-json\/wp\/v2\/users\/1"}],"replies":[{"embeddable":true,"href":"https:\/\/cotizator.com\/us\/wp-json\/wp\/v2\/comments?post=17605"}],"version-history":[{"count":17,"href":"https:\/\/cotizator.com\/us\/wp-json\/wp\/v2\/pages\/17605\/revisions"}],"predecessor-version":[{"id":17724,"href":"https:\/\/cotizator.com\/us\/wp-json\/wp\/v2\/pages\/17605\/revisions\/17724"}],"wp:attachment":[{"href":"https:\/\/cotizator.com\/us\/wp-json\/wp\/v2\/media?parent=17605"}],"wp:term":[{"taxonomy":"category","embeddable":true,"href":"https:\/\/cotizator.com\/us\/wp-json\/wp\/v2\/categories?post=17605"},{"taxonomy":"post_tag","embeddable":true,"href":"https:\/\/cotizator.com\/us\/wp-json\/wp\/v2\/tags?post=17605"}],"curies":[{"name":"wp","href":"https:\/\/api.w.org\/{rel}","templated":true}]}}