{"id":17602,"date":"2023-08-22T21:02:22","date_gmt":"2023-08-22T21:02:22","guid":{"rendered":"https:\/\/cotizator.com\/us\/?page_id=17602"},"modified":"2023-08-31T20:39:23","modified_gmt":"2023-08-31T20:39:23","slug":"calculadora-de-prestamos-personales","status":"publish","type":"page","link":"https:\/\/cotizator.com\/us\/calculadora-de-prestamos-personales\/","title":{"rendered":"Calculadora de pr\u00e9stamos personales y cr\u00e9ditos"},"content":{"rendered":"<p>La<strong> Calculadora de pr\u00e9stamos personales y cr\u00e9ditos<\/strong> es una herramienta que te permite estimar el monto, la tasa de inter\u00e9s, el plazo y la cuota mensual de un pr\u00e9stamo personal o un cr\u00e9dito. Con esta informaci\u00f3n, puedes comparar diferentes opciones y elegir la que m\u00e1s te convenga seg\u00fan tus necesidades y capacidades de pago.<\/p>\n<p>En Cotizator contamos con una <strong>calculadora de pr\u00e9stamos y cr\u00e9ditos<\/strong> que te permitir\u00e1s simular en tiempo real las<strong> cuotas mensuales<\/strong> que debes pagar por tu pr\u00e9stamo. Usar nuestra calculadora es sencillo, solo debes colocar datos sencillos como el monto del pr\u00e9stamo, plazo en a\u00f1os o en meses y la tasa de inter\u00e9s activa \u00a1Obtendr\u00e1s los resultados al instante!<\/p>\n<div class=\"row\">\n    <div class=\"col-12 col-sm-4\">\n        <form id=\"calc_prestamo\" class=\"calculadora\">\n            <div class=\"row\">\n                <div class=\"col-12 col-sm-12 col-md-12 col-lg-12 ccol\">\n                    <div class=\"form-group\">\n                    <label for=\"\">Monto del Pr\u00e9stamo *:<\/label>\n                    <input title=\"Requerido\" type=\"number\" id=\"calcIn_prestamo\" class=\"cf_input\" placeholder=\"ej: 10000 USD\">\n                    <\/div>\n                <\/div>\n                <div class=\"col-12 col-sm-12 col-md-12 col-lg-12 ccol\">\n                    <div class=\"form-group\">\n                        <label for=\"lc_selectPlazo\">Plazo *<\/label>\n                        <select class=\"form-select\" onchange=\"toggleSelect()\" name=\"lc_selectPlazo\" id=\"lc_selectPlazo\">\n                            <option>Selecciona unidad<\/option>\n                            <option value=\"lcDiv_A\">A\u00f1o<\/option>\n                            <option value=\"lcDiv_M\">Mes<\/option>\n                        <\/select>\n                    <\/div>\n                <\/div>\n                <div class=\"col-12 col-sm-12 col-md-12 col-lg-12 ccol\">\n                    <div class=\"form-group\">\n                        <div id=\"lcDiv_A\" style=\"display:none\">\n                            <label for=\"\">Plazo en a\u00f1os *:<\/label>\n                            <input type=\"number\" id=\"calcIn_termino_plazo\" class=\"cf_input\" placeholder=\"ej: 2\">\n                        <\/div>\n                        <div id=\"lcDiv_M\" style=\"display:none\">\n                            <label for=\"\">Plazo en meses *:<\/label>\n                            <input type=\"number\" id=\"calcIn_termino_plazo_mes\" class=\"cf_input\" placeholder=\"ej: 24\">\n                        <\/div>\n                    <\/div>\n                <\/div>\n                <div class=\"col-12 col-sm-12 col-md-12 col-lg-12 ccol\">\n                    <div class=\"form-group\">\n                    <label for=\"\">Tasa de Inter\u00e9s *:<\/label>\n                    <input type=\"text\" id=\"calcIn_interes\" class=\"cf_input\" placeholder=\"ej: 5.3%\">\n                    <\/div>\n                <\/div>\n                <div class=\"col-12 col-sm-12 col-md-12 col-lg-12 ccol\">\n                    <div class=\"form-group\">\n                        <button class=\"btn btn_calcular\" type=\"submit\" onclick=\"calcl_prestamos()\" class=\"\">Calcular<\/button>\n                    <\/div>\n                <\/div> \n            <\/div>\n        <\/form>\n    <\/div>\n    <div class=\"col-12 col-sm-4\">\n        <div class=\"lc_ads\">\n            <div id=\"ads_abajo_h1\" class=\"lazy-ads\"><\/div>\n        <\/div>\n    <\/div>\n    <div class=\"col-12 col-sm-4\" id=\"resultados\">\n        <div class=\"resultadoNum\">\n            <div class=\"resultadoNumIn\">\n                <h3>Resultado<\/h3>\n                <p id=\"pago_capital\" ><b>Cuota mensual con pago a capital e intereses\u00b9:<\/b> ---<\/p>\n                <p id=\"pago_total\"><b>Monto total pagado:<\/b>  ---<\/p>\n                <p id=\"pago_total_interes\"><b>Total de intereses:<\/b> --- <\/p>\n            <\/div>\n        <\/div>\n        <div id=\"messagePrestamo\" class=\"text-center\" style=\"display:none\">\n            <p>\u00b9 <b>Esta es la cuota mensual que pagar\u00edas<\/b>.<br\/>Este monto no toma en cuenta los pagos de capital por adelantado, que pueden hacer disminuir los intereses.<\/p>\n        <\/div>\n        <div id=\"btn_recalcular\" class=\"text-center\" style=\"display:none\">\n            <button class=\"btn btn-recalc\" onclick=\"formRecalcular()\" class=\"\">Recalcular<\/button>\n        <\/div>\n    <\/div>\n<\/div>\n\n \n\n<script type=\"text\/javascript\">\n\n    var formPrestamos = document.getElementById('calc_prestamo');\n\n    formPrestamos.addEventListener(\"submit\", calcl_prestamos);\n\n    function calcl_prestamos(e) {\n        \n        var calcIn_plazo_termino = parseFloat(document.getElementById('calcIn_termino_plazo').value);\/\/ Plazo en a\u00f1os\n        var calcIn_plazo_termino_mes = parseFloat(document.getElementById('calcIn_termino_plazo_mes').value);  \/\/ Plazo en meses\n        var calcIn_prestamo = parseFloat(document.getElementById('calcIn_prestamo').value) || 0; \/\/ Monto del pr\u00e9stamo\n        var calcIn_tasa_interes = parseFloat(document.getElementById('calcIn_interes').value) || 0; \/\/ Tasa de inter\u00e9s anual\n        \n        \/\/conversion de a\u00f1os a meses y viceversa\n        if(isNaN(calcIn_plazo_termino_mes)){\n            \n            let anios = calcIn_plazo_termino || 0;\n            calcIn_plazo_termino_mes = anios * 12;\n\n        }\n        if(isNaN(calcIn_plazo_termino)){\n\n            let meses = calcIn_plazo_termino_mes || 0;\n            calcIn_plazo_termino = meses \/ 12;\n        }\n\n        e.preventDefault();\n\n        if(calcIn_prestamo<=0 || calcIn_tasa_interes<=0 || calcIn_plazo_termino_mes<=0 || calcIn_plazo_termino<=0 || isNaN(calcIn_prestamo) || isNaN(calcIn_tasa_interes) || isNaN(calcIn_plazo_termino_mes) || isNaN(calcIn_plazo_termino)){\n            alert('Los valores deben ser mayores a 0');\n        }else{\n            \/\/ Realizar los c\u00e1lculos\n            const tasaInteres = calcIn_tasa_interes \/ 100 \/ 12;\n            const montoPrestamo = calcIn_prestamo;\n            const plazoMeses = calcIn_plazo_termino * 12;\n\n            const numerador = tasaInteres * montoPrestamo;\n            const denominador = 1 - Math.pow(1 + tasaInteres, -plazoMeses);\n\n            const cuotaMensual = numerador \/ denominador;\n\n            var montoMensualToFix = parseFloat(cuotaMensual).toFixed(2);\n            document.getElementById(\"pago_capital\").innerHTML = '<b>Cuota mensual con pago a capital e intereses \u00b9: <\/b> $ ' + (montoMensualToFix).toLocaleString('en-US', {style: 'currency', currency: 'USD'})+'';\n\n            var montoTotalP = parseFloat(montoMensualToFix)*calcIn_plazo_termino_mes;\n            montoTotalP =parseFloat(montoTotalP).toFixed(2);\n            document.getElementById(\"pago_total\").innerHTML = '<b>Monto total pagado: <\/b> $ ' + (montoTotalP).toLocaleString('en-US', {style: 'currency', currency: 'USD'})+'';\n\n            var montoTotalInt = parseFloat(montoTotalP)-montoPrestamo;\n            montoTotalInt = parseFloat(montoTotalInt).toFixed(2);\n            document.getElementById(\"pago_total_interes\").innerHTML = '<b>Total de intereses: <\/b> $ ' + (montoTotalInt).toLocaleString('en-US', {style: 'currency', currency: 'USD'})+'';\n\n            document.getElementById(\"messagePrestamo\").style.display='block';\n\n            const resultadosDiv = document.getElementById(\"ads_abajo_h1\");\n            resultadosDiv.scrollIntoView({ behavior: \"smooth\" });\n\n            \/\/const getWidthSS = Math.max(document.documentElement.clientWidth || 0, window.innerWidth || 0);\n            \/\/if(getWidthSS <= 800){\n                document.getElementById(\"btn_recalcular\").style.display='block';\n            \/\/}\n\n        }\n    }\n\n    function toggleSelect() {\n        const selectPeriodo = document.getElementById('lc_selectPlazo').value;\n        if (selectPeriodo == 'lcDiv_A') {\n            document.getElementById('lcDiv_A').style.display = 'block';\n            document.getElementById('lcDiv_M').style.display = 'none';\n        }else if(selectPeriodo == 'lcDiv_M') {\n            document.getElementById('lcDiv_A').style.display = 'none';\n            document.getElementById('lcDiv_M').style.display = 'block';\n        }else{\n            document.getElementById('lcDiv_A').style.display = 'none';\n            document.getElementById('lcDiv_M').style.display = 'none';\n        }\n    }\n\n    function formRecalcular(){\n        formPrestamos.reset();\n        formPrestamos.scrollIntoView({ behavior: \"smooth\" });\n    }\n\n<\/script>\n<h2>\u00bfC\u00f3mo Funciona la Calculadora de Pr\u00e9stamos Personales y Cr\u00e9ditos?<\/h2>\n<p>Al igual que <a href=\"https:\/\/cotizator.com\/us\/calculadora-de-prestamos\/\">otras calculadoras<\/a>, la de pr\u00e9stamos personales y cr\u00e9ditos es una herramienta f\u00e1cil que puede ayudarte a tomar una decisi\u00f3n informada al solicitar un pr\u00e9stamo.<\/p>\n<p>Al adquirir un pr\u00e9stamo, debes tener presente que las<strong> cuotas mensuales ser\u00e1n destinada en una gran parte al pago de los intereses<\/strong> por lo que puedes sentir que tardar\u00e1s en abonar al capital. Sin embargo, al transcurrir el pago de las cuotas el proceso se revertir\u00e1 y pasar\u00e1s a pagar una mayor cantidad de capital que de intereses.<\/p>\n<p>Nuestra calculadora te permitir\u00e1 comparar los distintas ofertas de pr\u00e9stamos personales y cr\u00e9ditos mediante una estimaci\u00f3n del monto, los intereses y la cantidad final que debes pagar por el mismo. Logrando as\u00ed que puedas elegir el que m\u00e1s se adec\u00fae a tus necesidades y a las de tu bolsillo.<\/p>\n<p>Para utilizar nuestra calculadora de pr\u00e9stamos debes seguir los siguientes pasos:<\/p>\n<ol>\n<li><strong>Rellena todos los campos<\/strong>, donde debes indicar lo siguiente:\n<ul>\n<li>Monto del Pr\u00e9stamo.<\/li>\n<li>Plazo.<\/li>\n<li>Plazo en a\u00f1os.<\/li>\n<li>Tasa de Inter\u00e9s.<\/li>\n<\/ul>\n<\/li>\n<li>Al completar los campos<strong> debes dar clic en el bot\u00f3n \u00abCalcular\u00bb.<\/strong><\/li>\n<li>Obtendr\u00e1s como resultados:\n<ul>\n<li>Cuota mensual con pago a capital e intereses.<\/li>\n<li>Monto total pagado.<\/li>\n<li>Total de intereses.<\/li>\n<\/ul>\n<\/li>\n<li>\u00a1Eso es todo! Puedes calcular la cantidad de estimaciones que quieras, solo debes dar clic al bot\u00f3n \u00abRecalcular\u00bb.<\/li>\n<\/ol>\n<p><strong>Calcula el monto de tu pr\u00e9stamo personal o cr\u00e9dito de forma f\u00e1cil, c\u00f3moda, segura y totalmente gratis.<\/strong><\/p>\n<h2>Definiciones acerca de la Calculadora de Pr\u00e9stamos Personales y Cr\u00e9ditos<\/h2>\n<p>Para que tengas una noci\u00f3n acerca de los conceptos utilizados en nuestra calculadora, a continuaci\u00f3n te diremos en qu\u00e9 consiste cada campo:<\/p>\n<ul>\n<li><strong>Monto del pr\u00e9stamo<\/strong>. Es la cantidad de dinero que deseas solicitar y que se desembolsar\u00e1 en tu cuenta una vez aprobado.<\/li>\n<li><strong>Plazo<\/strong>. Tiempo en a\u00f1os o en meses en el que pagar\u00e1s el cr\u00e9dito.<\/li>\n<li><strong>Plazo en a\u00f1os<\/strong>. Cantidad en a\u00f1os o en meses que tardar\u00e1s en liquidar la deuda.<\/li>\n<li><strong>Tasa de inter\u00e9s<\/strong>. Porcentaje aplicado sobre el monto solicitado. La tasa de inter\u00e9s puede variar seg\u00fan el tipo, el plazo, el riesgo y la inflaci\u00f3n de la operaci\u00f3n financiera.<\/li>\n<li><strong>Cuota mensual con pago a capital e intereses<\/strong>. Es la cuota mensual que vas a pagar en donde se incluye el capital y los intereses.<\/li>\n<li><strong>Monto total pagado<\/strong>. Cantidad final del pr\u00e9stamo en donde se contabiliza el pr\u00e9stamos m\u00e1s intereses.<\/li>\n<li><strong>Total de intereses<\/strong>. Refleja la cantidad que pagaste en intereses durante todo el plazo que tardaste en liquidar el pr\u00e9stamo.<\/li>\n<\/ul>\n<h2>Conclusi\u00f3n<\/h2>\n<p><strong>La calculadora de pr\u00e9stamos personales y cr\u00e9ditos es una herramienta valiosa para tomar decisiones financieras informadas<\/strong>. Al utilizar esta herramienta, podr\u00e1s evaluar el costo total de un pr\u00e9stamo o cr\u00e9dito, incluyendo la tasa de inter\u00e9s, plazos de pago y posibles cargos adicionales. Esto te permitir\u00e1 comprender claramente cu\u00e1nto pagar\u00e1s en total y c\u00f3mo los t\u00e9rminos del pr\u00e9stamo afectar\u00e1n sus finanzas a lo largo del tiempo.<\/p>\n<p>Si vas a<strong> solicitar un pr\u00e9stamo personal o cr\u00e9dito en Estados Unidos<\/strong>, es recomendable que utilices nuestra calculadora para comparar opciones. Recuerda que las tasas de inter\u00e9s en el pa\u00eds se encuentran en aumento.<\/p>\n","protected":false},"excerpt":{"rendered":"<p>La Calculadora de pr\u00e9stamos personales y cr\u00e9ditos es una herramienta que te permite estimar el monto, la tasa de inter\u00e9s, el plazo y la cuota mensual de un pr\u00e9stamo personal o un cr\u00e9dito. Con esta informaci\u00f3n, puedes comparar diferentes opciones y elegir la que m\u00e1s te convenga seg\u00fan tus necesidades y capacidades de pago. En [&hellip;]<\/p>\n","protected":false},"author":1,"featured_media":0,"parent":0,"menu_order":0,"comment_status":"closed","ping_status":"closed","template":"page_templates\/calculadoras.php","meta":{"footnotes":""},"categories":[],"tags":[],"yoast_head":"<!-- This site is optimized with the Yoast SEO plugin v22.3 - https:\/\/yoast.com\/wordpress\/plugins\/seo\/ -->\n<title>Calculadora de Pr\u00e9stamos Personales en USA [2026] \u25b7 Gratis<\/title>\n<meta name=\"description\" content=\"Calculadora de pr\u00e9stamos personales en Estados Unidos de acuerdo al Monto del Cr\u00e9dito, la Tasa de Inter\u00e9s y el Plazo a Pagar | Gratis y F\u00e1cil\" \/>\n<meta name=\"robots\" content=\"index, follow, max-snippet:-1, max-image-preview:large, max-video-preview:-1\" \/>\n<link rel=\"canonical\" href=\"https:\/\/cotizator.com\/us\/calculadora-de-prestamos-personales\/\" \/>\n<meta property=\"og:locale\" content=\"es_ES\" \/>\n<meta property=\"og:type\" content=\"article\" \/>\n<meta property=\"og:title\" content=\"Calculadora de Pr\u00e9stamos Personales en USA [2026] \u25b7 Gratis\" \/>\n<meta property=\"og:description\" content=\"Calculadora de pr\u00e9stamos personales en Estados Unidos de acuerdo al Monto del Cr\u00e9dito, la Tasa de Inter\u00e9s y el Plazo a Pagar | Gratis y F\u00e1cil\" \/>\n<meta property=\"og:url\" content=\"https:\/\/cotizator.com\/us\/calculadora-de-prestamos-personales\/\" \/>\n<meta property=\"og:site_name\" content=\"Cotizator USA\" \/>\n<meta property=\"article:publisher\" content=\"https:\/\/www.facebook.com\/cotizator\/\" \/>\n<meta property=\"article:modified_time\" content=\"2023-08-31T20:39:23+00:00\" \/>\n<meta name=\"twitter:card\" content=\"summary_large_image\" \/>\n<meta name=\"twitter:site\" content=\"@cotizator\" \/>\n<meta name=\"twitter:label1\" content=\"Tiempo de lectura\" \/>\n\t<meta name=\"twitter:data1\" content=\"3 minutos\" \/>\n<script type=\"application\/ld+json\" class=\"yoast-schema-graph\">{\"@context\":\"https:\/\/schema.org\",\"@graph\":[{\"@type\":\"WebPage\",\"@id\":\"https:\/\/cotizator.com\/us\/calculadora-de-prestamos-personales\/\",\"url\":\"https:\/\/cotizator.com\/us\/calculadora-de-prestamos-personales\/\",\"name\":\"Calculadora de Pr\u00e9stamos Personales en USA [2026] \u25b7 Gratis\",\"isPartOf\":{\"@id\":\"https:\/\/cotizator.com\/us\/#website\"},\"datePublished\":\"2023-08-22T21:02:22+00:00\",\"dateModified\":\"2023-08-31T20:39:23+00:00\",\"description\":\"Calculadora de pr\u00e9stamos personales en Estados Unidos de acuerdo al Monto del Cr\u00e9dito, la Tasa de Inter\u00e9s y el Plazo a Pagar | Gratis y F\u00e1cil\",\"breadcrumb\":{\"@id\":\"https:\/\/cotizator.com\/us\/calculadora-de-prestamos-personales\/#breadcrumb\"},\"inLanguage\":\"es\",\"potentialAction\":[{\"@type\":\"ReadAction\",\"target\":[\"https:\/\/cotizator.com\/us\/calculadora-de-prestamos-personales\/\"]}]},{\"@type\":\"BreadcrumbList\",\"@id\":\"https:\/\/cotizator.com\/us\/calculadora-de-prestamos-personales\/#breadcrumb\",\"itemListElement\":[{\"@type\":\"ListItem\",\"position\":1,\"name\":\"Home\",\"item\":\"https:\/\/cotizator.com\/us\/\"},{\"@type\":\"ListItem\",\"position\":2,\"name\":\"Calculadora de pr\u00e9stamos personales y cr\u00e9ditos\"}]},{\"@type\":\"WebSite\",\"@id\":\"https:\/\/cotizator.com\/us\/#website\",\"url\":\"https:\/\/cotizator.com\/us\/\",\"name\":\"Cotizator USA\",\"description\":\"Cotizador de Seguros en Espa\u00f1ol\",\"potentialAction\":[{\"@type\":\"SearchAction\",\"target\":{\"@type\":\"EntryPoint\",\"urlTemplate\":\"https:\/\/cotizator.com\/us\/?s={search_term_string}\"},\"query-input\":\"required name=search_term_string\"}],\"inLanguage\":\"es\"}]}<\/script>\n<!-- \/ Yoast SEO plugin. -->","yoast_head_json":{"title":"Calculadora de Pr\u00e9stamos Personales en USA [2026] \u25b7 Gratis","description":"Calculadora de pr\u00e9stamos personales en Estados Unidos de acuerdo al Monto del Cr\u00e9dito, la Tasa de Inter\u00e9s y el Plazo a Pagar | Gratis y F\u00e1cil","robots":{"index":"index","follow":"follow","max-snippet":"max-snippet:-1","max-image-preview":"max-image-preview:large","max-video-preview":"max-video-preview:-1"},"canonical":"https:\/\/cotizator.com\/us\/calculadora-de-prestamos-personales\/","og_locale":"es_ES","og_type":"article","og_title":"Calculadora de Pr\u00e9stamos Personales en USA [2026] \u25b7 Gratis","og_description":"Calculadora de pr\u00e9stamos personales en Estados Unidos de acuerdo al Monto del Cr\u00e9dito, la Tasa de Inter\u00e9s y el Plazo a Pagar | Gratis y F\u00e1cil","og_url":"https:\/\/cotizator.com\/us\/calculadora-de-prestamos-personales\/","og_site_name":"Cotizator USA","article_publisher":"https:\/\/www.facebook.com\/cotizator\/","article_modified_time":"2023-08-31T20:39:23+00:00","twitter_card":"summary_large_image","twitter_site":"@cotizator","twitter_misc":{"Tiempo de lectura":"3 minutos"},"schema":{"@context":"https:\/\/schema.org","@graph":[{"@type":"WebPage","@id":"https:\/\/cotizator.com\/us\/calculadora-de-prestamos-personales\/","url":"https:\/\/cotizator.com\/us\/calculadora-de-prestamos-personales\/","name":"Calculadora de Pr\u00e9stamos Personales en USA [2026] \u25b7 Gratis","isPartOf":{"@id":"https:\/\/cotizator.com\/us\/#website"},"datePublished":"2023-08-22T21:02:22+00:00","dateModified":"2023-08-31T20:39:23+00:00","description":"Calculadora de pr\u00e9stamos personales en Estados Unidos de acuerdo al Monto del Cr\u00e9dito, la Tasa de Inter\u00e9s y el Plazo a Pagar | Gratis y F\u00e1cil","breadcrumb":{"@id":"https:\/\/cotizator.com\/us\/calculadora-de-prestamos-personales\/#breadcrumb"},"inLanguage":"es","potentialAction":[{"@type":"ReadAction","target":["https:\/\/cotizator.com\/us\/calculadora-de-prestamos-personales\/"]}]},{"@type":"BreadcrumbList","@id":"https:\/\/cotizator.com\/us\/calculadora-de-prestamos-personales\/#breadcrumb","itemListElement":[{"@type":"ListItem","position":1,"name":"Home","item":"https:\/\/cotizator.com\/us\/"},{"@type":"ListItem","position":2,"name":"Calculadora de pr\u00e9stamos personales y cr\u00e9ditos"}]},{"@type":"WebSite","@id":"https:\/\/cotizator.com\/us\/#website","url":"https:\/\/cotizator.com\/us\/","name":"Cotizator USA","description":"Cotizador de Seguros en Espa\u00f1ol","potentialAction":[{"@type":"SearchAction","target":{"@type":"EntryPoint","urlTemplate":"https:\/\/cotizator.com\/us\/?s={search_term_string}"},"query-input":"required name=search_term_string"}],"inLanguage":"es"}]}},"_links":{"self":[{"href":"https:\/\/cotizator.com\/us\/wp-json\/wp\/v2\/pages\/17602"}],"collection":[{"href":"https:\/\/cotizator.com\/us\/wp-json\/wp\/v2\/pages"}],"about":[{"href":"https:\/\/cotizator.com\/us\/wp-json\/wp\/v2\/types\/page"}],"author":[{"embeddable":true,"href":"https:\/\/cotizator.com\/us\/wp-json\/wp\/v2\/users\/1"}],"replies":[{"embeddable":true,"href":"https:\/\/cotizator.com\/us\/wp-json\/wp\/v2\/comments?post=17602"}],"version-history":[{"count":11,"href":"https:\/\/cotizator.com\/us\/wp-json\/wp\/v2\/pages\/17602\/revisions"}],"predecessor-version":[{"id":17723,"href":"https:\/\/cotizator.com\/us\/wp-json\/wp\/v2\/pages\/17602\/revisions\/17723"}],"wp:attachment":[{"href":"https:\/\/cotizator.com\/us\/wp-json\/wp\/v2\/media?parent=17602"}],"wp:term":[{"taxonomy":"category","embeddable":true,"href":"https:\/\/cotizator.com\/us\/wp-json\/wp\/v2\/categories?post=17602"},{"taxonomy":"post_tag","embeddable":true,"href":"https:\/\/cotizator.com\/us\/wp-json\/wp\/v2\/tags?post=17602"}],"curies":[{"name":"wp","href":"https:\/\/api.w.org\/{rel}","templated":true}]}}