{"id":1444,"date":"2018-03-16T18:11:18","date_gmt":"2018-03-16T18:11:18","guid":{"rendered":"http:\/\/cotizator.com\/us\/?page_id=1444"},"modified":"2023-10-31T17:17:22","modified_gmt":"2023-10-31T17:17:22","slug":"ranking-seguros-viaje-usa","status":"publish","type":"page","link":"https:\/\/cotizator.com\/us\/ranking-seguros-viaje-usa\/","title":{"rendered":"Seguros de Viaje en USA"},"content":{"rendered":"<p>Los <strong>seguros de viaje en USA<\/strong> son ideales para los amantes de los viajes dentro y fuera del pa\u00eds. Se encargan de cubrir cualquier gasto tras un imprevisto que surja en la ciudad de destino. Esto generalmente incluye los costos m\u00e9dicos, la seguridad del equipaje o los vuelos.<\/p>\n<p>Es importante la contrataci\u00f3n de un seguro de viaje debido a que se puede ahorrar mucho al contar con estos servicios. Las coberturas depender\u00e1n del tipo de seguro que se contrate y las necesidades de cada viajero. Entre las empresas m\u00e1s reconocidas por su oferta y <strong>Ranking<\/strong> en Estados Unidos se encuentran USAA, AAA, InfinIty, Esurance, geico, Profressive, Allied, State Farm, Allstate y Nationwide.<\/p>\n<h2>Mejores Compa\u00f1\u00edas de Seguros de Viaje<\/h2>\n<h2>\u00bfC\u00f3mo Funciona el Seguro de Viajeros?<\/h2>\n<p>El funcionamiento de un <strong>seguro de viajes<\/strong> es b\u00e1sicamente similar a cualquier otra p\u00f3liza de seguro que hayas contratado anteriormente. Sin embargo, los <strong>seguros para viajeros<\/strong> suelen tener <strong>pol\u00edticas de reembolso m\u00e1s exigentes<\/strong>.<\/p>\n<p>Por su parte, el proceso para<strong> presentar una reclamaci\u00f3n<\/strong> de seguro de viaje es similar al del seguro del autom\u00f3vil o del hogar.\u00a0Si algo sucede durante tu viaje y necesitas usar tu seguro, deber\u00e1s presentar un reclamo para recibir el reembolso.<\/p>\n<p>Por ejemplo: En casos donde tu <strong>equipaje se retrasa<\/strong> y necesitas comprar ropa y art\u00edculos de higiene b\u00e1sicos. En este caso, debes presentar una reclamaci\u00f3n para solicitar un reembolso.<\/p>\n<p>A menudo, se ofrece un seguro de viaje al comprar un pase de crucero, un pasaje a\u00e9reo o al <strong>reservar un alquiler vacacional<\/strong>. Tambi\u00e9n, es importante que consideres el tipo de viaje que vas a realizar. Si est\u00e1s tomando un crucero, es posible que desees un plan que incluya <strong>cobertura de conexi\u00f3n perdida<\/strong>.<\/p>\n<p style=\"text-align: center;\"><em><strong>Importante<\/strong>: Te aconsejamos que siempre lleves contigo una <strong>copia impresa de los documentos de tu seguro<\/strong> de viaje y tu seguro m\u00e9dico internacional. De esta forma, si tu viaje se ve afectado por una tormenta y\u00a0no puedes conectarte a Internet o te quedas sin electricidad, a\u00fan sabr\u00e1s a qu\u00e9 n\u00famero llamar y <strong>qu\u00e9 instrucciones seguir<\/strong>.<\/em><\/p>\n<h2>\u00bfNecesito un Seguro de Viaje?<\/h2>\n<p>Ahora que hemos cubierto los conceptos b\u00e1sicos, podemos abordar la gran pregunta. \u00bfDeber\u00eda comprar un seguro de viaje? Y la verdad es que existen algunos <strong>factores importantes a considerar<\/strong> antes de determinar si el seguro de viaje es adecuado para ti y estos son: el <strong>costo, el destino y qui\u00e9n viaja<\/strong>.<\/p>\n<p>Sin embargo, si no puedes permitirte perder la cantidad de dinero que has invertido en tu viaje, probablemente <strong>deber\u00edas considerar un seguro de viaje<\/strong> antes de planificar tus pr\u00f3ximas vacaciones fuera de E.E.U.U.<\/p>\n<p>De hecho, si viajas lejos, alrededor del mundo, o hacia un \u00e1rea remota donde el hospital m\u00e1s cercano est\u00e1 a muchas millas de distancia, entonces un <strong>plan de protecci\u00f3n para viajes<\/strong> y una <strong>p\u00f3liza de seguro m\u00e9dico internacional<\/strong> podr\u00eda ayudarte a prevenir situaciones contigo o tus familiares.<\/p>\n<h2>Coberturas Disponibles en los Seguros de viaje<\/h2>\n<p>Sin importar que compres un seguro de viaje b\u00e1sico o completo, este tipo de p\u00f3liza suele cubrir lo siguiente:<\/p>\n<p><strong>Coberturas B\u00e1sicas:<\/strong><\/p>\n<ul>\n<li><strong>Seguro M\u00e9dico Internacional.<\/strong><\/li>\n<li>Gastos M\u00e9dicos por Enfermedad y Accidente.<\/li>\n<li><strong>Seguro para Viajar a M\u00e9xico.<\/strong><\/li>\n<li>Cancelaci\u00f3n del Viaje.<\/li>\n<li><strong>Costos para un Familiar Acompa\u00f1ante.<\/strong><\/li>\n<\/ul>\n<p><strong>Coberturas Adicionales:<\/strong><\/p>\n<ul>\n<li><strong>Compensaci\u00f3n por P\u00e9rdida o Demora del Equipaje.<\/strong><\/li>\n<li>Costos por Repatriaci\u00f3n Funeraria.<\/li>\n<li><strong>Costos por traslado al hotel.<\/strong><\/li>\n<li>Gasto por Medicamentos.<\/li>\n<li><strong>Overbooking.<\/strong><\/li>\n<\/ul>\n<h2>Tipos de Seguros de Viaje en USA<\/h2>\n<p>En USA existen principalmente tres tipos de seguros de viaje que se encargan de la cobertura dentro y fuera del pa\u00eds, que son:<\/p>\n<ul>\n<li><strong>Seguro de Viaje M\u00ednimo.<\/strong> Es el seguro b\u00e1sico de viaje que cuenta con el m\u00ednimo de coberturas para los viajeros. Es posible adquirirlo sin costo en las agencias de viajes al momento de contratar un paquete vacacional.<\/li>\n<li><strong>Seguro Extra de Viaje.<\/strong> Cuenta con coberturas m\u00e1s amplias y adicionales a las que ofrece el seguro de viaje m\u00ednimo. Entre ellas el env\u00edo de mensajes urgentes sin importar la ciudad en donde se encuentre el viajero, as\u00ed como un adelanto de fondos en caso de robo.<\/li>\n<li><strong>Seguro de Vida Schengen.<\/strong> Esta protecci\u00f3n est\u00e1 elaborada bajo el Acuerdo de Schengen. En \u00e9l, las estancias tur\u00edsticas de los pa\u00edses dentro del acuerdo, requieren de un visado \u00fanico en caso de la estancia sea menor a 90 d\u00edas. Es importante que el visado sea la contrataci\u00f3n del seguro de viaje con gastos m\u00e9dicos incluidos.<\/li>\n<li><strong>Seguro para Viajar a M\u00e9xico<\/strong>. Es un seguro de viaje exclusivo para personas que visitan M\u00e9xico por turismo o que viajan all\u00ed con regularidad por trabajo. Generalmente, se encarga de ofrecer protecci\u00f3n para alquiler de autos, robo de veh\u00edculo y atenci\u00f3n m\u00e9dica primaria.<\/li>\n<\/ul>\n<h2>\u00bfC\u00f3mo Elegir un Seguro de Viaje?<\/h2>\n<p>A continuaci\u00f3n, te dejamos algunas recomendaciones clave que puedes aplicar antes de elegir un pr\u00f3ximo seguro de viaje:<\/p>\n<ul>\n<li><strong>La Clave es Prevenir<\/strong>. Lo ideal es que compres un seguro de viaje antes de que suceda algo que interrumpa tu viaje (ya programado con anticipaci\u00f3n). Una vez que ha ocurrido el evento, como un acto de terrorismo, enfermedad o clima severo, ya no puedes comprar un plan para cubrir ese o cualquier evento relacionado.<\/li>\n<li><strong>Lee la Letra Peque\u00f1a<\/strong>. Lee atentamente el plan elegido antes de comprarlo. Querr\u00e1s saber exactamente qu\u00e9 cubrir\u00e1 tu compa\u00f1\u00eda de seguros y qu\u00e9 no.<\/li>\n<li><strong>Documentaci\u00f3n al D\u00eda<\/strong>. Proporciona documentaci\u00f3n completa y actualizada de tu problema al emitir un reclamo por un seguro de viajes. Recuerda que, esta documentaci\u00f3n podr\u00eda ser una factura m\u00e9dica, un estado de cuenta de la aerol\u00ednea o un horario de vuelo seg\u00fan la situaci\u00f3n.<\/li>\n<li><strong>Paga tus Costos por Adelantado<\/strong>. El seguro de viaje funciona principalmente como una estructura de reembolso. La compa\u00f1\u00eda de seguros solo reembolsar\u00e1 dinero si aprueban tu reclamo.<\/li>\n<\/ul>\n<h3>Organismos Reguladores<\/h3>\n<p>En USA, la National Association of Insurance Conmmissioners (NAIC) se encarga de las pol\u00edticas en materia de seguros. Si tienes alguna queja es necesario acudir a <a href=\"https:\/\/www.usa.gov\/es\/quejas-consumidor\">Protecci\u00f3n al Consumidor<\/a> del Gobierno de los Estados Unidos. En todos los estados del pa\u00eds se puede contactar por medio de los comisionados de Gobierno.<\/p>\n<h2>Cotiza y Compara Seguros de viaje en Cotizator<\/h2>\n<p>Encontrar el mejor <strong>Seguro de viaje<\/strong> en Estados Unidos es m\u00e1s f\u00e1cil de lo que imaginas gracias a nuestra <strong>herramienta de cotizaci\u00f3n gratuita<\/strong>. En <a href=\"https:\/\/cotizator.com\/us\/cotizador-seguros-gratis\/\" target=\"_blank\" rel=\"noopener\">Cotizator.com<\/a> nos encargamos de comparar las mejores ofertas disponibles en el mercado para que elijas los <strong>seguros de viajeros<\/strong> que mejor se adapten a tus necesidades.<\/p>\n<p>A continuaci\u00f3n, te dejamos una <strong>tabla comparativa<\/strong> donde cotizamos un seguro de viaje para 3 personas (con 1 adolescente incluido) cuyo destino tur\u00edstico es M\u00e9xico; y la duraci\u00f3n de su viaje es de 12 d\u00edas.<\/p>\n<table>\n<thead>\n<tr>\n<th>Empresa<\/th>\n<th>Precio Promedio<\/th>\n<th>Caracter\u00edstica Especial<\/th>\n<\/tr>\n<\/thead>\n<tbody>\n<tr>\n<td style=\"text-align: center;\"><strong>Allianz Travel Insurance<\/strong><\/td>\n<td style=\"text-align: center;\">$100 &#8211; $350<\/td>\n<td style=\"text-align: center;\">Disponible cobertura de viaje (anual) para viajeros frecuentes.<\/td>\n<\/tr>\n<tr>\n<td style=\"text-align: center;\"><strong>AIG Travel<\/strong><\/td>\n<td style=\"text-align: center;\">$80 &#8211; 340<\/td>\n<td style=\"text-align: center;\">Todos sus planes cubren a ni\u00f1os y adolescentes menores de 17 a\u00f1os.<\/td>\n<\/tr>\n<tr>\n<td style=\"text-align: center;\"><strong>IMG Travel Insurance<\/strong><\/td>\n<td style=\"text-align: center;\">$70 &#8211; $500<\/td>\n<td style=\"text-align: center;\">Incluye seguro espec\u00edfico para adultos mayores a 65 a\u00f1os.<\/td>\n<\/tr>\n<\/tbody>\n<\/table>\n<p><strong>Consideraciones importantes:<\/strong><\/p>\n<p>La cotizaci\u00f3n incluye:<\/p>\n<ul>\n<li><strong>Cobertura de colisi\u00f3n<\/strong> con un precio adicional de $10\/d\u00eda.<\/li>\n<li><strong>Gastos M\u00e9dicos de Emergencia<\/strong> (Adicionales) cuesta $10\/d\u00eda.<\/li>\n<li>Cobertura de <strong>cancelaci\u00f3n de viaje<\/strong> de hasta $50,000.<\/li>\n<li>Cobertura de <strong>interrupci\u00f3n de viaje<\/strong> de hasta $150,000.<\/li>\n<\/ul>\n<p style=\"text-align: center;\"><em><strong>Importante<\/strong>: Ten en cuenta que cada cotizaci\u00f3n puede ser completamente distinta seg\u00fan el destino, n\u00famero de personas, edad de los viajeros y condiciones de la p\u00f3liza.<\/em><\/p>\n<h2>Preguntas Frecuentes<\/h2>\n<h3>\u00bfLos Seguros de Viajes funcionan dentro y fuera de E.E.U.U.?<\/h3>\n<p>Los proveedores de seguros cubren a los ciudadanos estadounidenses que viajan al extranjero, pero solo unos pocos ofrecen seguros de viaje para los ciudadanos estadounidenses que viajan dentro de los Estados Unidos. Por lo tanto, es importante revisar cuidadosamente las p\u00f3lizas de seguro y preguntarle a tu agente de seguros si la cobertura que est\u00e1s comprando sirve para viajar dentro del pa\u00eds.<\/p>\n<h3>\u00bfQu\u00e9 \u00abNo\u00bb cubre el seguro de viaje?<\/h3>\n<p>El seguro para viajeros internacionales no cubre lo siguiente:<\/p>\n<ul>\n<li>P\u00e9rdidas debidas a enfermedades ven\u00e9reas.<\/li>\n<li>Virus del SIDA.<\/li>\n<li>Embarazo (excepto complicaciones del embarazo) o aborto.<\/li>\n<li>P\u00e9rdidas debidas a trastornos mentales, psicol\u00f3gicos o nerviosos.<\/li>\n<li>Ansiedad, depresi\u00f3n, neurosis o psicosis.<\/li>\n<li>P\u00e9rdidas por radiaci\u00f3n nuclear o contaminaci\u00f3n radiactiva.<\/li>\n<\/ul>\n<h3>\u00bfCu\u00e1nto cuesta el seguro de viaje internacional?<\/h3>\n<p>En general, un seguro de viajeros cuesta entre el 4% y el 10% del costo total del viaje prepagado y no reembolsable. Por ejemplo, si compras un viaje internacional con un costo total de $5,000, las p\u00f3lizas de seguro de viaje disponibles para ti probablemente variar\u00e1n en precio entre $250 y $500.<\/p>\n<h3>\u00bfA qu\u00e9 edad se vuelven caros los seguros de viaje?<\/h3>\n<p>Los aumentos de precios m\u00e1s dr\u00e1sticos suelen producirse entre los 71, 76, 81 y 86 a\u00f1os.<\/p>\n<h3>\u00bfSe puede comprar un seguro de viaje despu\u00e9s de reservar un vuelo?<\/h3>\n<p>S\u00ed, puedes comprar un seguro de viaje una vez que has reservado tu vuelo. De hecho, es el mejor momento para hacerlo, ya que en ese caso conocer\u00e1s el precio total del billete de avi\u00f3n y podr\u00e1s estimar el costo de tu seguro.<\/p>\n<p>&nbsp;<\/p>\n","protected":false},"excerpt":{"rendered":"<p>Cotiza, compara y elige los seguros de viaje m\u00e1s baratos de Estados Unidos. Tanto para residentes en USA que viajen al extranjero, como para visitantes de Estados Unidos.<\/p>\n","protected":false},"author":2,"featured_media":0,"parent":0,"menu_order":0,"comment_status":"closed","ping_status":"closed","template":"listado.php","meta":{"footnotes":""},"categories":[119],"tags":[],"yoast_head":"<!-- This site is optimized with the Yoast SEO plugin v22.3 - https:\/\/yoast.com\/wordpress\/plugins\/seo\/ -->\n<title>Mejores Seguros de Viaje en Estados Unidos [2026 ]<\/title>\n<meta name=\"description\" content=\"Los mejores Seguros de Viaje en Estados Unidos\ud83e\udd47 | Informaci\u00f3n en Espa\u00f1ol | Cotiza y compara las mejores compa\u00f1\u00edas.\" \/>\n<meta name=\"robots\" content=\"index, follow, max-snippet:-1, max-image-preview:large, max-video-preview:-1\" \/>\n<link rel=\"canonical\" href=\"https:\/\/cotizator.com\/us\/ranking-seguros-viaje-usa\/\" \/>\n<meta property=\"og:locale\" content=\"es_ES\" \/>\n<meta property=\"og:type\" content=\"article\" \/>\n<meta property=\"og:title\" content=\"Mejores Seguros de Viaje en Estados Unidos [2026 ]\" \/>\n<meta property=\"og:description\" content=\"Los mejores Seguros de Viaje en Estados Unidos\ud83e\udd47 | Informaci\u00f3n en Espa\u00f1ol | Cotiza y compara las mejores compa\u00f1\u00edas.\" \/>\n<meta property=\"og:url\" content=\"https:\/\/cotizator.com\/us\/ranking-seguros-viaje-usa\/\" \/>\n<meta property=\"og:site_name\" content=\"Cotizator USA\" \/>\n<meta property=\"article:publisher\" content=\"https:\/\/www.facebook.com\/cotizator\/\" \/>\n<meta property=\"article:modified_time\" content=\"2023-10-31T17:17:22+00:00\" \/>\n<meta name=\"twitter:card\" content=\"summary_large_image\" \/>\n<meta name=\"twitter:site\" content=\"@cotizator\" \/>\n<meta name=\"twitter:label1\" content=\"Tiempo de lectura\" \/>\n\t<meta name=\"twitter:data1\" content=\"7 minutos\" \/>\n<script type=\"application\/ld+json\" class=\"yoast-schema-graph\">{\"@context\":\"https:\/\/schema.org\",\"@graph\":[{\"@type\":\"WebPage\",\"@id\":\"https:\/\/cotizator.com\/us\/ranking-seguros-viaje-usa\/\",\"url\":\"https:\/\/cotizator.com\/us\/ranking-seguros-viaje-usa\/\",\"name\":\"Mejores Seguros de Viaje en Estados Unidos [2026 ]\",\"isPartOf\":{\"@id\":\"https:\/\/cotizator.com\/us\/#website\"},\"datePublished\":\"2018-03-16T18:11:18+00:00\",\"dateModified\":\"2023-10-31T17:17:22+00:00\",\"description\":\"Los mejores Seguros de Viaje en Estados Unidos\ud83e\udd47 | Informaci\u00f3n en Espa\u00f1ol | Cotiza y compara las mejores compa\u00f1\u00edas.\",\"breadcrumb\":{\"@id\":\"https:\/\/cotizator.com\/us\/ranking-seguros-viaje-usa\/#breadcrumb\"},\"inLanguage\":\"es\",\"potentialAction\":[{\"@type\":\"ReadAction\",\"target\":[\"https:\/\/cotizator.com\/us\/ranking-seguros-viaje-usa\/\"]}]},{\"@type\":\"BreadcrumbList\",\"@id\":\"https:\/\/cotizator.com\/us\/ranking-seguros-viaje-usa\/#breadcrumb\",\"itemListElement\":[{\"@type\":\"ListItem\",\"position\":1,\"name\":\"Home\",\"item\":\"https:\/\/cotizator.com\/us\/\"},{\"@type\":\"ListItem\",\"position\":2,\"name\":\"Seguros de Viaje en USA\"}]},{\"@type\":\"WebSite\",\"@id\":\"https:\/\/cotizator.com\/us\/#website\",\"url\":\"https:\/\/cotizator.com\/us\/\",\"name\":\"Cotizator USA\",\"description\":\"Cotizador de Seguros en Espa\u00f1ol\",\"potentialAction\":[{\"@type\":\"SearchAction\",\"target\":{\"@type\":\"EntryPoint\",\"urlTemplate\":\"https:\/\/cotizator.com\/us\/?s={search_term_string}\"},\"query-input\":\"required name=search_term_string\"}],\"inLanguage\":\"es\"}]}<\/script>\n<!-- \/ Yoast SEO plugin. -->","yoast_head_json":{"title":"Mejores Seguros de Viaje en Estados Unidos [2026 ]","description":"Los mejores Seguros de Viaje en Estados Unidos\ud83e\udd47 | Informaci\u00f3n en Espa\u00f1ol | Cotiza y compara las mejores compa\u00f1\u00edas.","robots":{"index":"index","follow":"follow","max-snippet":"max-snippet:-1","max-image-preview":"max-image-preview:large","max-video-preview":"max-video-preview:-1"},"canonical":"https:\/\/cotizator.com\/us\/ranking-seguros-viaje-usa\/","og_locale":"es_ES","og_type":"article","og_title":"Mejores Seguros de Viaje en Estados Unidos [2026 ]","og_description":"Los mejores Seguros de Viaje en Estados Unidos\ud83e\udd47 | Informaci\u00f3n en Espa\u00f1ol | Cotiza y compara las mejores compa\u00f1\u00edas.","og_url":"https:\/\/cotizator.com\/us\/ranking-seguros-viaje-usa\/","og_site_name":"Cotizator USA","article_publisher":"https:\/\/www.facebook.com\/cotizator\/","article_modified_time":"2023-10-31T17:17:22+00:00","twitter_card":"summary_large_image","twitter_site":"@cotizator","twitter_misc":{"Tiempo de lectura":"7 minutos"},"schema":{"@context":"https:\/\/schema.org","@graph":[{"@type":"WebPage","@id":"https:\/\/cotizator.com\/us\/ranking-seguros-viaje-usa\/","url":"https:\/\/cotizator.com\/us\/ranking-seguros-viaje-usa\/","name":"Mejores Seguros de Viaje en Estados Unidos [2026 ]","isPartOf":{"@id":"https:\/\/cotizator.com\/us\/#website"},"datePublished":"2018-03-16T18:11:18+00:00","dateModified":"2023-10-31T17:17:22+00:00","description":"Los mejores Seguros de Viaje en Estados Unidos\ud83e\udd47 | Informaci\u00f3n en Espa\u00f1ol | Cotiza y compara las mejores compa\u00f1\u00edas.","breadcrumb":{"@id":"https:\/\/cotizator.com\/us\/ranking-seguros-viaje-usa\/#breadcrumb"},"inLanguage":"es","potentialAction":[{"@type":"ReadAction","target":["https:\/\/cotizator.com\/us\/ranking-seguros-viaje-usa\/"]}]},{"@type":"BreadcrumbList","@id":"https:\/\/cotizator.com\/us\/ranking-seguros-viaje-usa\/#breadcrumb","itemListElement":[{"@type":"ListItem","position":1,"name":"Home","item":"https:\/\/cotizator.com\/us\/"},{"@type":"ListItem","position":2,"name":"Seguros de Viaje en USA"}]},{"@type":"WebSite","@id":"https:\/\/cotizator.com\/us\/#website","url":"https:\/\/cotizator.com\/us\/","name":"Cotizator USA","description":"Cotizador de Seguros en Espa\u00f1ol","potentialAction":[{"@type":"SearchAction","target":{"@type":"EntryPoint","urlTemplate":"https:\/\/cotizator.com\/us\/?s={search_term_string}"},"query-input":"required name=search_term_string"}],"inLanguage":"es"}]}},"_links":{"self":[{"href":"https:\/\/cotizator.com\/us\/wp-json\/wp\/v2\/pages\/1444"}],"collection":[{"href":"https:\/\/cotizator.com\/us\/wp-json\/wp\/v2\/pages"}],"about":[{"href":"https:\/\/cotizator.com\/us\/wp-json\/wp\/v2\/types\/page"}],"author":[{"embeddable":true,"href":"https:\/\/cotizator.com\/us\/wp-json\/wp\/v2\/users\/2"}],"replies":[{"embeddable":true,"href":"https:\/\/cotizator.com\/us\/wp-json\/wp\/v2\/comments?post=1444"}],"version-history":[{"count":15,"href":"https:\/\/cotizator.com\/us\/wp-json\/wp\/v2\/pages\/1444\/revisions"}],"predecessor-version":[{"id":18174,"href":"https:\/\/cotizator.com\/us\/wp-json\/wp\/v2\/pages\/1444\/revisions\/18174"}],"wp:attachment":[{"href":"https:\/\/cotizator.com\/us\/wp-json\/wp\/v2\/media?parent=1444"}],"wp:term":[{"taxonomy":"category","embeddable":true,"href":"https:\/\/cotizator.com\/us\/wp-json\/wp\/v2\/categories?post=1444"},{"taxonomy":"post_tag","embeddable":true,"href":"https:\/\/cotizator.com\/us\/wp-json\/wp\/v2\/tags?post=1444"}],"curies":[{"name":"wp","href":"https:\/\/api.w.org\/{rel}","templated":true}]}}