{"id":13944,"date":"2022-01-17T15:43:30","date_gmt":"2022-01-17T15:43:30","guid":{"rendered":"https:\/\/cotizator.com\/us\/?page_id=13944"},"modified":"2023-06-12T13:26:27","modified_gmt":"2023-06-12T13:26:27","slug":"tarjetas-de-debito-en-usa","status":"publish","type":"page","link":"https:\/\/cotizator.com\/us\/tarjetas-de-debito-en-usa\/","title":{"rendered":"Tarjetas de d\u00e9bito en USA"},"content":{"rendered":"<h2>Para qu\u00e9 sirven las tarjetas de d\u00e9bito en USA<\/h2>\n<p>Las tarjetas de d\u00e9bito en Estados Unidos son \u00fatiles,<strong> permiten realizar pagos y retiros<\/strong> que se reflejan o descuentan sobre tu cuenta financiera. As\u00ed mismo, representa un instrumento para movilizar tus fondos, ya sea mediante una cuenta bancaria o con alternativas prepagadas.<\/p>\n<p>La <strong>posibilidad de autorizar movimientos<\/strong> financieros, de traducen al uso de esta tarjeta, por lo que debes tener mucho cuidado. Es decir, es indispensable adoptar medidas de seguridad, para evitar cualquier tipo de fraude o contratiempo.<\/p>\n<p>El uso de las tarjetas de d\u00e9bito, se caracteriza por emitir o proporcionar<strong> el siguiente funcionamiento:<\/strong><\/p>\n<ul>\n<li>Descuenta el importe de forma autom\u00e1tica de la cuenta que tenga asociada.<\/li>\n<li>Es posible usarla por los fondos que tenga disponible la cuenta o la modalidad prepagada.<\/li>\n<li>Detr\u00e1s de cada uso se establecen comisiones bajas e incluso llegan a ser gratuitas en algunos casos.<\/li>\n<li>La generaci\u00f3n de las tarjetas no posee comisi\u00f3n, al estar asociadas a una cuenta.<\/li>\n<\/ul>\n<h2>Tipos de Tarjetas de d\u00e9bito en USA<\/h2>\n<p>El uso diario de tu dinero, <strong>depende de la disposici\u00f3n de tarjetas de d\u00e9bitos<\/strong> que faciliten la realizaci\u00f3n de operaciones. As\u00ed mismo, se presentan algunas variaciones sobre este instrumento financiero, seg\u00fan a los fondos que se encuentre asociada.<\/p>\n<h3>Tarjetas de d\u00e9bito prepagadas<\/h3>\n<p>La funci\u00f3n de estas tarjetas, tiene el prop\u00f3sito de <strong>disminuir la dependencia que existe sobre las cuentas bancarias<\/strong> y las tarjetas de cr\u00e9dito. Sin embargo, las opciones son limitadas, en lo que respecta a la cobertura de ciertos montos, pero son \u00fatiles para el d\u00eda a d\u00eda.<\/p>\n<p>Otro punto a favor es su obtenci\u00f3n, resultan m\u00e1s sencillas de conseguir en comparaci\u00f3n de las tarjetas de d\u00e9bito y cr\u00e9dito tradicionales. Ya que, <strong>no poseen alg\u00fan tipo de requisito de verificaci\u00f3n<\/strong> de cr\u00e9dito, sino que poseen una amplia disponibilidad, y no requieren de cuenta bancaria.<\/p>\n<h2>Mejores compa\u00f1\u00edas que ofrecen tarjetas de d\u00e9bito en USA<\/h2>\n<p>Para aclarar <strong>cu\u00e1les son las compa\u00f1\u00edas con mejores ofertas<\/strong> sobre tarjetas de d\u00e9bito en Estados Unidos, es fundamental analizar su trayectoria y propuesta. Por este motivo, debes conocer una a una estas instituciones financieras que se encuentran a tu alcance.<\/p>\n<h3>Bank of America<\/h3>\n<p>Por medio de la reconocida instituci\u00f3n financiera Bank of America, <strong>es posible contar con tarjeta de d\u00e9bito<\/strong> devengada de los diferentes tipos de cuentas que posee la entidad. Pero, una de las modalidades principales o m\u00e1s buscada se encuentra la cuenta Advantage Banking.<\/p>\n<p>Para contar con la tarjeta de d\u00e9bito, debes <strong>realizar todos los pasos para solicitar la apertura<\/strong> de una cuenta bancaria. As\u00ed que, es necesario consultar el portal web de Bank of America para recabar todos los requisitos y realizar ese primer paso.<\/p>\n<h3>Wells Fargo<\/h3>\n<p>Mediante los tipos de cuenta bancaria disponibles en esta instituci\u00f3n, puedes conseguir la manera de <strong>usar una tarjeta de d\u00e9bito<\/strong>. Porque, es la mejor alternativa para mover o disponer de tus fondos de forma diaria, cuando m\u00e1s lo necesites.<\/p>\n<p>Las necesidades bancarias que puedes resolver mediante Wells Fargo, tienen soluci\u00f3n <strong>por medio de la cuenta de cheques<\/strong>, cuenta de ahorros, certificado de dep\u00f3sito u otros. Por ende, cada una de estas opciones reciben el descuento de cualquier movimiento generado por la tarjeta.<\/p>\n<h3>JPMorgan Chase &amp; Co<\/h3>\n<p>Dentro de esta instituci\u00f3n financiera, <strong>consigues un respaldo extenso<\/strong> por su funcionamiento desde el a\u00f1o 2000 hasta la actualidad. Por esta raz\u00f3n, lidera la lista de las entidades bancarias de Estados Unidos.<\/p>\n<p>La <strong>variedad de tarjetas disponibles<\/strong> en este banco, son correspondidas por un sistema bancario que apuesta ampliamente por la tecnolog\u00eda. Por ende, esta se transforma en una valiosa opci\u00f3n para invertir, y utilizar tus fondos.<\/p>\n<h3>Citigroup Inc<\/h3>\n<p>Representa una de las compa\u00f1\u00edas financieras <strong>con m\u00e1s relevancia a nivel mundial<\/strong>, por eso es ampliamente preferido en Estados Unidos. Por otro lado, fusiona los servicios de seguros m\u00e9dicos y banca en una misma instituci\u00f3n, con una labor diversificada que opera en 150 pa\u00edses.<\/p>\n<h3>Goldman Sachs Group<\/h3>\n<p>Es un grupo financiero que<strong> impulsa la inversi\u00f3n y los valores<\/strong>, bajo cifras llamativas a nivel mundial, es una alternativa confiable por ser uno de los bancos m\u00e1s antiguos. As\u00ed mismo, ha hecho historia a nivel de recursos financieros, por eso puedes dar por hecho la obtenci\u00f3n de tarjetas de d\u00e9bito.<\/p>\n<h3>Morgan Stanley<\/h3>\n<p>Esta entidad financiera posee <strong>una gran importancia social<\/strong>, debido a que respalda la actividad o la gesti\u00f3n empresarial. En consecuencia, se concibe como un banco destinado para la inversi\u00f3n y la participaci\u00f3n en la bolsa, sin dejar a un lado el uso de tarjeta de d\u00e9bito.<\/p>\n<h2>5 Mejores tarjetas de d\u00e9bito en USA<\/h2>\n<p>Si quieres conocer cu\u00e1les son las mejores tarjetas de d\u00e9bito prepagadas en todos los Estados Unidos, te las dejamos a continuaci\u00f3n:<\/p>\n<h3>1. Bluebird de American Express<\/h3>\n<ul>\n<li style=\"list-style-type: none;\">\n<ul>\n<li>No tiene cargos mensuales de mantenimiento ni costos por activaci\u00f3n.<\/li>\n<li>Los retiros son gratis en cajeros de la red MoneyPass. En otras entidades cobra una comisi\u00f3n de $2.50USD.<\/li>\n<li>Cuenta con todas las modales de recargo como una tarjeta convencional. Dep\u00f3sitos, transferencias bancarias, cargo de efectivo y m\u00e1s.<\/li>\n<\/ul>\n<\/li>\n<\/ul>\n<h3>2. Tarjeta Visa Prepago Virtual Movo<\/h3>\n<ul>\n<li style=\"list-style-type: none;\">\n<ul>\n<li>Tarifa inactividad por $4.95 sin verificar historial crediticio.<\/li>\n<li>No cobra tarifa de mantenimiento.<\/li>\n<li>Retiros gratis en la red Visa Plus.<\/li>\n<li>Comisi\u00f3n de $ 2 USD en otra red de cajeros autom\u00e1ticos.<\/li>\n<li>Cuenta con recargas tradicionales, as\u00ed como tambi\u00e9n permite retiros de saldo Paypal.<\/li>\n<li>Pagos de facturas en l\u00edneas son totalmente gratuitos.<\/li>\n<\/ul>\n<\/li>\n<\/ul>\n<h3 style=\"text-align: left;\">3. Tarjeta prepagada recargable Fifth Third Access 360\u00b0<\/h3>\n<ul>\n<li style=\"list-style-type: none;\">\n<ul>\n<li>Cuota de manejo mensual de $4 USD que puede exonerarse si depositas un promedio de $500 USD al mes.<\/li>\n<li>Retiros gratis en cajeros de la red Fifth Third y Allpoint.<\/li>\n<li>Otros cajeros comisi\u00f3n de $ 2.75 USD.<\/li>\n<li>La tarjeta puede tener dos propietarios.<\/li>\n<li>Las recargas se realizan mediante dep\u00f3sito, transferencias o dep\u00f3sitos en efectivo en cajeros autom\u00e1ticos de la red Fifth Third.<\/li>\n<\/ul>\n<\/li>\n<\/ul>\n<h3>4. Tarjeta prepagada Wells Fargo EasyPay<\/h3>\n<ul>\n<li style=\"list-style-type: none;\">\n<ul>\n<li>Cuenta con recargas gratuitas de cheques y efectivo.<\/li>\n<li>Tarifa de manejo mensual de $ 5 USD sin recargos ni cuota de activaci\u00f3n.<\/li>\n<li>Requiere de consulta de historial crediticio.<\/li>\n<li>Retiros en cajero autom\u00e1tico ajenos a Wells Fargo de $ 2.50 USD.<\/li>\n<li>Recargas mediante todos los instrumentos disponibles para clientes e Wells Fargo.<\/li>\n<\/ul>\n<\/li>\n<\/ul>\n<h3 style=\"text-align: left;\">5. FamZoo<\/h3>\n<ul>\n<li style=\"list-style-type: none;\">\n<ul>\n<li>Tarjeta bancaria familiar que puede extenderse a j\u00f3venes mayores de 13 a\u00f1os.<\/li>\n<li>Se pueden tener hasta 4 tarjetas. Desde la aplicaci\u00f3n web se puede dividir cargos en varias tarjetas de manera individual.<\/li>\n<li>Acceso gratuito a la red MoneyPass.<\/li>\n<li>M\u00e9todos tradicionales para las recargas de dinero.<\/li>\n<li>La tarifa mensual es m\u00e1s alta que la de las tarjetas tradicionales.<\/li>\n<\/ul>\n<\/li>\n<\/ul>\n<h2>Cotiza y Compara Tarjetas de d\u00e9bito en USA<\/h2>\n<p>La decisi\u00f3n entre usar una tarjeta de d\u00e9bito u otra, <strong>tiene que ver con el tipo de necesidad que poseas<\/strong>, y el ofrecimiento que existe sobre cada entidad financiera. Por otro lado, se encuentran los cargos que se establecen sobre las cuentas o los movimientos financieros que deseas realizar.<\/p>\n<ul>\n<li><strong>Cuota mensual.<\/strong> Se refiere a los cargos que dise\u00f1an los bancos por concepto de mantenimiento de la cuenta.<\/li>\n<li><strong>Sede.<\/strong> La ciudad en la cual se establezca la sede del banco, interviene o influye sobre la elecci\u00f3n de la entidad financiera, para que recibas el apoyo respectivo.<\/li>\n<li><strong>Facilidad de operar.<\/strong> La gesti\u00f3n para abrir una cuenta y movilizar tus fondos, son aspectos claves para elegir qu\u00e9 tipo de banco te conviene para usar la tarjeta de d\u00e9bito que emite.<\/li>\n<\/ul>\n<p><strong>Los elementos a considerar<\/strong> para facilitar la elecci\u00f3n de un banco u otro, se encuentran descritos e implementados a continuaci\u00f3n.<\/p>\n<table>\n<thead>\n<tr>\n<th>Empresa<\/th>\n<th>Comisi\u00f3n<\/th>\n<th>Dep\u00f3sito M\u00ednimo<\/th>\n<\/tr>\n<\/thead>\n<tbody>\n<tr>\n<td>Citigroup Inc<\/td>\n<td>$0 USD<\/td>\n<td>$100 USD<\/td>\n<\/tr>\n<tr>\n<td>Bank of America<\/td>\n<td>$4,95 USD<\/td>\n<td>$25 USD<\/td>\n<\/tr>\n<tr>\n<td>Wells Fargo<\/td>\n<td>$0 USD<\/td>\n<td>$25 USD<\/td>\n<\/tr>\n<\/tbody>\n<\/table>\n<p>Si deseas obtener grandes ofertas o la posibilidad de cotizar tus tarjetas de d\u00e9bito con las principales entidades bancarias del pa\u00eds, te invitamos a utilizar nuestro <a href=\"https:\/\/cotizator.com\/us\/cotizador-de-tarjetas-de-credito-y-debito\/\" target=\"_blank\" rel=\"noopener\">cotizador.<\/a> Es una herramienta muy \u00fatil y f\u00e1cil de utilizar.<\/p>\n<h2>Preguntas Frecuentes<\/h2>\n<h3>\u00bfPor qu\u00e9 es recomendable utilizar una tarjeta de d\u00e9bito?<\/h3>\n<p><strong>El sentido innovador<\/strong> que representa una tarjeta de d\u00e9bito, permite tener a tu favor las principales acciones del mercado financiero. Al mismo tiempo, acorta los riesgos de robos, fraudes y otro tipo de situaciones que ocasiona el efectivo, por ejemplo.<\/p>\n<p>Los servicios asociados a las tarjetas de d\u00e9bitos <strong>han avanzado<\/strong> ampliamente, para establecer medidas de detecci\u00f3n de transacciones irregulares. As\u00ed mismo, este instrumento financiero tiene comisiones bajas o ninguna de por medio, sino que surgen cargos sobre la cuenta bancaria.<\/p>\n<h3>\u00bfCu\u00e1l es la diferencia que existe entre tarjetas de cr\u00e9dito y tarjetas de d\u00e9bito?<\/h3>\n<p>En primer lugar una tarjeta de d\u00e9bito, realiza importes que <strong>se retiran de la cuenta que poseen asociada<\/strong>, utilizando aquellos fondos que est\u00e9n disponibles en la cuenta. En segundo lugar, las tarjetas de cr\u00e9dito disponen de un capital que no est\u00e1 asociado a la cuenta bancaria.<\/p>\n<p>En el caso de la tarjeta de cr\u00e9dito, se trata de utilizar los fondos que el propio banco se encuentra prestando, <strong>bajo una l\u00ednea de cr\u00e9dito<\/strong>. En cambio, las tarjetas de d\u00e9bitos son las m\u00e1s usuales o tradicionales para hacer pagos en tiendas o retirar del cajero por ejemplo.<\/p>\n<h3>\u00bfCu\u00e1l es el rol de las tarjetas de d\u00e9bito prepagadas, ante las tarjetas de d\u00e9bito convencionales?<\/h3>\n<p>La principal diferencia que existe sobre las tarjetas de d\u00e9bito tradicionales y las prepagadas, se basa en que las prepagadas <strong>no deben contar con una cuenta bancaria<\/strong>. Por el contrario, las tarjetas de d\u00e9bitos convencionales si deben estar vinculadas a la cuenta corriente.<\/p>\n<p>El funcionamiento de la tarjeta prepagada, ocurre cuando se cargan los fondos a la tarjeta <strong>antes de realizar alguna operaci\u00f3n<\/strong>. Pero, en el caso de las tarjetas de d\u00e9bito, es fundamental que los pagos sean cubiertos con los fondos que se encuentran en la cuenta corriente.<\/p>\n","protected":false},"excerpt":{"rendered":"<p>Las herramientas de pago te permiten realizar compras, y asumir responsabilidades con gran facilidad. Por ello, es necesario que conozcas la funci\u00f3n y las mejores opciones de tarjetas de d\u00e9bito en USA, para que cuentes con lo mejor de este producto financiero.<\/p>\n","protected":false},"author":1,"featured_media":0,"parent":0,"menu_order":0,"comment_status":"closed","ping_status":"closed","template":"listado.php","meta":{"footnotes":""},"categories":[192],"tags":[],"yoast_head":"<!-- This site is optimized with the Yoast SEO plugin v22.3 - https:\/\/yoast.com\/wordpress\/plugins\/seo\/ -->\n<title>Tarjetas de d\u00e9bito en USA [ 2026 ] | Cotizator USA<\/title>\n<meta name=\"description\" content=\"Cotiza y Compara las Tarjetas de d\u00e9bito en USA | Tipos de tarjeta de d\u00e9bito | Mejores bancos para obtener tarjetas de d\u00e9bito\" \/>\n<meta name=\"robots\" content=\"index, follow, max-snippet:-1, max-image-preview:large, max-video-preview:-1\" \/>\n<link rel=\"canonical\" href=\"https:\/\/cotizator.com\/us\/tarjetas-de-debito-en-usa\/\" \/>\n<meta property=\"og:locale\" content=\"es_ES\" \/>\n<meta property=\"og:type\" content=\"article\" \/>\n<meta property=\"og:title\" content=\"Tarjetas de d\u00e9bito en USA [ 2026 ] | Cotizator USA\" \/>\n<meta property=\"og:description\" content=\"Cotiza y Compara las Tarjetas de d\u00e9bito en USA | Tipos de tarjeta de d\u00e9bito | Mejores bancos para obtener tarjetas de d\u00e9bito\" \/>\n<meta property=\"og:url\" content=\"https:\/\/cotizator.com\/us\/tarjetas-de-debito-en-usa\/\" \/>\n<meta property=\"og:site_name\" content=\"Cotizator USA\" \/>\n<meta property=\"article:publisher\" content=\"https:\/\/www.facebook.com\/cotizator\/\" \/>\n<meta property=\"article:modified_time\" content=\"2023-06-12T13:26:27+00:00\" \/>\n<meta name=\"twitter:card\" content=\"summary_large_image\" \/>\n<meta name=\"twitter:site\" content=\"@cotizator\" \/>\n<meta name=\"twitter:label1\" content=\"Tiempo de lectura\" \/>\n\t<meta name=\"twitter:data1\" content=\"8 minutos\" \/>\n<script type=\"application\/ld+json\" class=\"yoast-schema-graph\">{\"@context\":\"https:\/\/schema.org\",\"@graph\":[{\"@type\":\"WebPage\",\"@id\":\"https:\/\/cotizator.com\/us\/tarjetas-de-debito-en-usa\/\",\"url\":\"https:\/\/cotizator.com\/us\/tarjetas-de-debito-en-usa\/\",\"name\":\"Tarjetas de d\u00e9bito en USA [ 2026 ] | Cotizator USA\",\"isPartOf\":{\"@id\":\"https:\/\/cotizator.com\/us\/#website\"},\"datePublished\":\"2022-01-17T15:43:30+00:00\",\"dateModified\":\"2023-06-12T13:26:27+00:00\",\"description\":\"Cotiza y Compara las Tarjetas de d\u00e9bito en USA | Tipos de tarjeta de d\u00e9bito | Mejores bancos para obtener tarjetas de d\u00e9bito\",\"breadcrumb\":{\"@id\":\"https:\/\/cotizator.com\/us\/tarjetas-de-debito-en-usa\/#breadcrumb\"},\"inLanguage\":\"es\",\"potentialAction\":[{\"@type\":\"ReadAction\",\"target\":[\"https:\/\/cotizator.com\/us\/tarjetas-de-debito-en-usa\/\"]}]},{\"@type\":\"BreadcrumbList\",\"@id\":\"https:\/\/cotizator.com\/us\/tarjetas-de-debito-en-usa\/#breadcrumb\",\"itemListElement\":[{\"@type\":\"ListItem\",\"position\":1,\"name\":\"Home\",\"item\":\"https:\/\/cotizator.com\/us\/\"},{\"@type\":\"ListItem\",\"position\":2,\"name\":\"Tarjetas de d\u00e9bito en USA\"}]},{\"@type\":\"WebSite\",\"@id\":\"https:\/\/cotizator.com\/us\/#website\",\"url\":\"https:\/\/cotizator.com\/us\/\",\"name\":\"Cotizator USA\",\"description\":\"Cotizador de Seguros en Espa\u00f1ol\",\"potentialAction\":[{\"@type\":\"SearchAction\",\"target\":{\"@type\":\"EntryPoint\",\"urlTemplate\":\"https:\/\/cotizator.com\/us\/?s={search_term_string}\"},\"query-input\":\"required name=search_term_string\"}],\"inLanguage\":\"es\"}]}<\/script>\n<!-- \/ Yoast SEO plugin. -->","yoast_head_json":{"title":"Tarjetas de d\u00e9bito en USA [ 2026 ] | Cotizator USA","description":"Cotiza y Compara las Tarjetas de d\u00e9bito en USA | Tipos de tarjeta de d\u00e9bito | Mejores bancos para obtener tarjetas de d\u00e9bito","robots":{"index":"index","follow":"follow","max-snippet":"max-snippet:-1","max-image-preview":"max-image-preview:large","max-video-preview":"max-video-preview:-1"},"canonical":"https:\/\/cotizator.com\/us\/tarjetas-de-debito-en-usa\/","og_locale":"es_ES","og_type":"article","og_title":"Tarjetas de d\u00e9bito en USA [ 2026 ] | Cotizator USA","og_description":"Cotiza y Compara las Tarjetas de d\u00e9bito en USA | Tipos de tarjeta de d\u00e9bito | Mejores bancos para obtener tarjetas de d\u00e9bito","og_url":"https:\/\/cotizator.com\/us\/tarjetas-de-debito-en-usa\/","og_site_name":"Cotizator USA","article_publisher":"https:\/\/www.facebook.com\/cotizator\/","article_modified_time":"2023-06-12T13:26:27+00:00","twitter_card":"summary_large_image","twitter_site":"@cotizator","twitter_misc":{"Tiempo de lectura":"8 minutos"},"schema":{"@context":"https:\/\/schema.org","@graph":[{"@type":"WebPage","@id":"https:\/\/cotizator.com\/us\/tarjetas-de-debito-en-usa\/","url":"https:\/\/cotizator.com\/us\/tarjetas-de-debito-en-usa\/","name":"Tarjetas de d\u00e9bito en USA [ 2026 ] | Cotizator USA","isPartOf":{"@id":"https:\/\/cotizator.com\/us\/#website"},"datePublished":"2022-01-17T15:43:30+00:00","dateModified":"2023-06-12T13:26:27+00:00","description":"Cotiza y Compara las Tarjetas de d\u00e9bito en USA | Tipos de tarjeta de d\u00e9bito | Mejores bancos para obtener tarjetas de d\u00e9bito","breadcrumb":{"@id":"https:\/\/cotizator.com\/us\/tarjetas-de-debito-en-usa\/#breadcrumb"},"inLanguage":"es","potentialAction":[{"@type":"ReadAction","target":["https:\/\/cotizator.com\/us\/tarjetas-de-debito-en-usa\/"]}]},{"@type":"BreadcrumbList","@id":"https:\/\/cotizator.com\/us\/tarjetas-de-debito-en-usa\/#breadcrumb","itemListElement":[{"@type":"ListItem","position":1,"name":"Home","item":"https:\/\/cotizator.com\/us\/"},{"@type":"ListItem","position":2,"name":"Tarjetas de d\u00e9bito en USA"}]},{"@type":"WebSite","@id":"https:\/\/cotizator.com\/us\/#website","url":"https:\/\/cotizator.com\/us\/","name":"Cotizator USA","description":"Cotizador de Seguros en Espa\u00f1ol","potentialAction":[{"@type":"SearchAction","target":{"@type":"EntryPoint","urlTemplate":"https:\/\/cotizator.com\/us\/?s={search_term_string}"},"query-input":"required name=search_term_string"}],"inLanguage":"es"}]}},"_links":{"self":[{"href":"https:\/\/cotizator.com\/us\/wp-json\/wp\/v2\/pages\/13944"}],"collection":[{"href":"https:\/\/cotizator.com\/us\/wp-json\/wp\/v2\/pages"}],"about":[{"href":"https:\/\/cotizator.com\/us\/wp-json\/wp\/v2\/types\/page"}],"author":[{"embeddable":true,"href":"https:\/\/cotizator.com\/us\/wp-json\/wp\/v2\/users\/1"}],"replies":[{"embeddable":true,"href":"https:\/\/cotizator.com\/us\/wp-json\/wp\/v2\/comments?post=13944"}],"version-history":[{"count":10,"href":"https:\/\/cotizator.com\/us\/wp-json\/wp\/v2\/pages\/13944\/revisions"}],"predecessor-version":[{"id":14051,"href":"https:\/\/cotizator.com\/us\/wp-json\/wp\/v2\/pages\/13944\/revisions\/14051"}],"wp:attachment":[{"href":"https:\/\/cotizator.com\/us\/wp-json\/wp\/v2\/media?parent=13944"}],"wp:term":[{"taxonomy":"category","embeddable":true,"href":"https:\/\/cotizator.com\/us\/wp-json\/wp\/v2\/categories?post=13944"},{"taxonomy":"post_tag","embeddable":true,"href":"https:\/\/cotizator.com\/us\/wp-json\/wp\/v2\/tags?post=13944"}],"curies":[{"name":"wp","href":"https:\/\/api.w.org\/{rel}","templated":true}]}}