{"id":12714,"date":"2021-07-22T11:16:35","date_gmt":"2021-07-22T11:16:35","guid":{"rendered":"http:\/\/cotizator.com\/us\/?page_id=12714"},"modified":"2023-05-23T19:32:25","modified_gmt":"2023-05-23T19:32:25","slug":"seguros-para-embarazadas-en-usa","status":"publish","type":"page","link":"https:\/\/cotizator.com\/us\/seguros-para-embarazadas-en-usa\/","title":{"rendered":"Seguros para Embarazadas en USA"},"content":{"rendered":"<p>Los seguros para embarazadas suelen ser un tema bastante delicado de entender. Esto se debe a que, las<strong> condiciones de las p\u00f3lizas<\/strong> y precios de las primas pueden variar considerablemente entre compa\u00f1\u00edas.<\/p>\n<p>Sin embargo, la <strong>cobertura de maternidad<\/strong> es uno de los 10 beneficios de salud esenciales que deben cubrir todos los planes de seguro m\u00e9dico que se ofrecen a individuos, familias y grupos peque\u00f1os dentro de Estados Unidos. El seguro m\u00e9dico para el embarazo, el trabajo de parto, el parto y el cuidado del reci\u00e9n nacido se convirti\u00f3 en obligatorio en 2014 en virtud de la <strong>Ley de Atenci\u00f3n Asequible<\/strong>.<\/p>\n<p>Contin\u00faa leyendo, y conoce todos los detalles sobre los seguros para embarazadas, los<strong> tipos de coberturas<\/strong>, sus condiciones y mucho m\u00e1s&#8230;<\/p>\n<h2>Caracter\u00edsticas de los Seguros para Embarazadas en USA<\/h2>\n<p>Antes de 2014, la cobertura de maternidad o seguro para embarazadas no era un <strong>beneficio garantizado<\/strong>, y solo alrededor del <strong>12% de los planes vendidos<\/strong> en el mercado individual inclu\u00edan esta cobertura; estos son datos reales y los puedes encontrar en el portal <a href=\"https:\/\/obamacarefacts.com\/\" target=\"_blank\" rel=\"noopener\">ObamaCareFacts.com<\/a>.<\/p>\n<p>La <strong>cobertura de maternidad<\/strong> solo se ofrec\u00eda en algunos planes de seguro m\u00e9dico o ten\u00eda que agregarse como un anexo especial (cobertura adicional) a un plan. Adem\u00e1s, el embarazo se consideraba una afecci\u00f3n preexistente, lo que significa que la cobertura de maternidad no estaba disponible para las mujeres que ya estaban embarazadas cuando se inscribieron en su<strong> seguro m\u00e9dico<\/strong>; en caso de ser as\u00ed la p\u00f3liza costar\u00eda m\u00e1s dinero.<\/p>\n<p>Los servicios de maternidad cubiertos por los planes de salud incluyen:<\/p>\n<ul>\n<li><strong>Servicios para<\/strong> <strong>pacientes ambulatorios<\/strong>. En esta categor\u00eda se incluyen visitas m\u00e9dicas prenatales y posnatales, ex\u00e1menes de detecci\u00f3n de diabetes gestacional, estudios de laboratorio, medicamentos, etc.<\/li>\n<li><strong>Servicios para Pacientes Hospitalizados<\/strong>. Hospitalizaci\u00f3n, honorarios m\u00e9dicos, etc.<\/li>\n<li><strong>Cuidado del beb\u00e9 reci\u00e9n nacido.<\/strong><\/li>\n<li>Asesoramiento sobre <strong>lactancia y alquiler de extractores de leche<\/strong>.<\/li>\n<\/ul>\n<h2>Tipos de Seguros para Embarazadas en USA<\/h2>\n<p>Los tipos de seguros de salud para embarazadas se clasifican seg\u00fan cada caso en particular. De hecho, existen<strong> categor\u00edas exclusivas para mujeres<\/strong> en b\u00fasqueda de un beb\u00e9, embarazadas o en per\u00edodo de postparto. Dependiendo de cu\u00e1l sea tu situaci\u00f3n, el <strong>MarketPlace de los Seguros de Salud<\/strong> un USA te mostrar\u00e1 tus opciones disponibles.<\/p>\n<p>Los seguros para embarazadas<strong> se clasifican seg\u00fan<\/strong>:<\/p>\n<ul>\n<li>Seguro para Mujeres sin Cobertura M\u00e9dica.<\/li>\n<li>Mujeres con P\u00f3lizas en el MarketPlace (Seguro Privado).<\/li>\n<li>Medicaid o el Programa de Seguro M\u00e9dico para Ni\u00f1os (CHIP).<\/li>\n<li>Atenci\u00f3n M\u00e9dica patrocinada por Empleador.<\/li>\n<\/ul>\n<h3>Seguro para Mujeres sin Cobertura M\u00e9dica<\/h3>\n<p>Esto se trata de calificar para los<a href=\"https:\/\/www.healthcare.gov\/glossary\/special-enrollment-period\/\" target=\"_blank\" rel=\"noopener\"> per\u00edodos de inscripci\u00f3n (SEP)<\/a>; especialmente cuando han ocurrido eventos importantes en tu vida como mudarte o perder otra cobertura. En este caso, puedes <strong>inscribirte para un plan de salud<\/strong> (dentro de MarketPlace) casi al instante.<\/p>\n<p>Ten en cuenta que, estar embarazada no te hace elegible, pero s\u00ed el nacimiento de un hijo. Crea una cuenta de forma gratuita en <a href=\"https:\/\/www.healthcare.gov\/create-account\" target=\"_blank\" rel=\"noopener\">HealtCare.gov<\/a> y descubre tus opciones disponibles.<\/p>\n<p>Ten en cuenta que, dentro de HealtCare existe una opci\u00f3n llamada \u00abObtener ayuda para pagar la cobertura\u00bb; si seleccionas esta, el sistema te preguntar\u00e1 si est\u00e1s embarazada. Finalmente, si no calificas para un <strong>Per\u00edodo de inscripci\u00f3n especial<\/strong> en este momento, ser\u00e1s elegible para presentar una solicitud dentro de los 60 d\u00edas posteriores al nacimiento de tu hijo.<\/p>\n<h3>P\u00f3lizas de Salud en MarketPlace (ACA)<\/h3>\n<p>Esta suele ser la opci\u00f3n m\u00e1s com\u00fan para <strong>obtener un seguro m\u00e9dico<\/strong> (privado). Sin embargo, debes tener en cuenta que, las aseguradoras consideran un \u00abper\u00edodo de gracia\u00bb mucho m\u00e1s estricto cuando se trata de p\u00f3lizas de maternidad.<\/p>\n<p>Lo importante en este punto es que, contrates un seguro m\u00e9dico para embarazadas antes de estarlo. De lo contrario, puede que la aseguradora no te ofrezca protecci\u00f3n al momento en que m\u00e1s lo necesites. De hecho, el <strong>per\u00edodo de gracia<\/strong> para este tipo de p\u00f3lizas puede extenderse hasta 1 a\u00f1o.<\/p>\n<p>Si informas de tu embarazo a tu antigua aseguradora, es posible que seas elegible para una <strong>cobertura gratuita o de bajo costo<\/strong> a trav\u00e9s de Medicaid o el Programa de seguro m\u00e9dico para ni\u00f1os (CHIP). Si se determina que es elegible para Medicaid o CHIP, tu informaci\u00f3n se enviar\u00e1 a la agencia estatal y no te dar\u00e1n la<strong> opci\u00f3n de mantener tu plan privado actual<\/strong>.<\/p>\n<h3>P\u00f3lizas de Medicaid o (CHIP)<\/h3>\n<p>Medicaid y CHIP brindan cobertura m\u00e9dica gratuita o de bajo costo a millones de estadounidenses, incluidas algunas<strong> personas, familias y ni\u00f1os de bajos ingresos<\/strong> y mujeres embarazadas.<\/p>\n<p>La elegibilidad para estos programas depende del tama\u00f1o de tu hogar, los ingresos y la ciudadan\u00eda o el estado migratorio. Las reglas y los beneficios espec\u00edficos var\u00edan seg\u00fan el estado. Puedes<strong> solicitar Medicaid o CHIP<\/strong> en cualquier momento durante el a\u00f1o, no solo durante el Per\u00edodo de inscripci\u00f3n abierta anual.<\/p>\n<p>Ahora bien, si se determina que eres <strong>elegible durante tu embarazo<\/strong>, estar\u00e1s cubierta durante 60 d\u00edas despu\u00e9s de dar a luz. Despu\u00e9s de 60 d\u00edas, es posible que ya no califiques. Tu agencia estatal de Medicaid o CHIP te notificar\u00e1 si tu cobertura ha terminado.<\/p>\n<h3>Atenci\u00f3n M\u00e9dica patrocinada por El Empleador<\/h3>\n<p>La opci\u00f3n de seguro m\u00e9dico m\u00e1s simple para las mujeres embarazadas es la <strong>cobertura proporcionada por el empleador<\/strong>, ya sea a trav\u00e9s de la madre o su c\u00f3nyuge. Esto puede resultar especialmente \u00fatil si tu<strong> empleador paga una parte de los gastos<\/strong> del seguro m\u00e9dico, lo que reduce tus costos.<\/p>\n<p>Es importante tener en cuenta que algunos planes de atenci\u00f3n m\u00e9dica de empleadores tendr\u00e1n un <strong>\u00abper\u00edodo de espera\u00bb<\/strong>, generalmente de tres meses hasta 1 a\u00f1o a partir de la fecha de inicio de tu cobertura, durante el cual no se proporcionar\u00edan los beneficios.<\/p>\n<h2>Mejores Seguros para Embarazadas en USA<\/h2>\n<p>El mejor seguro m\u00e9dico para el embarazo <strong>depender\u00e1 de tus ingresos<\/strong> y de s\u00ed tu empleador o el de tu c\u00f3nyuge proporciona seguro m\u00e9dico. Hay tres tipos de planes de seguro m\u00e9dico que brindan las <strong>mejores opciones asequibles<\/strong> para el embarazo y son:<\/p>\n<h3>Cobertura proporcionada por el Empleador.<\/h3>\n<p>Es la <strong>opci\u00f3n de seguro m\u00e9dico m\u00e1s simple<\/strong> para las mujeres embarazadas. Si el empleador paga gran parte de los gastos, se reducen considerablemente tus costos. Adem\u00e1s, los empleadores suelen proporcionar <strong>mejores beneficios de salud<\/strong> durante y despu\u00e9s del embarazo.<\/p>\n<h3>Planes de la Ley de Cuidado de Salud a Bajo Precio (<strong>ACA<\/strong>).<\/h3>\n<p>Este seguro m\u00e9dico brinda atenci\u00f3n de maternidad y cubre todos los<strong> beneficios de salud esenciales<\/strong> enumerados en la ACA. Adem\u00e1s, en este caso las aseguradoras no puede negar la cobertura por una condici\u00f3n preexistente, por lo que no tendr\u00e1s que pasar por un<strong> per\u00edodo de espera<\/strong> para disfrutar tu cobertura.<\/p>\n<h3>Medicaid y CHIP.<\/h3>\n<p>Medicaid est\u00e1 regulado por la ACA y el Gobierno Federal. Esto quiere decir que, debe proporcionar la misma cobertura de seguro de maternidad, prenatal y neonatal que las p\u00f3lizas del mercado y del empleador.<\/p>\n<p>Recuerda que, Medicaid <strong>no tiene per\u00edodos de espera<\/strong> o de inscripci\u00f3n designados; esto significa que podr\u00e1s <strong>solicitar la cobertura<\/strong> en cualquier momento del a\u00f1o.<\/p>\n<h2>Cotiza y Compara Seguros para Embarazadas con Cotizator<\/h2>\n<p>A continuaci\u00f3n, te dejamos las diferentes<strong> opciones de seguros para embarazadas<\/strong> que puedes encontrar. Adem\u00e1s, tendr\u00e1s a tu disposici\u00f3n los<strong> costos promedios<\/strong> de cobertura. Ten en cuenta que, todos<strong> los precios pueden variar<\/strong> seg\u00fan tu condici\u00f3n familiar, ingresos anuales, compa\u00f1\u00eda aseguradora y m\u00e1s.<\/p>\n<table>\n<thead>\n<tr>\n<th style=\"text-align: center;\">Tipo de Seguro<\/th>\n<th style=\"text-align: center;\">Partos Naturales<\/th>\n<th style=\"text-align: center;\">Ces\u00e1rea<\/th>\n<th style=\"text-align: center;\">Atenci\u00f3n Postparto<\/th>\n<th style=\"text-align: center;\">Atenci\u00f3n Neonatal<\/th>\n<\/tr>\n<\/thead>\n<tbody>\n<tr>\n<td style=\"text-align: center;\">Medicaid<\/td>\n<td style=\"text-align: center;\">Cubre hasta $9,040<\/td>\n<td style=\"text-align: center;\">Cobertura hasta $12,000<\/td>\n<td style=\"text-align: center;\">$20\/d\u00eda.<\/td>\n<td style=\"text-align: center;\">$20\/d\u00eda.<\/td>\n<\/tr>\n<tr>\n<td style=\"text-align: center;\">Marketplace<\/td>\n<td style=\"text-align: center;\">Cubre hasta $5,600<\/td>\n<td style=\"text-align: center;\">Cobertura hasta $7,250<\/td>\n<td style=\"text-align: center;\">Entre 40 y $60\/d\u00eda.<\/td>\n<td style=\"text-align: center;\">Entre 40 y $60\/d\u00eda.<\/td>\n<\/tr>\n<tr>\n<td style=\"text-align: center;\">Seguro de Empleador<\/td>\n<td style=\"text-align: center;\">Cubre hasta $6,500<\/td>\n<td style=\"text-align: center;\">Cubre hasta $8,710<\/td>\n<td style=\"text-align: center;\">$25\/d\u00eda.<\/td>\n<td style=\"text-align: center;\">$40\/d\u00eda.<\/td>\n<\/tr>\n<tr>\n<td style=\"text-align: center;\">Mujeres no Aseguradas<\/td>\n<td style=\"text-align: center;\">$30,000<\/td>\n<td style=\"text-align: center;\">$50,000<\/td>\n<td style=\"text-align: center;\">$100\/d\u00eda.<\/td>\n<td style=\"text-align: center;\">$250\/d\u00eda.<\/td>\n<\/tr>\n<\/tbody>\n<\/table>\n<p><strong>Pensamientos Finales:<\/strong><\/p>\n<ul>\n<li>El seguro m\u00e9dico cubre muchos servicios para mujeres embarazadas, incluida la <strong>atenci\u00f3n prenatal<\/strong> y los servicios de parto y parto.<\/li>\n<li>Siempre es importante que, antes de elegir un plan de seguro m\u00e9dico <strong>estudies y compares diferentes opciones<\/strong>.<\/li>\n<li>Si te preocupa poder pagar el seguro, las opciones de seguro durante el embarazo incluyen <strong>Medicaid y CHIP<\/strong> (Programa de Seguro M\u00e9dico para Ni\u00f1os).<\/li>\n<\/ul>\n<h2>Preguntas Frecuentes<\/h2>\n<h3>\u00bfMi seguro m\u00e9dico cubre el embarazo?<\/h3>\n<p>S\u00ed. Los servicios de atenci\u00f3n prenatal, parto y del reci\u00e9n nacido (de rutina) son beneficios esenciales. Por lo tanto, todos los planes de seguro m\u00e9dico calificados deben cubrirlos; incluso si estabas embarazada antes de que comenzara tu cobertura m\u00e9dica, pero no al momento de firmar la p\u00f3liza.<\/p>\n<h3>\u00bfLa mayor\u00eda de los planes de seguro en MarketPlace cubren el embarazo?<\/h3>\n<p>Hoy en d\u00eda, todos los principales planes de seguro m\u00e9dico cubren el embarazo. Esta cobertura incluye atenci\u00f3n prenatal, servicios para pacientes hospitalizados, atenci\u00f3n posnatal y atenci\u00f3n del reci\u00e9n nacido.<\/p>\n<p>Estos servicios esenciales fueron implementados por la Ley de Cuidado de Salud a Bajo Precio y ayudan a que sea m\u00e1s f\u00e1cil para las madres planificadoras y embarazadas el hecho de obtener un seguro.<\/p>\n<h3>\u00bfObamaCare cubre el embarazo?<\/h3>\n<p>Si lo cubre. La Ley del Cuidado de Salud a Bajo Precio (ACA) establece que todos los planes de seguro para empleadores peque\u00f1os e individuales, incluidos los que obtienes a trav\u00e9s del Mercado, deben cubrir la atenci\u00f3n de maternidad y del reci\u00e9n nacido, antes y despu\u00e9s del nacimiento de tu beb\u00e9.<\/p>\n<h3>\u00bfPuedo obtener un seguro de maternidad si ya estoy embarazada?<\/h3>\n<p>La mayor\u00eda de las compa\u00f1\u00edas de seguros no ofrecen seguro de maternidad si ya est\u00e1s embarazada. Esto se debe a que consideran tu embarazo como una condici\u00f3n preexistente y est\u00e1 m\u00e1s all\u00e1 de la cobertura de la p\u00f3liza.<\/p>\n<p>Sin embargo, los programas de MediCaid y CHIP pueden ayudarte a llevar tu embarazo y el postparto siempre y cuando te inscribas a tiempo.<\/p>\n<h3>\u00bfCu\u00e1nto cuesta el embarazo promedio si tengo un seguro?<\/h3>\n<p>Un estudio publicado en Health Affairs por la Universidad de Michigan encontr\u00f3 que en 2015 (el a\u00f1o m\u00e1s reciente disponible), el costo promedio de dar a luz fue de $4,500, incluso con seguro. Eso incluye embarazo, trabajo de parto y parto, y tres meses de atenci\u00f3n posparto.<\/p>\n<p>Recuerda que, en <a href=\"https:\/\/cotizator.com\/us\/cotizador-seguros-gratis\/\" target=\"_blank\" rel=\"noopener\">Cotizator.com<\/a> podr\u00e1s encontrar una <strong>herramienta de cotizaci\u00f3n gratuita<\/strong> que te ayudar\u00e1 a seleccionar los mejores planes de salud para ti \u00a1Te esperamos!<\/p>\n<p>&nbsp;<\/p>\n","protected":false},"excerpt":{"rendered":"<p>Los seguros para embarazadas suelen ser un tema bastante delicado de entender. Esto se debe a que, las condiciones de las p\u00f3lizas y precios de las primas pueden variar considerablemente entre compa\u00f1\u00edas. Sin embargo, la cobertura de maternidad es uno de los 10 beneficios de salud esenciales que deben cubrir todos los planes de seguro [&hellip;]<\/p>\n","protected":false},"author":9,"featured_media":0,"parent":0,"menu_order":0,"comment_status":"closed","ping_status":"closed","template":"listado.php","meta":{"footnotes":""},"categories":[225],"tags":[],"yoast_head":"<!-- This site is optimized with the Yoast SEO plugin v22.3 - https:\/\/yoast.com\/wordpress\/plugins\/seo\/ -->\n<title>Seguros para Embarazadas en USA [ 2026 ] | Cotizator USA<\/title>\n<meta name=\"description\" content=\"Seguros para Embarazadas en USA | Tipos de Seguros M\u00e9dicos para Embarazo | Planes Medicaid y CHIP para embarazadas | Costos 2026\" \/>\n<meta name=\"robots\" content=\"index, follow, max-snippet:-1, max-image-preview:large, max-video-preview:-1\" \/>\n<link rel=\"canonical\" href=\"https:\/\/cotizator.com\/us\/seguros-para-embarazadas-en-usa\/\" \/>\n<meta property=\"og:locale\" content=\"es_ES\" \/>\n<meta property=\"og:type\" content=\"article\" \/>\n<meta property=\"og:title\" content=\"Seguros para Embarazadas en USA [ 2026 ] | Cotizator USA\" \/>\n<meta property=\"og:description\" content=\"Seguros para Embarazadas en USA | Tipos de Seguros M\u00e9dicos para Embarazo | Planes Medicaid y CHIP para embarazadas | Costos 2026\" \/>\n<meta property=\"og:url\" content=\"https:\/\/cotizator.com\/us\/seguros-para-embarazadas-en-usa\/\" \/>\n<meta property=\"og:site_name\" content=\"Cotizator USA\" \/>\n<meta property=\"article:publisher\" content=\"https:\/\/www.facebook.com\/cotizator\/\" \/>\n<meta property=\"article:modified_time\" content=\"2023-05-23T19:32:25+00:00\" \/>\n<meta name=\"twitter:card\" content=\"summary_large_image\" \/>\n<meta name=\"twitter:site\" content=\"@cotizator\" \/>\n<meta name=\"twitter:label1\" content=\"Tiempo de lectura\" \/>\n\t<meta name=\"twitter:data1\" content=\"8 minutos\" \/>\n<script type=\"application\/ld+json\" class=\"yoast-schema-graph\">{\"@context\":\"https:\/\/schema.org\",\"@graph\":[{\"@type\":\"WebPage\",\"@id\":\"https:\/\/cotizator.com\/us\/seguros-para-embarazadas-en-usa\/\",\"url\":\"https:\/\/cotizator.com\/us\/seguros-para-embarazadas-en-usa\/\",\"name\":\"Seguros para Embarazadas en USA [ 2026 ] | Cotizator USA\",\"isPartOf\":{\"@id\":\"https:\/\/cotizator.com\/us\/#website\"},\"datePublished\":\"2021-07-22T11:16:35+00:00\",\"dateModified\":\"2023-05-23T19:32:25+00:00\",\"description\":\"Seguros para Embarazadas en USA | Tipos de Seguros M\u00e9dicos para Embarazo | Planes Medicaid y CHIP para embarazadas | Costos 2026\",\"breadcrumb\":{\"@id\":\"https:\/\/cotizator.com\/us\/seguros-para-embarazadas-en-usa\/#breadcrumb\"},\"inLanguage\":\"es\",\"potentialAction\":[{\"@type\":\"ReadAction\",\"target\":[\"https:\/\/cotizator.com\/us\/seguros-para-embarazadas-en-usa\/\"]}]},{\"@type\":\"BreadcrumbList\",\"@id\":\"https:\/\/cotizator.com\/us\/seguros-para-embarazadas-en-usa\/#breadcrumb\",\"itemListElement\":[{\"@type\":\"ListItem\",\"position\":1,\"name\":\"Home\",\"item\":\"https:\/\/cotizator.com\/us\/\"},{\"@type\":\"ListItem\",\"position\":2,\"name\":\"Seguros para Embarazadas en USA\"}]},{\"@type\":\"WebSite\",\"@id\":\"https:\/\/cotizator.com\/us\/#website\",\"url\":\"https:\/\/cotizator.com\/us\/\",\"name\":\"Cotizator USA\",\"description\":\"Cotizador de Seguros en Espa\u00f1ol\",\"potentialAction\":[{\"@type\":\"SearchAction\",\"target\":{\"@type\":\"EntryPoint\",\"urlTemplate\":\"https:\/\/cotizator.com\/us\/?s={search_term_string}\"},\"query-input\":\"required name=search_term_string\"}],\"inLanguage\":\"es\"}]}<\/script>\n<!-- \/ Yoast SEO plugin. -->","yoast_head_json":{"title":"Seguros para Embarazadas en USA [ 2026 ] | Cotizator USA","description":"Seguros para Embarazadas en USA | Tipos de Seguros M\u00e9dicos para Embarazo | Planes Medicaid y CHIP para embarazadas | Costos 2026","robots":{"index":"index","follow":"follow","max-snippet":"max-snippet:-1","max-image-preview":"max-image-preview:large","max-video-preview":"max-video-preview:-1"},"canonical":"https:\/\/cotizator.com\/us\/seguros-para-embarazadas-en-usa\/","og_locale":"es_ES","og_type":"article","og_title":"Seguros para Embarazadas en USA [ 2026 ] | Cotizator USA","og_description":"Seguros para Embarazadas en USA | Tipos de Seguros M\u00e9dicos para Embarazo | Planes Medicaid y CHIP para embarazadas | Costos 2026","og_url":"https:\/\/cotizator.com\/us\/seguros-para-embarazadas-en-usa\/","og_site_name":"Cotizator USA","article_publisher":"https:\/\/www.facebook.com\/cotizator\/","article_modified_time":"2023-05-23T19:32:25+00:00","twitter_card":"summary_large_image","twitter_site":"@cotizator","twitter_misc":{"Tiempo de lectura":"8 minutos"},"schema":{"@context":"https:\/\/schema.org","@graph":[{"@type":"WebPage","@id":"https:\/\/cotizator.com\/us\/seguros-para-embarazadas-en-usa\/","url":"https:\/\/cotizator.com\/us\/seguros-para-embarazadas-en-usa\/","name":"Seguros para Embarazadas en USA [ 2026 ] | Cotizator USA","isPartOf":{"@id":"https:\/\/cotizator.com\/us\/#website"},"datePublished":"2021-07-22T11:16:35+00:00","dateModified":"2023-05-23T19:32:25+00:00","description":"Seguros para Embarazadas en USA | Tipos de Seguros M\u00e9dicos para Embarazo | Planes Medicaid y CHIP para embarazadas | Costos 2026","breadcrumb":{"@id":"https:\/\/cotizator.com\/us\/seguros-para-embarazadas-en-usa\/#breadcrumb"},"inLanguage":"es","potentialAction":[{"@type":"ReadAction","target":["https:\/\/cotizator.com\/us\/seguros-para-embarazadas-en-usa\/"]}]},{"@type":"BreadcrumbList","@id":"https:\/\/cotizator.com\/us\/seguros-para-embarazadas-en-usa\/#breadcrumb","itemListElement":[{"@type":"ListItem","position":1,"name":"Home","item":"https:\/\/cotizator.com\/us\/"},{"@type":"ListItem","position":2,"name":"Seguros para Embarazadas en USA"}]},{"@type":"WebSite","@id":"https:\/\/cotizator.com\/us\/#website","url":"https:\/\/cotizator.com\/us\/","name":"Cotizator USA","description":"Cotizador de Seguros en Espa\u00f1ol","potentialAction":[{"@type":"SearchAction","target":{"@type":"EntryPoint","urlTemplate":"https:\/\/cotizator.com\/us\/?s={search_term_string}"},"query-input":"required name=search_term_string"}],"inLanguage":"es"}]}},"_links":{"self":[{"href":"https:\/\/cotizator.com\/us\/wp-json\/wp\/v2\/pages\/12714"}],"collection":[{"href":"https:\/\/cotizator.com\/us\/wp-json\/wp\/v2\/pages"}],"about":[{"href":"https:\/\/cotizator.com\/us\/wp-json\/wp\/v2\/types\/page"}],"author":[{"embeddable":true,"href":"https:\/\/cotizator.com\/us\/wp-json\/wp\/v2\/users\/9"}],"replies":[{"embeddable":true,"href":"https:\/\/cotizator.com\/us\/wp-json\/wp\/v2\/comments?post=12714"}],"version-history":[{"count":13,"href":"https:\/\/cotizator.com\/us\/wp-json\/wp\/v2\/pages\/12714\/revisions"}],"predecessor-version":[{"id":12770,"href":"https:\/\/cotizator.com\/us\/wp-json\/wp\/v2\/pages\/12714\/revisions\/12770"}],"wp:attachment":[{"href":"https:\/\/cotizator.com\/us\/wp-json\/wp\/v2\/media?parent=12714"}],"wp:term":[{"taxonomy":"category","embeddable":true,"href":"https:\/\/cotizator.com\/us\/wp-json\/wp\/v2\/categories?post=12714"},{"taxonomy":"post_tag","embeddable":true,"href":"https:\/\/cotizator.com\/us\/wp-json\/wp\/v2\/tags?post=12714"}],"curies":[{"name":"wp","href":"https:\/\/api.w.org\/{rel}","templated":true}]}}