{"id":12658,"date":"2021-07-14T10:24:50","date_gmt":"2021-07-14T10:24:50","guid":{"rendered":"http:\/\/cotizator.com\/us\/?page_id=12658"},"modified":"2023-05-23T19:27:50","modified_gmt":"2023-05-23T19:27:50","slug":"seguro-medico-para-ninos-en-usa","status":"publish","type":"page","link":"https:\/\/cotizator.com\/us\/seguro-medico-para-ninos-en-usa\/","title":{"rendered":"Seguro M\u00e9dico para Ni\u00f1os en USA"},"content":{"rendered":"<h2>Caracter\u00edsticas de un Seguro M\u00e9dico para Ni\u00f1os en USA<\/h2>\n<p>El seguro de vida para ni\u00f1os (al igual que otro seguro de salud) es una <strong>inversi\u00f3n para un evento o emergencia futura<\/strong> que nadie espera que suceda. Hay varias razones por las que puedes optar por comprar un seguro de vida para ni\u00f1os; incluidos los beneficios por fallecimiento para cubrir los costos del funeral y <strong>asegurar la atenci\u00f3n m\u00e9dica<\/strong> en caso de que tu hijo desarrolle problemas m\u00e9dicos graves o ingrese a una profesi\u00f3n que lo haga no asegurable.<\/p>\n<h3>Programa de Seguro M\u00e9dico para Ni\u00f1os (CHIP)<\/h3>\n<p>El Programa de seguro m\u00e9dico para ni\u00f1os (CHIP) brinda <strong>cobertura m\u00e9dica a personas menores de 19 a\u00f1os<\/strong> cuyos padres obtienen ingresos \u00abdemasiado altos\u00bb para calificar en Medicaid. Pero, las <strong>familias no ganan suficiente dinero<\/strong> como para pagar un seguro privado. El Congreso aprob\u00f3 el CHIP en 1997 durante la administraci\u00f3n Clinton.<\/p>\n<p>Por lo general, una familia de cuatro que gana hasta $45,000 al a\u00f1o calificar\u00e1 para CHIP, pero los <strong>l\u00edmites var\u00edan seg\u00fan el estado<\/strong>. Por otra parte, muchos <strong>servicios cubiertos por CHIP son gratuitos<\/strong>, pero algunos requieren un copago.<\/p>\n<p>CHIP generalmente cubre lo siguiente: <strong>Chequeos anuales<\/strong>, vacunas, visitas al m\u00e9dico, <strong>atenci\u00f3n hospitalaria<\/strong>, atenci\u00f3n dental y de la vista, recetas m\u00e9dicas, servicios de laboratorio, <strong>radiograf\u00edas y servicios de emergencia<\/strong>. Algunos estados tambi\u00e9n extienden la cobertura a<strong> padres y mujeres embarazadas<\/strong>.<\/p>\n<p>La cobertura de CHIP puede <strong>comenzar en cualquier momento<\/strong> durante el a\u00f1o y los beneficios estar\u00e1n disponibles de inmediato. A veces, los <strong>padres que califican para Medicaid<\/strong> pueden inscribir a sus hijos en CHIP. Finalmente, la mayor\u00eda de los estados exigen una <strong>prima mensual<\/strong> que no puede exceder el 5% de los ingresos anuales.<\/p>\n<h2>Tipos de Seguros M\u00e9dicos para Ni\u00f1os<\/h2>\n<p>A continuaci\u00f3n, te describimos los <strong>tipos de seguros de salud<\/strong> que puedes contratar para ni\u00f1os y su respectivo precio promedio:<\/p>\n<h3>Seguro Infantil de Salud a T\u00e9rmino<\/h3>\n<p>Este es el seguro m\u00e9dico para ni\u00f1os<strong> menos costoso<\/strong> y, por lo general, solo ofrece una <strong>cobertura de $10,000 a $20,000<\/strong> por cada persona. Ten en cuenta que, el seguro temporal no es una p\u00f3liza escrita a nombre de un ni\u00f1o. Si no que <strong>es un anexo a la p\u00f3liza de seguro de vida<\/strong> de los padres que cubre a todos los ni\u00f1os; incluso a los ni\u00f1os nacidos despu\u00e9s de que se inicia la p\u00f3liza.<\/p>\n<p>Por otra parte, el <strong>costo promedio<\/strong> de este tipo de \u00abprotecci\u00f3n adicional\u00bb es <strong>entre $50 y $150 adicionales<\/strong> por a\u00f1o, independientemente de la cantidad de ni\u00f1os en la familia.<\/p>\n<h3>Seguro Infantil de Vida Entera<\/h3>\n<p>En comparaci\u00f3n con la cl\u00e1usula adicional de un seguro de vida a t\u00e9rmino, una p\u00f3liza de vida entera es m\u00e1s cara. Aunque, si el <strong>precio del seguro infantil<\/strong> (Vida Entera) es comparado con el seguro de salud para adultos, el costo es incre\u00edblemente bajo.<\/p>\n<p>Las p\u00f3lizas de vida entera (para ni\u00f1os) generalmente ofrecen c<strong>oberturas de $5,000 a $50,000<\/strong>. Aunque, cada l\u00edmite de cobertura var\u00eda seg\u00fan la compa\u00f1\u00eda que uses para el seguro.<\/p>\n<p>En cuanto a costo de la p\u00f3liza, para un reci\u00e9n nacido (en la mayor\u00eda de los estados) la p\u00f3liza cuesta <strong>entre $30 a $200 por a\u00f1o<\/strong>. Mientras que, el costo mensual por cada ni\u00f1o (independientemente de su edad) puede ser de tan solo $2,17.<\/p>\n<p>Normalmente, estas pol\u00edticas <strong>requieren muy poca informaci\u00f3n<\/strong> m\u00e1s all\u00e1 del nombre, la fecha de nacimiento, a veces el sexo y el estado de residencia del infante. As\u00ed mismo, no hay preguntas sobre afecciones m\u00e9dicas y <strong>no se requieren ex\u00e1menes f\u00edsicos o m\u00e9dicos<\/strong>.<\/p>\n<h2>Mejores Seguros M\u00e9dicos para Ni\u00f1os en USA<\/h2>\n<p>Entre los mejores seguros m\u00e9dicos para ni\u00f1os se encuentran:<\/p>\n<h3>Mutual of Omaha: Mejor en General.<\/h3>\n<p>Sus principales caracter\u00edsticas son:<\/p>\n<ul>\n<li>Su p\u00f3liza infantil cuesta<strong> alrededor $2.50 por mes<\/strong> por $5,000 de cobertura (para un beb\u00e9).<\/li>\n<li>Adem\u00e1s, el proceso de solicitud es sencillo.<\/li>\n<li><strong>Ofrece cobertura nacional.<\/strong><\/li>\n<\/ul>\n<h3>Gerber Life Insurance: Mejor Cobertura de por Vida.<\/h3>\n<p>Esta compa\u00f1\u00eda destaca por:<\/p>\n<ul>\n<li>El beneficio de cobertura <strong>se duplica a los 18 a\u00f1os<\/strong> sin costo adicional.<\/li>\n<li>Aplicaci\u00f3n sencilla con cotizaci\u00f3n inmediata.<\/li>\n<li><strong>Cobertura garantizada de por vida.<\/strong><\/li>\n<\/ul>\n<h3>State Farm: Mejor Cobertura a Largo Plazo.<\/h3>\n<p>Entre sus beneficios se encuentran:<\/p>\n<ul>\n<li>Tiene las p\u00f3lizas de seguro de vida (con beneficios por muerte) m\u00e1s rentables del mercado.<\/li>\n<li><strong>V\u00e1lido hasta los 25 a\u00f1os<\/strong> y se puede convertir a m\u00e1s sin prueba de asegurabilidad.<\/li>\n<li>Cubre a los ni\u00f1os por nacer antes, durante y despu\u00e9s de emitida la p\u00f3liza.<\/li>\n<\/ul>\n<h3>Foresters Financial: Mejor por Versatilidad.<\/h3>\n<p>Sus principales caracter\u00edsticas son:<\/p>\n<ul>\n<li>Cuenta con <strong>opci\u00f3n de alta cobertura<\/strong>.<\/li>\n<li>Disponible el <strong>pago anticipado<\/strong> para determinadas enfermedades terminales.<\/li>\n<li><strong>Calendario flexible<\/strong> para el pago de primas y copagos.<\/li>\n<\/ul>\n<h2>Cotiza y Compara un Seguro M\u00e9dico para Ni\u00f1os con Cotizator<\/h2>\n<p>A continuaci\u00f3n, te dejamos <strong>ejemplos de cotizaci\u00f3n<\/strong> con las mejores 4 compa\u00f1\u00edas que ofrecen un <strong>excelente seguro m\u00e9dico<\/strong> para ni\u00f1os. Ten en cuenta que, los precios de las primas pueden variar seg\u00fan tu estado de residencia, el tipo de seguro de salud que tengas y la compa\u00f1\u00eda emisora del seguro.<\/p>\n<table>\n<thead>\n<tr>\n<th style=\"text-align: center;\">Compa\u00f1\u00eda<\/th>\n<th style=\"text-align: center;\">Cobertura M\u00e1xima<\/th>\n<th style=\"text-align: center;\">Edades de Emisi\u00f3n<\/th>\n<th style=\"text-align: center;\">Prima Promedio (Adicional)<\/th>\n<th style=\"text-align: center;\">Cobertura Disponible<\/th>\n<\/tr>\n<\/thead>\n<tbody>\n<tr>\n<td style=\"text-align: center;\">Mutual of Omaha<\/td>\n<td style=\"text-align: center;\">Var\u00eda.<\/td>\n<td style=\"text-align: center;\">Hasta 85 a\u00f1os.<\/td>\n<td style=\"text-align: center;\">Aprox. $12\/mes.<\/td>\n<td style=\"text-align: center;\">T\u00e9rmino, Integral y Universal<\/td>\n<\/tr>\n<tr>\n<td style=\"text-align: center;\">StateFarm<\/td>\n<td style=\"text-align: center;\">$20,000 para la p\u00f3liza de ni\u00f1o.<\/td>\n<td style=\"text-align: center;\">Hasta 85 a\u00f1os.<\/td>\n<td style=\"text-align: center;\">Aprox. $37.39\/mes.<\/td>\n<td style=\"text-align: center;\">T\u00e9rmino, Integral y Universal<\/td>\n<\/tr>\n<tr>\n<td style=\"text-align: center;\">Gerber Life Insurance<\/td>\n<td style=\"text-align: center;\">Var\u00eda.<\/td>\n<td style=\"text-align: center;\">2 semanas a 17 a\u00f1os.<\/td>\n<td style=\"text-align: center;\">Aprox. $3.25\/mes.<\/td>\n<td style=\"text-align: center;\">T\u00e9rmino, Integral y Universal<\/td>\n<\/tr>\n<tr>\n<td style=\"text-align: center;\">Foresters Financial<\/td>\n<td style=\"text-align: center;\">$75,000 para la p\u00f3liza del ni\u00f1o.<\/td>\n<td style=\"text-align: center;\">Menores de 18 a\u00f1os.<\/td>\n<td style=\"text-align: center;\">Var\u00eda seg\u00fan el tipo de seguro principal.<\/td>\n<td style=\"text-align: center;\">Gasto a plazo, Total, Universal.<\/td>\n<\/tr>\n<\/tbody>\n<\/table>\n<p>Recuerda que, en <a href=\"https:\/\/cotizator.com\/us\/\" target=\"_blank\" rel=\"noopener\">Cotizator.com<\/a> te asesoramos para que puedas tomar <strong>mejores decisiones financieras.<\/strong> \u00a1Estamos aqu\u00ed para ayudarte! Visita nuestra web y no te pierdas nuestro contenido exclusivo sobre p\u00f3lizas de salud y mucho m\u00e1s. Te esperamos&#8230;<\/p>\n<h2>Organismos Reguladores<\/h2>\n<p>Si est\u00e1s en la b\u00fasqueda de un Programa de Salud para Ni\u00f1os como Medicaid o CHIP a continuaci\u00f3n, te dejaremos las<strong> v\u00edas de atenci\u00f3n al cliente<\/strong> que est\u00e1n disponibles en los 50 estados.<\/p>\n<p><strong>Solicitud de Beneficio CHIP<\/strong><\/p>\n<ul>\n<li><a href=\"https:\/\/www.insurekidsnow.gov\/coverage\/index.html\" target=\"_blank\" rel=\"noopener\">Busca un programa CHIP por estado.<\/a><\/li>\n<li>Llama al Mercado de Seguros M\u00e9dicos (HealtCare) al 1-800-318-2596 (TTY: 1-855-889-4325 ).<\/li>\n<li>Completa una solicitud a trav\u00e9s del <a href=\"https:\/\/www.healthcare.gov\/create-account\" target=\"_blank\" rel=\"noopener\">HealtCare.gov<\/a>.<\/li>\n<\/ul>\n<p><strong>Aprende sobre uso de Programas Federales de Salud<\/strong><\/p>\n<ul>\n<li>Al igual que Medicaid y CHIP, el <a href=\"https:\/\/www.medicaid.gov\/basic-health-program\/index.html\" target=\"_blank\" rel=\"noopener\">Basic Health Program (BHP)<\/a>\u00a0ofrece una cobertura continua y asequible.\u00a0Es un programa opcional que puede ofrecer tu estado. Est\u00e1 disponible para personas con ingresos que se desplazan por encima y por debajo de los niveles de Medicaid o CHIP.<\/li>\n<li><a href=\"https:\/\/www.healthcare.gov\/medicaid-chip\/using-medicaid-or-chip-coverage\/index.html\" target=\"_blank\" rel=\"noopener\">Aprende a usar tu Cobertura CHIP o Medicaid<\/a> (Gu\u00eda B\u00e1sica).<\/li>\n<\/ul>\n<p><strong>Presentar una queja sobre Medicaid o CHIP<\/strong><\/p>\n<p>Si tienes un problema con los servicios de Medicaid o CHIP, puedse presentar una queja. Estos programas son administrados por cada estado en lugar del gobierno federal.<\/p>\n<p>Comun\u00edcate con el <a href=\"https:\/\/www.medicaid.gov\/about-us\/contact-us\/contact-your-state-questions\/index.html\" target=\"_blank\" rel=\"noopener\">Programa Medicaid de tu estado<\/a> para informar el problema.<\/p>\n<h2>Preguntas Frecuentes<\/h2>\n<h3>\u00bfDeber\u00eda comprar un seguro de vida para mis hijos?<\/h3>\n<p>Como inversi\u00f3n financiera, el seguro de vida para ni\u00f1os no siempre es una opci\u00f3n necesaria. Esto se debe a que las tasas de mortalidad infantil son muy bajas y las p\u00f3lizas de vida completa que se ofrecen suelen tener una baja tasa de rendimiento.<\/p>\n<p>Si la tranquilidad es importante para ti, entonces es indispensable comprar una p\u00f3liza de salud para tus hijos. Recuerda que, el seguro de vida para ni\u00f1os es f\u00e1cil de obtener, con pocas preguntas y sin necesidad de un examen f\u00edsico.<\/p>\n<h3>\u00bfPuedo obtener un seguro solo para mi hijo?<\/h3>\n<p>Como probablemente ya sabes, se puede comprar un plan de salud exclusivo para tus hijos; y por lo general, se consiguen tanto por ayudas p\u00fablicas como privadas.<\/p>\n<p>Por ejemplo, puedes buscar un plan de salud para ni\u00f1os de bajos recursos a trav\u00e9s de Medicaid. E incluso, si tu familia no califica tendr\u00e1s disponible la opci\u00f3n de salud del Programa CHIP. Aunque, ten en cuenta que las condiciones de admisi\u00f3n y el pago de primas var\u00edan seg\u00fan tu estado.<\/p>\n<h3>\u00bfQu\u00e9 tipo de seguro es el llamado CHIP?<\/h3>\n<p>CHIP es un programa que brinda cobertura m\u00e9dica a bajo costo a ni\u00f1os de familias que ganan \u00abdemasiado dinero\u00bb para calificar en Medicaid; pero no lo suficiente como para comprar un seguro privado. En algunos estados, CHIP cubre a las mujeres embarazadas.<\/p>\n<h3>\u00bfCu\u00e1nto dinero debo pagar por la cobertura de salud CHIP?<\/h3>\n<p>Las tarifas de inscripci\u00f3n de CHIP oscilan entre $0 y $50 al a\u00f1o para todos los ni\u00f1os de la familia. Ahora bien, los copagos se basan en el servicio que CHIP preste a tu familia; y oscilan entre $3 y $25 aproximadamente. Ten en cuenta que, los copagos var\u00edan seg\u00fan los ingresos de cada familia.<\/p>\n<h3>\u00bfQui\u00e9n puede obtener el seguro m\u00e9dico para ni\u00f1os CHIP?<\/h3>\n<p>El principal filtro de la obtenci\u00f3n del CHIP es el monto total de los ingresos familiares. Entonces, los estados tienen diferentes reglas de elegibilidad de ingresos. Sin embargo, pero en la mayor\u00eda de las ciudades, los ni\u00f1os de hasta 19 a\u00f1os con ingresos familiares de hasta $50,000 por a\u00f1o (para una familia de cuatro) pueden calificar para Medicaid o CHIP.<\/p>\n","protected":false},"excerpt":{"rendered":"<p>\u00bfEst\u00e1s en la b\u00fasqueda de un seguro m\u00e9dico para ni\u00f1os? \u00bfTe gustar\u00eda conocer el proceso para obtenerlo en USA? Entonces esta gu\u00eda puede ser de gran utilidad para ti. A continuaci\u00f3n, te contamos sobre los planes p\u00fablicos y privados para la salud de ni\u00f1os y ni\u00f1as que est\u00e1n disponibles en Estados Unidos. Sigue leyendo y no te pierdas ning\u00fan detalle&#8230;<\/p>\n","protected":false},"author":9,"featured_media":0,"parent":0,"menu_order":0,"comment_status":"closed","ping_status":"closed","template":"listado.php","meta":{"footnotes":""},"categories":[13],"tags":[],"yoast_head":"<!-- This site is optimized with the Yoast SEO plugin v22.3 - https:\/\/yoast.com\/wordpress\/plugins\/seo\/ -->\n<title>Seguro M\u00e9dico para Ni\u00f1os en USA [ 2026 ] | Cotizator USA<\/title>\n<meta name=\"description\" content=\"Seguro M\u00e9dico para Ni\u00f1os en USA | Seguro Infantil | Programa CHIP en Estados Unidos 2026 | Medicaid para ni\u00f1os y ni\u00f1as\" \/>\n<meta name=\"robots\" content=\"index, follow, max-snippet:-1, max-image-preview:large, max-video-preview:-1\" \/>\n<link rel=\"canonical\" href=\"https:\/\/cotizator.com\/us\/seguro-medico-para-ninos-en-usa\/\" \/>\n<meta property=\"og:locale\" content=\"es_ES\" \/>\n<meta property=\"og:type\" content=\"article\" \/>\n<meta property=\"og:title\" content=\"Seguro M\u00e9dico para Ni\u00f1os en USA [ 2026 ] | Cotizator USA\" \/>\n<meta property=\"og:description\" content=\"Seguro M\u00e9dico para Ni\u00f1os en USA | Seguro Infantil | Programa CHIP en Estados Unidos 2026 | Medicaid para ni\u00f1os y ni\u00f1as\" \/>\n<meta property=\"og:url\" content=\"https:\/\/cotizator.com\/us\/seguro-medico-para-ninos-en-usa\/\" \/>\n<meta property=\"og:site_name\" content=\"Cotizator USA\" \/>\n<meta property=\"article:publisher\" content=\"https:\/\/www.facebook.com\/cotizator\/\" \/>\n<meta property=\"article:modified_time\" content=\"2023-05-23T19:27:50+00:00\" \/>\n<meta name=\"twitter:card\" content=\"summary_large_image\" \/>\n<meta name=\"twitter:site\" content=\"@cotizator\" \/>\n<meta name=\"twitter:label1\" content=\"Tiempo de lectura\" \/>\n\t<meta name=\"twitter:data1\" content=\"7 minutos\" \/>\n<script type=\"application\/ld+json\" class=\"yoast-schema-graph\">{\"@context\":\"https:\/\/schema.org\",\"@graph\":[{\"@type\":\"WebPage\",\"@id\":\"https:\/\/cotizator.com\/us\/seguro-medico-para-ninos-en-usa\/\",\"url\":\"https:\/\/cotizator.com\/us\/seguro-medico-para-ninos-en-usa\/\",\"name\":\"Seguro M\u00e9dico para Ni\u00f1os en USA [ 2026 ] | Cotizator USA\",\"isPartOf\":{\"@id\":\"https:\/\/cotizator.com\/us\/#website\"},\"datePublished\":\"2021-07-14T10:24:50+00:00\",\"dateModified\":\"2023-05-23T19:27:50+00:00\",\"description\":\"Seguro M\u00e9dico para Ni\u00f1os en USA | Seguro Infantil | Programa CHIP en Estados Unidos 2026 | Medicaid para ni\u00f1os y ni\u00f1as\",\"breadcrumb\":{\"@id\":\"https:\/\/cotizator.com\/us\/seguro-medico-para-ninos-en-usa\/#breadcrumb\"},\"inLanguage\":\"es\",\"potentialAction\":[{\"@type\":\"ReadAction\",\"target\":[\"https:\/\/cotizator.com\/us\/seguro-medico-para-ninos-en-usa\/\"]}]},{\"@type\":\"BreadcrumbList\",\"@id\":\"https:\/\/cotizator.com\/us\/seguro-medico-para-ninos-en-usa\/#breadcrumb\",\"itemListElement\":[{\"@type\":\"ListItem\",\"position\":1,\"name\":\"Home\",\"item\":\"https:\/\/cotizator.com\/us\/\"},{\"@type\":\"ListItem\",\"position\":2,\"name\":\"Seguro M\u00e9dico para Ni\u00f1os en USA\"}]},{\"@type\":\"WebSite\",\"@id\":\"https:\/\/cotizator.com\/us\/#website\",\"url\":\"https:\/\/cotizator.com\/us\/\",\"name\":\"Cotizator USA\",\"description\":\"Cotizador de Seguros en Espa\u00f1ol\",\"potentialAction\":[{\"@type\":\"SearchAction\",\"target\":{\"@type\":\"EntryPoint\",\"urlTemplate\":\"https:\/\/cotizator.com\/us\/?s={search_term_string}\"},\"query-input\":\"required name=search_term_string\"}],\"inLanguage\":\"es\"}]}<\/script>\n<!-- \/ Yoast SEO plugin. -->","yoast_head_json":{"title":"Seguro M\u00e9dico para Ni\u00f1os en USA [ 2026 ] | Cotizator USA","description":"Seguro M\u00e9dico para Ni\u00f1os en USA | Seguro Infantil | Programa CHIP en Estados Unidos 2026 | Medicaid para ni\u00f1os y ni\u00f1as","robots":{"index":"index","follow":"follow","max-snippet":"max-snippet:-1","max-image-preview":"max-image-preview:large","max-video-preview":"max-video-preview:-1"},"canonical":"https:\/\/cotizator.com\/us\/seguro-medico-para-ninos-en-usa\/","og_locale":"es_ES","og_type":"article","og_title":"Seguro M\u00e9dico para Ni\u00f1os en USA [ 2026 ] | Cotizator USA","og_description":"Seguro M\u00e9dico para Ni\u00f1os en USA | Seguro Infantil | Programa CHIP en Estados Unidos 2026 | Medicaid para ni\u00f1os y ni\u00f1as","og_url":"https:\/\/cotizator.com\/us\/seguro-medico-para-ninos-en-usa\/","og_site_name":"Cotizator USA","article_publisher":"https:\/\/www.facebook.com\/cotizator\/","article_modified_time":"2023-05-23T19:27:50+00:00","twitter_card":"summary_large_image","twitter_site":"@cotizator","twitter_misc":{"Tiempo de lectura":"7 minutos"},"schema":{"@context":"https:\/\/schema.org","@graph":[{"@type":"WebPage","@id":"https:\/\/cotizator.com\/us\/seguro-medico-para-ninos-en-usa\/","url":"https:\/\/cotizator.com\/us\/seguro-medico-para-ninos-en-usa\/","name":"Seguro M\u00e9dico para Ni\u00f1os en USA [ 2026 ] | Cotizator USA","isPartOf":{"@id":"https:\/\/cotizator.com\/us\/#website"},"datePublished":"2021-07-14T10:24:50+00:00","dateModified":"2023-05-23T19:27:50+00:00","description":"Seguro M\u00e9dico para Ni\u00f1os en USA | Seguro Infantil | Programa CHIP en Estados Unidos 2026 | Medicaid para ni\u00f1os y ni\u00f1as","breadcrumb":{"@id":"https:\/\/cotizator.com\/us\/seguro-medico-para-ninos-en-usa\/#breadcrumb"},"inLanguage":"es","potentialAction":[{"@type":"ReadAction","target":["https:\/\/cotizator.com\/us\/seguro-medico-para-ninos-en-usa\/"]}]},{"@type":"BreadcrumbList","@id":"https:\/\/cotizator.com\/us\/seguro-medico-para-ninos-en-usa\/#breadcrumb","itemListElement":[{"@type":"ListItem","position":1,"name":"Home","item":"https:\/\/cotizator.com\/us\/"},{"@type":"ListItem","position":2,"name":"Seguro M\u00e9dico para Ni\u00f1os en USA"}]},{"@type":"WebSite","@id":"https:\/\/cotizator.com\/us\/#website","url":"https:\/\/cotizator.com\/us\/","name":"Cotizator USA","description":"Cotizador de Seguros en Espa\u00f1ol","potentialAction":[{"@type":"SearchAction","target":{"@type":"EntryPoint","urlTemplate":"https:\/\/cotizator.com\/us\/?s={search_term_string}"},"query-input":"required name=search_term_string"}],"inLanguage":"es"}]}},"_links":{"self":[{"href":"https:\/\/cotizator.com\/us\/wp-json\/wp\/v2\/pages\/12658"}],"collection":[{"href":"https:\/\/cotizator.com\/us\/wp-json\/wp\/v2\/pages"}],"about":[{"href":"https:\/\/cotizator.com\/us\/wp-json\/wp\/v2\/types\/page"}],"author":[{"embeddable":true,"href":"https:\/\/cotizator.com\/us\/wp-json\/wp\/v2\/users\/9"}],"replies":[{"embeddable":true,"href":"https:\/\/cotizator.com\/us\/wp-json\/wp\/v2\/comments?post=12658"}],"version-history":[{"count":12,"href":"https:\/\/cotizator.com\/us\/wp-json\/wp\/v2\/pages\/12658\/revisions"}],"predecessor-version":[{"id":17162,"href":"https:\/\/cotizator.com\/us\/wp-json\/wp\/v2\/pages\/12658\/revisions\/17162"}],"wp:attachment":[{"href":"https:\/\/cotizator.com\/us\/wp-json\/wp\/v2\/media?parent=12658"}],"wp:term":[{"taxonomy":"category","embeddable":true,"href":"https:\/\/cotizator.com\/us\/wp-json\/wp\/v2\/categories?post=12658"},{"taxonomy":"post_tag","embeddable":true,"href":"https:\/\/cotizator.com\/us\/wp-json\/wp\/v2\/tags?post=12658"}],"curies":[{"name":"wp","href":"https:\/\/api.w.org\/{rel}","templated":true}]}}